{"id":9838,"date":"2025-10-09T00:00:00","date_gmt":"2025-10-08T22:00:00","guid":{"rendered":"https:\/\/yotavis.ch\/product\/bnc-507-2c\/"},"modified":"2026-04-24T13:37:09","modified_gmt":"2026-04-24T11:37:09","slug":"bnc-507-2c","status":"publish","type":"product","link":"https:\/\/yotavis.ch\/de\/produkt\/bnc-507-2c\/","title":{"rendered":"BNC 507 2C"},"content":{"rendered":"<p>Der BNC 507 2C ist ein Stromimpulsgenerator mit 2 Kan\u00e4len. Er wird von BNC hergestellt und ist daf\u00fcr ausgelegt, pr\u00e4zise Stromimpulse \u00fcber seine beiden Ausgangskan\u00e4le zu liefern. Dieses Ger\u00e4t ist f\u00fcr Anwendungen geeignet, die eine kontrollierte Stromimpulserzeugung erfordern. Die Modellnummer BNC 507 2C kennzeichnet diese spezielle Konfiguration innerhalb der BNC-Produktpalette.<\/p>","protected":false},"excerpt":{"rendered":"<p>BNC 507 Stromimpulsgenerator 2 Kan\u00e4le<\/p>","protected":false},"featured_media":10327,"comment_status":"closed","ping_status":"closed","template":"","meta":{"_acf_changed":false,"slim_seo":{"title":"BNC 507 2C - YOTAVIS AG","description":"BNC 507 Stromimpulsgenerator 2 Kan\u00e4le"}},"product_brand":[1202],"product_cat":[513,750],"product_tag":[],"class_list":{"0":"post-9838","1":"product","2":"type-product","3":"status-publish","4":"has-post-thumbnail","6":"product_brand-bnc","7":"product_cat-generator","8":"product_cat-others-generator","10":"first","11":"instock","12":"taxable","13":"shipping-taxable","14":"product-type-simple"},"acf":[],"_links":{"self":[{"href":"https:\/\/yotavis.ch\/de\/wp-json\/wp\/v2\/product\/9838","targetHints":{"allow":["GET"]}}],"collection":[{"href":"https:\/\/yotavis.ch\/de\/wp-json\/wp\/v2\/product"}],"about":[{"href":"https:\/\/yotavis.ch\/de\/wp-json\/wp\/v2\/types\/product"}],"replies":[{"embeddable":true,"href":"https:\/\/yotavis.ch\/de\/wp-json\/wp\/v2\/comments?post=9838"}],"wp:featuredmedia":[{"embeddable":true,"href":"https:\/\/yotavis.ch\/de\/wp-json\/wp\/v2\/media\/10327"}],"wp:attachment":[{"href":"https:\/\/yotavis.ch\/de\/wp-json\/wp\/v2\/media?parent=9838"}],"wp:term":[{"taxonomy":"product_brand","embeddable":true,"href":"https:\/\/yotavis.ch\/de\/wp-json\/wp\/v2\/product_brand?post=9838"},{"taxonomy":"product_cat","embeddable":true,"href":"https:\/\/yotavis.ch\/de\/wp-json\/wp\/v2\/product_cat?post=9838"},{"taxonomy":"product_tag","embeddable":true,"href":"https:\/\/yotavis.ch\/de\/wp-json\/wp\/v2\/product_tag?post=9838"}],"curies":[{"name":"wp","href":"https:\/\/api.w.org\/{rel}","templated":true}]}}