{"id":9840,"date":"2025-10-09T00:00:00","date_gmt":"2025-10-08T22:00:00","guid":{"rendered":"https:\/\/yotavis.ch\/product\/bnc-508-2c\/"},"modified":"2026-04-24T13:37:10","modified_gmt":"2026-04-24T11:37:10","slug":"bnc-508-2c","status":"publish","type":"product","link":"https:\/\/yotavis.ch\/de\/produkt\/bnc-508-2c\/","title":{"rendered":"BNC 508 2C"},"content":{"rendered":"<p>Der Stromimpulsgenerator BNC 508 verf\u00fcgt \u00fcber 2 Kan\u00e4le zur Erzeugung pr\u00e4ziser Stromimpulse. Dieses Ger\u00e4t wird von BNC hergestellt und tr\u00e4gt die Modellnummer BNC 508 2C. Es wurde speziell f\u00fcr die Erzeugung von Stromimpulsen auf zwei separaten Kan\u00e4len entwickelt und erm\u00f6glicht den gleichzeitigen Betrieb. Das Produkt ist bekannt f\u00fcr seine F\u00e4higkeit, kontrollierte Stromimpulse zu liefern, die in verschiedenen Pr\u00fcf- und Messanwendungen unerl\u00e4sslich sind. Das Design konzentriert sich auf eine zuverl\u00e4ssige Leistung bei der Stromimpulserzeugung ohne zus\u00e4tzliche Spezifikationen f\u00fcr Leistung, Spannung oder Frequenzparameter. Dieses Modell eignet sich f\u00fcr Anwender, die einen zweikanaligen Stromimpulsgenerator der Marke BNC ben\u00f6tigen.<\/p>","protected":false},"excerpt":{"rendered":"<p>BNC 508 Stromimpulsgeber 2 Kan\u00e4le<\/p>","protected":false},"featured_media":10328,"comment_status":"closed","ping_status":"closed","template":"","meta":{"_acf_changed":false,"slim_seo":{"title":"BNC 508 2C - YOTAVIS AG","description":"BNC 508 Stromimpulsgeber 2 Kan\u00e4le"}},"product_brand":[1202],"product_cat":[513,750],"product_tag":[],"class_list":{"0":"post-9840","1":"product","2":"type-product","3":"status-publish","4":"has-post-thumbnail","6":"product_brand-bnc","7":"product_cat-generator","8":"product_cat-others-generator","10":"first","11":"instock","12":"taxable","13":"shipping-taxable","14":"product-type-simple"},"acf":[],"_links":{"self":[{"href":"https:\/\/yotavis.ch\/de\/wp-json\/wp\/v2\/product\/9840","targetHints":{"allow":["GET"]}}],"collection":[{"href":"https:\/\/yotavis.ch\/de\/wp-json\/wp\/v2\/product"}],"about":[{"href":"https:\/\/yotavis.ch\/de\/wp-json\/wp\/v2\/types\/product"}],"replies":[{"embeddable":true,"href":"https:\/\/yotavis.ch\/de\/wp-json\/wp\/v2\/comments?post=9840"}],"wp:featuredmedia":[{"embeddable":true,"href":"https:\/\/yotavis.ch\/de\/wp-json\/wp\/v2\/media\/10328"}],"wp:attachment":[{"href":"https:\/\/yotavis.ch\/de\/wp-json\/wp\/v2\/media?parent=9840"}],"wp:term":[{"taxonomy":"product_brand","embeddable":true,"href":"https:\/\/yotavis.ch\/de\/wp-json\/wp\/v2\/product_brand?post=9840"},{"taxonomy":"product_cat","embeddable":true,"href":"https:\/\/yotavis.ch\/de\/wp-json\/wp\/v2\/product_cat?post=9840"},{"taxonomy":"product_tag","embeddable":true,"href":"https:\/\/yotavis.ch\/de\/wp-json\/wp\/v2\/product_tag?post=9840"}],"curies":[{"name":"wp","href":"https:\/\/api.w.org\/{rel}","templated":true}]}}