{"id":9841,"date":"2025-10-09T00:00:00","date_gmt":"2025-10-08T22:00:00","guid":{"rendered":"https:\/\/yotavis.ch\/product\/bnc-508-4c\/"},"modified":"2026-04-24T13:37:10","modified_gmt":"2026-04-24T11:37:10","slug":"bnc-508-4c","status":"publish","type":"product","link":"https:\/\/yotavis.ch\/de\/produkt\/bnc-508-4c\/","title":{"rendered":"BNC 508 4C"},"content":{"rendered":"<p>Der BNC 508 4C ist ein Stromimpulsgeber mit 4 Kan\u00e4len. Er wird von der Marke BNC entwickelt und hergestellt. Das Ger\u00e4t tr\u00e4gt die Modellnummer BNC 508 und ist speziell f\u00fcr die gleichzeitige Erzeugung von Stromimpulsen \u00fcber mehrere Kan\u00e4le ausgelegt. Das Produkt zeichnet sich durch seine F\u00e4higkeit aus, vier separate Ausg\u00e4nge zu verwalten, was vielseitige Anwendungen in verschiedenen Test- und Messszenarien erm\u00f6glicht. Die Kurzbeschreibung hebt seine prim\u00e4re Funktion als Stromimpulsgenerator mit vier Kan\u00e4len hervor und unterstreicht damit seine mehrkanalige Ausgangskapazit\u00e4t. Der BNC 508 4C eignet sich f\u00fcr Anwender, die bei ihrer Arbeit oder ihren Projekten pr\u00e4zise Stromimpulse \u00fcber mehrere Kan\u00e4le erzeugen m\u00fcssen.<\/p>","protected":false},"excerpt":{"rendered":"<p>BNC 508 Stromimpulsgeber 4 Kan\u00e4le<\/p>","protected":false},"featured_media":10328,"comment_status":"closed","ping_status":"closed","template":"","meta":{"_acf_changed":false,"slim_seo":{"title":"BNC 508 4C - YOTAVIS AG","description":"BNC 508 Stromimpulsgeber 4 Kan\u00e4le"}},"product_brand":[1202],"product_cat":[513,750],"product_tag":[],"class_list":{"0":"post-9841","1":"product","2":"type-product","3":"status-publish","4":"has-post-thumbnail","6":"product_brand-bnc","7":"product_cat-generator","8":"product_cat-others-generator","10":"first","11":"instock","12":"taxable","13":"shipping-taxable","14":"product-type-simple"},"acf":[],"_links":{"self":[{"href":"https:\/\/yotavis.ch\/de\/wp-json\/wp\/v2\/product\/9841","targetHints":{"allow":["GET"]}}],"collection":[{"href":"https:\/\/yotavis.ch\/de\/wp-json\/wp\/v2\/product"}],"about":[{"href":"https:\/\/yotavis.ch\/de\/wp-json\/wp\/v2\/types\/product"}],"replies":[{"embeddable":true,"href":"https:\/\/yotavis.ch\/de\/wp-json\/wp\/v2\/comments?post=9841"}],"wp:featuredmedia":[{"embeddable":true,"href":"https:\/\/yotavis.ch\/de\/wp-json\/wp\/v2\/media\/10328"}],"wp:attachment":[{"href":"https:\/\/yotavis.ch\/de\/wp-json\/wp\/v2\/media?parent=9841"}],"wp:term":[{"taxonomy":"product_brand","embeddable":true,"href":"https:\/\/yotavis.ch\/de\/wp-json\/wp\/v2\/product_brand?post=9841"},{"taxonomy":"product_cat","embeddable":true,"href":"https:\/\/yotavis.ch\/de\/wp-json\/wp\/v2\/product_cat?post=9841"},{"taxonomy":"product_tag","embeddable":true,"href":"https:\/\/yotavis.ch\/de\/wp-json\/wp\/v2\/product_tag?post=9841"}],"curies":[{"name":"wp","href":"https:\/\/api.w.org\/{rel}","templated":true}]}}