{"id":9842,"date":"2025-10-09T00:00:00","date_gmt":"2025-10-08T22:00:00","guid":{"rendered":"https:\/\/yotavis.ch\/product\/bnc-pcx-7401\/"},"modified":"2026-04-24T13:37:11","modified_gmt":"2026-04-24T11:37:11","slug":"bnc-pcx-7401","status":"publish","type":"product","link":"https:\/\/yotavis.ch\/de\/produkt\/bnc-pcx-7401\/","title":{"rendered":"BNC PCX-7401"},"content":{"rendered":"<p>Der BNC PCX-7401 ist ein von BNC entwickelter Stromimpulsgenerator. Er tr\u00e4gt die Modellnummer PCX-7401 und hat die spezifische Funktion, Stromimpulse zu erzeugen. Dieses Ger\u00e4t ist Teil der Produktpalette von BNC, die sich auf die Impulserzeugungstechnologie konzentriert. Das Produkt wird explizit als Stromimpulsgenerator bezeichnet, was auf seine prim\u00e4re Anwendung bei der Erzeugung von kontrollierten Stromimpulsen f\u00fcr verschiedene Anwendungen hinweist. F\u00fcr dieses Modell werden keine zus\u00e4tzlichen Spezifikationen wie Leistung, Spannung, Strom, Frequenz oder andere technische Parameter angegeben. Die Beschreibung beschr\u00e4nkt sich auf den Produktnamen und die Marke, um die Rolle als Stromimpulsgenerator innerhalb der BNC-Ger\u00e4tepalette hervorzuheben.<\/p>","protected":false},"excerpt":{"rendered":"<p>BNC PCX-7401 Stromimpulsgenerator<\/p>","protected":false},"featured_media":10334,"comment_status":"closed","ping_status":"closed","template":"","meta":{"_acf_changed":false,"slim_seo":{"title":"BNC PCX-7401 - YOTAVIS AG","description":"BNC PCX-7401 Stromimpulsgenerator"}},"product_brand":[1202],"product_cat":[513,750],"product_tag":[],"class_list":{"0":"post-9842","1":"product","2":"type-product","3":"status-publish","4":"has-post-thumbnail","6":"product_brand-bnc","7":"product_cat-generator","8":"product_cat-others-generator","10":"first","11":"instock","12":"taxable","13":"shipping-taxable","14":"product-type-simple"},"acf":[],"_links":{"self":[{"href":"https:\/\/yotavis.ch\/de\/wp-json\/wp\/v2\/product\/9842","targetHints":{"allow":["GET"]}}],"collection":[{"href":"https:\/\/yotavis.ch\/de\/wp-json\/wp\/v2\/product"}],"about":[{"href":"https:\/\/yotavis.ch\/de\/wp-json\/wp\/v2\/types\/product"}],"replies":[{"embeddable":true,"href":"https:\/\/yotavis.ch\/de\/wp-json\/wp\/v2\/comments?post=9842"}],"wp:featuredmedia":[{"embeddable":true,"href":"https:\/\/yotavis.ch\/de\/wp-json\/wp\/v2\/media\/10334"}],"wp:attachment":[{"href":"https:\/\/yotavis.ch\/de\/wp-json\/wp\/v2\/media?parent=9842"}],"wp:term":[{"taxonomy":"product_brand","embeddable":true,"href":"https:\/\/yotavis.ch\/de\/wp-json\/wp\/v2\/product_brand?post=9842"},{"taxonomy":"product_cat","embeddable":true,"href":"https:\/\/yotavis.ch\/de\/wp-json\/wp\/v2\/product_cat?post=9842"},{"taxonomy":"product_tag","embeddable":true,"href":"https:\/\/yotavis.ch\/de\/wp-json\/wp\/v2\/product_tag?post=9842"}],"curies":[{"name":"wp","href":"https:\/\/api.w.org\/{rel}","templated":true}]}}