{"id":9844,"date":"2025-10-09T00:00:00","date_gmt":"2025-10-08T22:00:00","guid":{"rendered":"https:\/\/yotavis.ch\/product\/bnc-pcx-7500-ex\/"},"modified":"2026-04-24T13:37:12","modified_gmt":"2026-04-24T11:37:12","slug":"bnc-pcx-7500-ex","status":"publish","type":"product","link":"https:\/\/yotavis.ch\/de\/produkt\/bnc-pcx-7500-ex\/","title":{"rendered":"BNC PCX-7500-EX"},"content":{"rendered":"<p>Der BNC PCX-7500-EX ist ein von BNC entwickelter Stromimpulsgenerator. Dieses Ger\u00e4t wird mit dem Modellnamen PCX-7500-EX bezeichnet und ist f\u00fcr Anwendungen vorgesehen, die eine pr\u00e4zise Stromimpulserzeugung erfordern. Das Produkt enth\u00e4lt keine spezifischen technischen Spezifikationen wie Leistung, Spannung, Strom, Ausgangszahl oder Frequenzparameter. Es fehlen auch Angaben zu Merkmalen wie Fernsteuerung, Kan\u00e4le, Bandbreite, Abtastrate, Speichertiefe, vertikale Aufl\u00f6sung, digitale Kan\u00e4le oder Touchscreen-Funktionen. Informationen zu Amplitude, Wobbelung, Burst, \u00dcbergangszeit, Impulsbreite, Phasenrauschen, IQ-Bandbreite, Ziffern, maximalen Spannungs- und Stromwerten, Widerstand, True RMS, Abtastgeschwindigkeit, Grundgenauigkeit, Anschl\u00fcssen, Handheld-Design, Analysebandbreite, DANL, RTSA, Protokoll, Schnittstelle, HF-Sensoren, Anschl\u00fcssen, Wellenl\u00e4ngenbereich, Geschwindigkeit, Maximalpegel, IOLM, Dynamikbereich oder Modularit\u00e4t sind nicht enthalten. Die Beschreibung konzentriert sich ausschlie\u00dflich auf die Identifizierung des Produkts als Stromimpulsgenerator unter der Marke BNC ohne zus\u00e4tzliche technische oder funktionale Details.<\/p>","protected":false},"excerpt":{"rendered":"<p>BNC PCX-7500-EX Stromimpulsgenerator<\/p>","protected":false},"featured_media":10341,"comment_status":"closed","ping_status":"closed","template":"","meta":{"_acf_changed":false,"slim_seo":{"title":"BNC PCX-7500-EX - YOTAVIS AG","description":"BNC PCX-7500-EX Stromimpulsgenerator"}},"product_brand":[1202],"product_cat":[513,750],"product_tag":[],"class_list":{"0":"post-9844","1":"product","2":"type-product","3":"status-publish","4":"has-post-thumbnail","6":"product_brand-bnc","7":"product_cat-generator","8":"product_cat-others-generator","10":"first","11":"instock","12":"taxable","13":"shipping-taxable","14":"product-type-simple"},"acf":[],"_links":{"self":[{"href":"https:\/\/yotavis.ch\/de\/wp-json\/wp\/v2\/product\/9844","targetHints":{"allow":["GET"]}}],"collection":[{"href":"https:\/\/yotavis.ch\/de\/wp-json\/wp\/v2\/product"}],"about":[{"href":"https:\/\/yotavis.ch\/de\/wp-json\/wp\/v2\/types\/product"}],"replies":[{"embeddable":true,"href":"https:\/\/yotavis.ch\/de\/wp-json\/wp\/v2\/comments?post=9844"}],"wp:featuredmedia":[{"embeddable":true,"href":"https:\/\/yotavis.ch\/de\/wp-json\/wp\/v2\/media\/10341"}],"wp:attachment":[{"href":"https:\/\/yotavis.ch\/de\/wp-json\/wp\/v2\/media?parent=9844"}],"wp:term":[{"taxonomy":"product_brand","embeddable":true,"href":"https:\/\/yotavis.ch\/de\/wp-json\/wp\/v2\/product_brand?post=9844"},{"taxonomy":"product_cat","embeddable":true,"href":"https:\/\/yotavis.ch\/de\/wp-json\/wp\/v2\/product_cat?post=9844"},{"taxonomy":"product_tag","embeddable":true,"href":"https:\/\/yotavis.ch\/de\/wp-json\/wp\/v2\/product_tag?post=9844"}],"curies":[{"name":"wp","href":"https:\/\/api.w.org\/{rel}","templated":true}]}}