{"id":9845,"date":"2025-10-09T00:00:00","date_gmt":"2025-10-08T22:00:00","guid":{"rendered":"https:\/\/yotavis.ch\/product\/bnc-pco-6131-oem\/"},"modified":"2026-04-24T13:37:12","modified_gmt":"2026-04-24T11:37:12","slug":"bnc-pco-6131-oem","status":"publish","type":"product","link":"https:\/\/yotavis.ch\/de\/produkt\/bnc-pco-6131-oem\/","title":{"rendered":"BNC PCO-6131 OEM"},"content":{"rendered":"<p>Der BNC PCO-6131 OEM ist ein Stromimpulsgenerator, der von BNC hergestellt wird. Dieses Ger\u00e4t wurde entwickelt, um pr\u00e4zise Stromimpulse f\u00fcr verschiedene Anwendungen zu erzeugen. Als OEM-Produkt ist es f\u00fcr die Integration in andere Systeme oder Ger\u00e4te vorgesehen. Die Modellbezeichnung PCO-6131 kennzeichnet diesen speziellen Generator innerhalb der Produktpalette von BNC. Die Kurzbeschreibung hebt seine prim\u00e4re Funktion als Stromimpulsgenerator hervor und weist auf seine Rolle bei der Erzeugung von kontrollierten elektrischen Impulsen hin. F\u00fcr dieses Modell werden keine zus\u00e4tzlichen Spezifikationen wie Leistung, Spannung, Stromst\u00e4rke, Frequenz oder Kan\u00e4le angegeben. Das Produkt wird lediglich durch seine Marke und Funktion identifiziert, ohne dass weitere technische Details oder Merkmale aufgef\u00fchrt werden.<\/p>","protected":false},"excerpt":{"rendered":"<p>BNC PCO-6131 OEM-Stromimpulsgenerator<\/p>","protected":false},"featured_media":10343,"comment_status":"closed","ping_status":"closed","template":"","meta":{"_acf_changed":false,"slim_seo":{"title":"BNC PCO-6131 OEM - YOTAVIS AG","description":"BNC PCO-6131 OEM-Stromimpulsgenerator"}},"product_brand":[1202],"product_cat":[513,750],"product_tag":[],"class_list":{"0":"post-9845","1":"product","2":"type-product","3":"status-publish","4":"has-post-thumbnail","6":"product_brand-bnc","7":"product_cat-generator","8":"product_cat-others-generator","10":"first","11":"instock","12":"taxable","13":"shipping-taxable","14":"product-type-simple"},"acf":[],"_links":{"self":[{"href":"https:\/\/yotavis.ch\/de\/wp-json\/wp\/v2\/product\/9845","targetHints":{"allow":["GET"]}}],"collection":[{"href":"https:\/\/yotavis.ch\/de\/wp-json\/wp\/v2\/product"}],"about":[{"href":"https:\/\/yotavis.ch\/de\/wp-json\/wp\/v2\/types\/product"}],"replies":[{"embeddable":true,"href":"https:\/\/yotavis.ch\/de\/wp-json\/wp\/v2\/comments?post=9845"}],"wp:featuredmedia":[{"embeddable":true,"href":"https:\/\/yotavis.ch\/de\/wp-json\/wp\/v2\/media\/10343"}],"wp:attachment":[{"href":"https:\/\/yotavis.ch\/de\/wp-json\/wp\/v2\/media?parent=9845"}],"wp:term":[{"taxonomy":"product_brand","embeddable":true,"href":"https:\/\/yotavis.ch\/de\/wp-json\/wp\/v2\/product_brand?post=9845"},{"taxonomy":"product_cat","embeddable":true,"href":"https:\/\/yotavis.ch\/de\/wp-json\/wp\/v2\/product_cat?post=9845"},{"taxonomy":"product_tag","embeddable":true,"href":"https:\/\/yotavis.ch\/de\/wp-json\/wp\/v2\/product_tag?post=9845"}],"curies":[{"name":"wp","href":"https:\/\/api.w.org\/{rel}","templated":true}]}}