{"id":9846,"date":"2025-10-09T00:00:00","date_gmt":"2025-10-08T22:00:00","guid":{"rendered":"https:\/\/yotavis.ch\/product\/bnc-rfs-1220\/"},"modified":"2026-04-24T13:37:12","modified_gmt":"2026-04-24T11:37:12","slug":"bnc-rfs-1220","status":"publish","type":"product","link":"https:\/\/yotavis.ch\/de\/produkt\/bnc-rfs-1220\/","title":{"rendered":"BNC RFS-1220"},"content":{"rendered":"<p>Der BNC RFS-1220 ist ein 20-GHz-HF-Signalgenerator, der f\u00fcr den Betrieb mit einer maximalen Frequenz von 20.000 MHz ausgelegt ist. Er liefert einen Amplitudenausgang von 15 dBm und ist damit f\u00fcr verschiedene Hochfrequenzanwendungen geeignet. Das Ger\u00e4t weist einen Phasenrauschpegel von -124 dBc\/Hz auf, was ein kritischer Parameter f\u00fcr die Bewertung der Signalreinheit und -stabilit\u00e4t ist. Dieser Signalgenerator wird von BNC hergestellt, einer Marke, die f\u00fcr ihre elektronischen Testger\u00e4te bekannt ist. Das Produkt enth\u00e4lt keine Angaben zu Leistung, Spannung, Stromst\u00e4rke oder anderen elektrischen Eigenschaften, sondern konzentriert sich auf seine Frequenz- und Amplitudenf\u00e4higkeiten. Es enth\u00e4lt keine Informationen \u00fcber Kan\u00e4le, Bandbreite, Abtastrate, Speichertiefe oder digitale Funktionen. Der BNC RFS-1220 ist auf Anwender zugeschnitten, die eine pr\u00e4zise HF-Signalerzeugung bis zu 20 GHz mit einer definierten Amplitude und einem geringen Phasenrauschen ben\u00f6tigen.<\/p>","protected":false},"excerpt":{"rendered":"<p>BNC RFS-1220 20 GHz RF-Signalgenerator<\/p>","protected":false},"featured_media":10347,"comment_status":"closed","ping_status":"closed","template":"","meta":{"_acf_changed":false,"slim_seo":{"title":"BNC RFS-1220 - YOTAVIS AG","description":"BNC RFS-1220 20 GHz RF-Signalgenerator"}},"product_brand":[1202],"product_cat":[513,521],"product_tag":[],"class_list":{"0":"post-9846","1":"product","2":"type-product","3":"status-publish","4":"has-post-thumbnail","6":"product_brand-bnc","7":"product_cat-generator","8":"product_cat-rf-generator","9":"pa_amplitude-dbm-751","10":"pa_channels-384","11":"pa_frequency-mhz-272","13":"first","14":"instock","15":"taxable","16":"shipping-taxable","17":"product-type-simple"},"acf":[],"_links":{"self":[{"href":"https:\/\/yotavis.ch\/de\/wp-json\/wp\/v2\/product\/9846","targetHints":{"allow":["GET"]}}],"collection":[{"href":"https:\/\/yotavis.ch\/de\/wp-json\/wp\/v2\/product"}],"about":[{"href":"https:\/\/yotavis.ch\/de\/wp-json\/wp\/v2\/types\/product"}],"replies":[{"embeddable":true,"href":"https:\/\/yotavis.ch\/de\/wp-json\/wp\/v2\/comments?post=9846"}],"wp:featuredmedia":[{"embeddable":true,"href":"https:\/\/yotavis.ch\/de\/wp-json\/wp\/v2\/media\/10347"}],"wp:attachment":[{"href":"https:\/\/yotavis.ch\/de\/wp-json\/wp\/v2\/media?parent=9846"}],"wp:term":[{"taxonomy":"product_brand","embeddable":true,"href":"https:\/\/yotavis.ch\/de\/wp-json\/wp\/v2\/product_brand?post=9846"},{"taxonomy":"product_cat","embeddable":true,"href":"https:\/\/yotavis.ch\/de\/wp-json\/wp\/v2\/product_cat?post=9846"},{"taxonomy":"product_tag","embeddable":true,"href":"https:\/\/yotavis.ch\/de\/wp-json\/wp\/v2\/product_tag?post=9846"}],"curies":[{"name":"wp","href":"https:\/\/api.w.org\/{rel}","templated":true}]}}