{"id":9847,"date":"2025-10-09T00:00:00","date_gmt":"2025-10-08T22:00:00","guid":{"rendered":"https:\/\/yotavis.ch\/product\/bnc-rfs-1420\/"},"modified":"2026-04-24T13:37:19","modified_gmt":"2026-04-24T11:37:19","slug":"bnc-rfs-1420","status":"publish","type":"product","link":"https:\/\/yotavis.ch\/de\/produkt\/bnc-rfs-1420\/","title":{"rendered":"BNC RFS-1420"},"content":{"rendered":"<p>Der BNC RFS-1420 ist ein HF-Signalgenerator, der bei einer Frequenz von 42 GHz und einer maximalen Frequenz von 40.000 MHz arbeiten kann. Er liefert einen Amplitudenausgang von 15 dBm und ist damit f\u00fcr verschiedene Hochfrequenzanwendungen geeignet. Das Ger\u00e4t weist ein Phasenrauschen von -124 dBc\/Hz auf, was auf seine Leistung bei der Aufrechterhaltung der Signalreinheit hinweist. Dieser Signalgenerator wurde von der Marke BNC entwickelt, die f\u00fcr ihre elektronischen Testger\u00e4te bekannt ist. Die Kombination aus Hochfrequenzf\u00e4higkeit und Amplitudenausgang erm\u00f6glicht den Einsatz in Test- und Entwicklungsumgebungen, in denen pr\u00e4zise HF-Signale erforderlich sind. Der BNC RFS-1420 bietet eine zuverl\u00e4ssige Signalerzeugung innerhalb seiner spezifizierten Frequenz- und Amplitudenbereiche.<\/p>","protected":false},"excerpt":{"rendered":"<p>BNC RFS-1420 42 GHz RF-Signalgenerator<\/p>","protected":false},"featured_media":10347,"comment_status":"closed","ping_status":"closed","template":"","meta":{"_acf_changed":false,"slim_seo":{"title":"BNC RFS-1420 - YOTAVIS AG","description":"BNC RFS-1420 42 GHz RF-Signalgenerator"}},"product_brand":[1202],"product_cat":[513,521],"product_tag":[],"class_list":{"0":"post-9847","1":"product","2":"type-product","3":"status-publish","4":"has-post-thumbnail","6":"product_brand-bnc","7":"product_cat-generator","8":"product_cat-rf-generator","9":"pa_amplitude-dbm-751","10":"pa_channels-384","11":"pa_frequency-mhz-274","13":"first","14":"instock","15":"taxable","16":"shipping-taxable","17":"product-type-simple"},"acf":[],"_links":{"self":[{"href":"https:\/\/yotavis.ch\/de\/wp-json\/wp\/v2\/product\/9847","targetHints":{"allow":["GET"]}}],"collection":[{"href":"https:\/\/yotavis.ch\/de\/wp-json\/wp\/v2\/product"}],"about":[{"href":"https:\/\/yotavis.ch\/de\/wp-json\/wp\/v2\/types\/product"}],"replies":[{"embeddable":true,"href":"https:\/\/yotavis.ch\/de\/wp-json\/wp\/v2\/comments?post=9847"}],"wp:featuredmedia":[{"embeddable":true,"href":"https:\/\/yotavis.ch\/de\/wp-json\/wp\/v2\/media\/10347"}],"wp:attachment":[{"href":"https:\/\/yotavis.ch\/de\/wp-json\/wp\/v2\/media?parent=9847"}],"wp:term":[{"taxonomy":"product_brand","embeddable":true,"href":"https:\/\/yotavis.ch\/de\/wp-json\/wp\/v2\/product_brand?post=9847"},{"taxonomy":"product_cat","embeddable":true,"href":"https:\/\/yotavis.ch\/de\/wp-json\/wp\/v2\/product_cat?post=9847"},{"taxonomy":"product_tag","embeddable":true,"href":"https:\/\/yotavis.ch\/de\/wp-json\/wp\/v2\/product_tag?post=9847"}],"curies":[{"name":"wp","href":"https:\/\/api.w.org\/{rel}","templated":true}]}}