{"id":9848,"date":"2025-10-09T00:00:00","date_gmt":"2025-10-08T22:00:00","guid":{"rendered":"https:\/\/yotavis.ch\/product\/bnc-rfs-4080\/"},"modified":"2026-04-24T13:37:20","modified_gmt":"2026-04-24T11:37:20","slug":"bnc-rfs-4080","status":"publish","type":"product","link":"https:\/\/yotavis.ch\/de\/produkt\/bnc-rfs-4080\/","title":{"rendered":"BNC RFS-4080"},"content":{"rendered":"<p>Der BNC RFS-4080 ist ein HF-Signalgenerator, der mit einer maximalen Frequenz von 8 GHz arbeiten kann. Er liefert einen Amplitudenausgang von 27 dBm und ist damit f\u00fcr verschiedene Hochfrequenzanwendungen geeignet. Das Ger\u00e4t weist einen Phasenrauschpegel von -134 dBc\/Hz auf, was ein kritischer Parameter f\u00fcr die Bewertung der Signalreinheit und -stabilit\u00e4t ist. Dieser Signalgenerator ist f\u00fcr eine pr\u00e4zise Frequenzerzeugung bis zu 8000 MHz ausgelegt, was die Kompatibilit\u00e4t mit einer Vielzahl von Test- und Messszenarien gew\u00e4hrleistet. Die Kombination aus Frequenzbereich und Amplitudenausgang erm\u00f6glicht einen vielseitigen Einsatz in HF-Signaltestumgebungen. Der BNC RFS-4080 wurde entwickelt, um die Anforderungen von Anwendungen zu erf\u00fcllen, die eine stabile und genaue Signalerzeugung bei Mikrowellenfrequenzen erfordern.<\/p>","protected":false},"excerpt":{"rendered":"<p>BNC RFS-4080 8 GHz RF-Signalgenerator<\/p>","protected":false},"featured_media":10353,"comment_status":"closed","ping_status":"closed","template":"","meta":{"_acf_changed":false,"slim_seo":{"title":"BNC RFS-4080 - YOTAVIS AG","description":"BNC RFS-4080 8 GHz RF-Signalgenerator"}},"product_brand":[1202],"product_cat":[513,521],"product_tag":[],"class_list":{"0":"post-9848","1":"product","2":"type-product","3":"status-publish","4":"has-post-thumbnail","6":"product_brand-bnc","7":"product_cat-generator","8":"product_cat-rf-generator","9":"pa_amplitude-dbm-752","10":"pa_channels-384","11":"pa_frequency-mhz-275","13":"first","14":"instock","15":"taxable","16":"shipping-taxable","17":"product-type-simple"},"acf":[],"_links":{"self":[{"href":"https:\/\/yotavis.ch\/de\/wp-json\/wp\/v2\/product\/9848","targetHints":{"allow":["GET"]}}],"collection":[{"href":"https:\/\/yotavis.ch\/de\/wp-json\/wp\/v2\/product"}],"about":[{"href":"https:\/\/yotavis.ch\/de\/wp-json\/wp\/v2\/types\/product"}],"replies":[{"embeddable":true,"href":"https:\/\/yotavis.ch\/de\/wp-json\/wp\/v2\/comments?post=9848"}],"wp:featuredmedia":[{"embeddable":true,"href":"https:\/\/yotavis.ch\/de\/wp-json\/wp\/v2\/media\/10353"}],"wp:attachment":[{"href":"https:\/\/yotavis.ch\/de\/wp-json\/wp\/v2\/media?parent=9848"}],"wp:term":[{"taxonomy":"product_brand","embeddable":true,"href":"https:\/\/yotavis.ch\/de\/wp-json\/wp\/v2\/product_brand?post=9848"},{"taxonomy":"product_cat","embeddable":true,"href":"https:\/\/yotavis.ch\/de\/wp-json\/wp\/v2\/product_cat?post=9848"},{"taxonomy":"product_tag","embeddable":true,"href":"https:\/\/yotavis.ch\/de\/wp-json\/wp\/v2\/product_tag?post=9848"}],"curies":[{"name":"wp","href":"https:\/\/api.w.org\/{rel}","templated":true}]}}