{"id":9851,"date":"2025-10-09T00:00:00","date_gmt":"2025-10-08T22:00:00","guid":{"rendered":"https:\/\/yotavis.ch\/product\/mg3710e-032\/"},"modified":"2026-03-02T16:44:00","modified_gmt":"2026-03-02T15:44:00","slug":"mg3710e-032","status":"publish","type":"product","link":"https:\/\/yotavis.ch\/de\/produkt\/mg3710e-032\/","title":{"rendered":"MG3710E-032"},"content":{"rendered":"<p>Der Anritsu MG3710E-032 ist ein hochleistungsf\u00e4higer HF-Vektorgenerator f\u00fcr die pr\u00e4zise Signalerzeugung bei einer Frequenz von 2700 MHz. Mit einem einkanaligen Ausgang mit einer Amplitude von 30 dBm und einem beeindruckenden Phasenrauschen von -131 dBc\/Hz ist dieser Generator ideal f\u00fcr fortschrittliche Tests und Entwicklungen in der Telekommunikation und bei HF-Anwendungen. Seine IQ-Bandbreite von 120 MHz gew\u00e4hrleistet eine genaue Modulation und Signalintegrit\u00e4t, wodurch er sich f\u00fcr Forschungslabors und Produktionsumgebungen eignet, die zuverl\u00e4ssige und stabile HF-Signale ben\u00f6tigen. Der MG3710E-032 ist \u00fcber den Webshop erh\u00e4ltlich und unterst\u00fctzt Fachleute, die eine robuste L\u00f6sung f\u00fcr die Erzeugung von Vektorsignalen in komplexen Testszenarien suchen.<\/p>","protected":false},"excerpt":{"rendered":"<p>Vektor-Signalgenerator 100kHz bis 2,7GHz<\/p>","protected":false},"featured_media":10162,"comment_status":"closed","ping_status":"closed","template":"","meta":{"_acf_changed":false,"slim_seo":{"title":"MG3710E-032 - YOTAVIS AG","description":"Vektor-Signalgenerator 100kHz bis 2,7GHz"}},"product_brand":[758],"product_cat":[513,522],"product_tag":[],"class_list":{"0":"post-9851","1":"product","2":"type-product","3":"status-publish","4":"has-post-thumbnail","6":"product_brand-anritsu","7":"product_cat-generator","8":"product_cat-rf-vector-generator","9":"pa_amplitude-dbm-276","10":"pa_channels-384","11":"pa_frequency-mhz-756","12":"pa_iq-bandwidth-mhz-757","14":"first","15":"instock","16":"taxable","17":"shipping-taxable","18":"product-type-simple"},"acf":[],"_links":{"self":[{"href":"https:\/\/yotavis.ch\/de\/wp-json\/wp\/v2\/product\/9851","targetHints":{"allow":["GET"]}}],"collection":[{"href":"https:\/\/yotavis.ch\/de\/wp-json\/wp\/v2\/product"}],"about":[{"href":"https:\/\/yotavis.ch\/de\/wp-json\/wp\/v2\/types\/product"}],"replies":[{"embeddable":true,"href":"https:\/\/yotavis.ch\/de\/wp-json\/wp\/v2\/comments?post=9851"}],"wp:featuredmedia":[{"embeddable":true,"href":"https:\/\/yotavis.ch\/de\/wp-json\/wp\/v2\/media\/10162"}],"wp:attachment":[{"href":"https:\/\/yotavis.ch\/de\/wp-json\/wp\/v2\/media?parent=9851"}],"wp:term":[{"taxonomy":"product_brand","embeddable":true,"href":"https:\/\/yotavis.ch\/de\/wp-json\/wp\/v2\/product_brand?post=9851"},{"taxonomy":"product_cat","embeddable":true,"href":"https:\/\/yotavis.ch\/de\/wp-json\/wp\/v2\/product_cat?post=9851"},{"taxonomy":"product_tag","embeddable":true,"href":"https:\/\/yotavis.ch\/de\/wp-json\/wp\/v2\/product_tag?post=9851"}],"curies":[{"name":"wp","href":"https:\/\/api.w.org\/{rel}","templated":true}]}}