{"id":9852,"date":"2025-10-09T00:00:00","date_gmt":"2025-10-08T22:00:00","guid":{"rendered":"https:\/\/yotavis.ch\/product\/mg3710e-034\/"},"modified":"2026-03-02T16:44:00","modified_gmt":"2026-03-02T15:44:00","slug":"mg3710e-034","status":"publish","type":"product","link":"https:\/\/yotavis.ch\/de\/produkt\/mg3710e-034\/","title":{"rendered":"MG3710E-034"},"content":{"rendered":"<p>Der Anritsu MG3710E-034 ist ein leistungsstarker HF-Vektorgenerator f\u00fcr die pr\u00e4zise Signalerzeugung bei einer Frequenz von 4000 MHz. Mit einem einzigen Kanal und einem Amplitudenausgang von 30 dBm bietet dieser Generator eine au\u00dfergew\u00f6hnliche Phasenrauschleistung von -131 dBc\/Hz und ist damit ideal f\u00fcr fortschrittliche Tests und Entwicklungen in der Kommunikation und Elektronik. Mit einer IQ-Bandbreite von 120 MHz unterst\u00fctzt der MG3710E-034 komplexe Modulationsschemata und eine pr\u00e4zise Signalsynthese. Dieser Generator eignet sich hervorragend f\u00fcr Laborumgebungen und Produktionstests, bei denen zuverl\u00e4ssige und stabile HF-Signale unerl\u00e4sslich sind. Er ist \u00fcber den Webshop erh\u00e4ltlich und bietet eine professionelle L\u00f6sung f\u00fcr Ingenieure, die hochwertige Vektorsignale erzeugen m\u00fcssen.<\/p>","protected":false},"excerpt":{"rendered":"<p>Vektor-Signalgenerator 100kHz bis 4GHz<\/p>","protected":false},"featured_media":10162,"comment_status":"closed","ping_status":"closed","template":"","meta":{"_acf_changed":false,"slim_seo":{"title":"MG3710E-034 - YOTAVIS AG","description":"Vektor-Signalgenerator 100kHz bis 4GHz"}},"product_brand":[758],"product_cat":[513,522],"product_tag":[],"class_list":{"0":"post-9852","1":"product","2":"type-product","3":"status-publish","4":"has-post-thumbnail","6":"product_brand-anritsu","7":"product_cat-generator","8":"product_cat-rf-vector-generator","9":"pa_amplitude-dbm-276","10":"pa_channels-384","11":"pa_frequency-mhz-174","12":"pa_iq-bandwidth-mhz-757","14":"first","15":"instock","16":"taxable","17":"shipping-taxable","18":"product-type-simple"},"acf":[],"_links":{"self":[{"href":"https:\/\/yotavis.ch\/de\/wp-json\/wp\/v2\/product\/9852","targetHints":{"allow":["GET"]}}],"collection":[{"href":"https:\/\/yotavis.ch\/de\/wp-json\/wp\/v2\/product"}],"about":[{"href":"https:\/\/yotavis.ch\/de\/wp-json\/wp\/v2\/types\/product"}],"replies":[{"embeddable":true,"href":"https:\/\/yotavis.ch\/de\/wp-json\/wp\/v2\/comments?post=9852"}],"wp:featuredmedia":[{"embeddable":true,"href":"https:\/\/yotavis.ch\/de\/wp-json\/wp\/v2\/media\/10162"}],"wp:attachment":[{"href":"https:\/\/yotavis.ch\/de\/wp-json\/wp\/v2\/media?parent=9852"}],"wp:term":[{"taxonomy":"product_brand","embeddable":true,"href":"https:\/\/yotavis.ch\/de\/wp-json\/wp\/v2\/product_brand?post=9852"},{"taxonomy":"product_cat","embeddable":true,"href":"https:\/\/yotavis.ch\/de\/wp-json\/wp\/v2\/product_cat?post=9852"},{"taxonomy":"product_tag","embeddable":true,"href":"https:\/\/yotavis.ch\/de\/wp-json\/wp\/v2\/product_tag?post=9852"}],"curies":[{"name":"wp","href":"https:\/\/api.w.org\/{rel}","templated":true}]}}