{"id":9853,"date":"2025-10-09T00:00:00","date_gmt":"2025-10-08T22:00:00","guid":{"rendered":"https:\/\/yotavis.ch\/product\/mg3710e-036\/"},"modified":"2026-03-02T16:43:54","modified_gmt":"2026-03-02T15:43:54","slug":"mg3710e-036","status":"publish","type":"product","link":"https:\/\/yotavis.ch\/de\/produkt\/mg3710e-036\/","title":{"rendered":"MG3710E-036"},"content":{"rendered":"<p>Der Anritsu MG3710E-036 ist ein leistungsstarker HF-Vektorgenerator f\u00fcr die pr\u00e4zise Signalerzeugung bis 6000 MHz. Mit einem einzelnen Kanal mit einem Amplitudenausgang von 30 dBm und einer au\u00dfergew\u00f6hnlichen Phasenrauschleistung von -131 dBc\/Hz ist dieser Generator ideal f\u00fcr fortschrittliche Tests und Entwicklungen in der Kommunikation und Elektronik. Seine IQ-Bandbreite von 120 MHz unterst\u00fctzt komplexe Modulationsschemata, so dass er sich f\u00fcr Forschungslabors und Produktionsumgebungen eignet, die genaue und stabile HF-Signale ben\u00f6tigen. Der MG3710E-036 ist \u00fcber den Webshop erh\u00e4ltlich und bietet zuverl\u00e4ssige Leistung f\u00fcr Ingenieure, die eine professionelle L\u00f6sung in der Kategorie der Generatoren und HF-Vektorgeneratoren suchen.<\/p>","protected":false},"excerpt":{"rendered":"<p>Vektor-Signalgenerator 100kHz bis 6GHz<\/p>","protected":false},"featured_media":10162,"comment_status":"closed","ping_status":"closed","template":"","meta":{"_acf_changed":false,"slim_seo":{"title":"MG3710E-036 - YOTAVIS AG","description":"Vektor-Signalgenerator 100kHz bis 6GHz"}},"product_brand":[758],"product_cat":[513,522],"product_tag":[],"class_list":{"0":"post-9853","1":"product","2":"type-product","3":"status-publish","4":"has-post-thumbnail","6":"product_brand-anritsu","7":"product_cat-generator","8":"product_cat-rf-vector-generator","9":"pa_amplitude-dbm-276","10":"pa_channels-384","11":"pa_frequency-mhz-176","12":"pa_iq-bandwidth-mhz-757","14":"first","15":"instock","16":"taxable","17":"shipping-taxable","18":"product-type-simple"},"acf":[],"_links":{"self":[{"href":"https:\/\/yotavis.ch\/de\/wp-json\/wp\/v2\/product\/9853","targetHints":{"allow":["GET"]}}],"collection":[{"href":"https:\/\/yotavis.ch\/de\/wp-json\/wp\/v2\/product"}],"about":[{"href":"https:\/\/yotavis.ch\/de\/wp-json\/wp\/v2\/types\/product"}],"replies":[{"embeddable":true,"href":"https:\/\/yotavis.ch\/de\/wp-json\/wp\/v2\/comments?post=9853"}],"wp:featuredmedia":[{"embeddable":true,"href":"https:\/\/yotavis.ch\/de\/wp-json\/wp\/v2\/media\/10162"}],"wp:attachment":[{"href":"https:\/\/yotavis.ch\/de\/wp-json\/wp\/v2\/media?parent=9853"}],"wp:term":[{"taxonomy":"product_brand","embeddable":true,"href":"https:\/\/yotavis.ch\/de\/wp-json\/wp\/v2\/product_brand?post=9853"},{"taxonomy":"product_cat","embeddable":true,"href":"https:\/\/yotavis.ch\/de\/wp-json\/wp\/v2\/product_cat?post=9853"},{"taxonomy":"product_tag","embeddable":true,"href":"https:\/\/yotavis.ch\/de\/wp-json\/wp\/v2\/product_tag?post=9853"}],"curies":[{"name":"wp","href":"https:\/\/api.w.org\/{rel}","templated":true}]}}