{"id":9856,"date":"2025-10-09T00:00:00","date_gmt":"2025-10-08T22:00:00","guid":{"rendered":"https:\/\/yotavis.ch\/product\/mg3710e-066\/"},"modified":"2026-03-02T16:43:53","modified_gmt":"2026-03-02T15:43:53","slug":"mg3710e-066","status":"publish","type":"product","link":"https:\/\/yotavis.ch\/de\/produkt\/mg3710e-066\/","title":{"rendered":"MG3710E-066"},"content":{"rendered":"<p>Der Anritsu MG3710E-066 ist ein Hochleistungs-HF-Vektorgenerator, der f\u00fcr fortschrittliche Signalerzeugungsanforderungen entwickelt wurde. Dieser Zweikanal-Generator arbeitet bei einer Frequenz von 6000 MHz mit einer Amplitude von 30 dBm und bietet eine au\u00dfergew\u00f6hnliche Phasenrauschleistung von -131 dBc\/Hz und eine IQ-Bandbreite von 120 MHz. Er ist ideal f\u00fcr Anwendungen in der Kommunikationspr\u00fcfung und Signalanalyse und liefert eine pr\u00e4zise und stabile Ausgabe, die sich f\u00fcr Forschung, Entwicklung und Produktion eignet. Seine robusten Spezifikationen machen ihn zu einer zuverl\u00e4ssigen Wahl f\u00fcr Fachleute, die eine genaue und vielseitige HF-Signalerzeugung in der Generatorenkategorie suchen. Der MG3710E-066 ist \u00fcber den Webshop erh\u00e4ltlich und unterst\u00fctzt anspruchsvolle Testszenarien mit Klarheit und Effizienz.<\/p>","protected":false},"excerpt":{"rendered":"<p>Vektor-Signalgenerator 100kHz bis 6GHz<\/p>","protected":false},"featured_media":10162,"comment_status":"closed","ping_status":"closed","template":"","meta":{"_acf_changed":false,"slim_seo":{"title":"MG3710E-066 - YOTAVIS AG","description":"Vektor-Signalgenerator 100kHz bis 6GHz"}},"product_brand":[758],"product_cat":[513,522],"product_tag":[],"class_list":{"0":"post-9856","1":"product","2":"type-product","3":"status-publish","4":"has-post-thumbnail","6":"product_brand-anritsu","7":"product_cat-generator","8":"product_cat-rf-vector-generator","9":"pa_amplitude-dbm-276","10":"pa_channels-350","11":"pa_frequency-mhz-176","12":"pa_iq-bandwidth-mhz-757","14":"first","15":"instock","16":"taxable","17":"shipping-taxable","18":"product-type-simple"},"acf":[],"_links":{"self":[{"href":"https:\/\/yotavis.ch\/de\/wp-json\/wp\/v2\/product\/9856","targetHints":{"allow":["GET"]}}],"collection":[{"href":"https:\/\/yotavis.ch\/de\/wp-json\/wp\/v2\/product"}],"about":[{"href":"https:\/\/yotavis.ch\/de\/wp-json\/wp\/v2\/types\/product"}],"replies":[{"embeddable":true,"href":"https:\/\/yotavis.ch\/de\/wp-json\/wp\/v2\/comments?post=9856"}],"wp:featuredmedia":[{"embeddable":true,"href":"https:\/\/yotavis.ch\/de\/wp-json\/wp\/v2\/media\/10162"}],"wp:attachment":[{"href":"https:\/\/yotavis.ch\/de\/wp-json\/wp\/v2\/media?parent=9856"}],"wp:term":[{"taxonomy":"product_brand","embeddable":true,"href":"https:\/\/yotavis.ch\/de\/wp-json\/wp\/v2\/product_brand?post=9856"},{"taxonomy":"product_cat","embeddable":true,"href":"https:\/\/yotavis.ch\/de\/wp-json\/wp\/v2\/product_cat?post=9856"},{"taxonomy":"product_tag","embeddable":true,"href":"https:\/\/yotavis.ch\/de\/wp-json\/wp\/v2\/product_tag?post=9856"}],"curies":[{"name":"wp","href":"https:\/\/api.w.org\/{rel}","templated":true}]}}