{"id":9857,"date":"2025-10-09T00:00:00","date_gmt":"2025-10-08T22:00:00","guid":{"rendered":"https:\/\/yotavis.ch\/product\/ms2850a-047\/"},"modified":"2026-04-24T13:37:25","modified_gmt":"2026-04-24T11:37:25","slug":"ms2850a-047","status":"publish","type":"product","link":"https:\/\/yotavis.ch\/de\/produkt\/ms2850a-047\/","title":{"rendered":"MS2850A-047"},"content":{"rendered":"<p>Der Anritsu MS2850A-047 ist ein Signalanalysator, der f\u00fcr einen Frequenzbereich von 9 kHz bis 32 GHz ausgelegt ist und sich damit f\u00fcr eine Vielzahl von Signalanalyseanwendungen eignet. Die Spezifikation des Phasenrauschens von -130 dBc\/Hz zeigt, dass das Ger\u00e4t in der Lage ist, die Signalreinheit pr\u00e4zise zu messen. Das Ger\u00e4t unterst\u00fctzt eine Analysebandbreite von 1000 MHz, was eine detaillierte Untersuchung von Signalkomponenten innerhalb dieses Bereichs erm\u00f6glicht. Sein angezeigter mittlerer Rauschpegel (DANL) betr\u00e4gt -142 dBm\/Hz, was seine Empfindlichkeit gegen\u00fcber schwachen Signalen widerspiegelt. Die maximale Frequenz liegt bei 32.000 MHz, die minimale Frequenz bei 9.000 Hz. Dieses Modell ist nicht handgef\u00fchrt, sondern f\u00fcr den station\u00e4ren Einsatz in Labor- oder Industrieumgebungen konzipiert. Das MS2850A-047 bietet keine Echtzeit-Spektrumanalyse (RTSA). Diese Spezifikationen verdeutlichen, dass der Schwerpunkt des Ger\u00e4ts auf der Analyse von Hochfrequenzsignalen mit gro\u00dfer Bandbreite und niedrigem Grundrauschen liegt.<\/p>","protected":false},"excerpt":{"rendered":"<p>Signalanalysator 9kHz bis 32GHz<\/p>","protected":false},"featured_media":10172,"comment_status":"closed","ping_status":"closed","template":"","meta":{"_acf_changed":false,"slim_seo":{"title":"MS2850A-047 - YOTAVIS AG","description":"Signalanalysator 9kHz bis 32GHz"}},"product_brand":[758],"product_cat":[523,524],"product_tag":[],"class_list":{"0":"post-9857","1":"product","2":"type-product","3":"status-publish","4":"has-post-thumbnail","6":"product_brand-anritsu","7":"product_cat-analyser","8":"product_cat-signal-spectrum-analyser","9":"pa_analysis-bandwidth-mhz-760","10":"pa_danl-dbm-hz-761","11":"pa_frequency-max-mhz-759","12":"pa_frequency-min-hz-177","13":"pa_handheld-no","14":"pa_rtsa-no","16":"first","17":"instock","18":"taxable","19":"shipping-taxable","20":"product-type-simple"},"acf":[],"_links":{"self":[{"href":"https:\/\/yotavis.ch\/de\/wp-json\/wp\/v2\/product\/9857","targetHints":{"allow":["GET"]}}],"collection":[{"href":"https:\/\/yotavis.ch\/de\/wp-json\/wp\/v2\/product"}],"about":[{"href":"https:\/\/yotavis.ch\/de\/wp-json\/wp\/v2\/types\/product"}],"replies":[{"embeddable":true,"href":"https:\/\/yotavis.ch\/de\/wp-json\/wp\/v2\/comments?post=9857"}],"wp:featuredmedia":[{"embeddable":true,"href":"https:\/\/yotavis.ch\/de\/wp-json\/wp\/v2\/media\/10172"}],"wp:attachment":[{"href":"https:\/\/yotavis.ch\/de\/wp-json\/wp\/v2\/media?parent=9857"}],"wp:term":[{"taxonomy":"product_brand","embeddable":true,"href":"https:\/\/yotavis.ch\/de\/wp-json\/wp\/v2\/product_brand?post=9857"},{"taxonomy":"product_cat","embeddable":true,"href":"https:\/\/yotavis.ch\/de\/wp-json\/wp\/v2\/product_cat?post=9857"},{"taxonomy":"product_tag","embeddable":true,"href":"https:\/\/yotavis.ch\/de\/wp-json\/wp\/v2\/product_tag?post=9857"}],"curies":[{"name":"wp","href":"https:\/\/api.w.org\/{rel}","templated":true}]}}