{"id":9858,"date":"2025-10-09T00:00:00","date_gmt":"2025-10-08T22:00:00","guid":{"rendered":"https:\/\/yotavis.ch\/product\/ms2850a-046\/"},"modified":"2026-04-24T13:37:26","modified_gmt":"2026-04-24T11:37:26","slug":"ms2850a-046","status":"publish","type":"product","link":"https:\/\/yotavis.ch\/de\/produkt\/ms2850a-046\/","title":{"rendered":"MS2850A-046"},"content":{"rendered":"<p>Der Anritsu MS2850A-046 ist ein Signalanalysator, der f\u00fcr einen Frequenzbereich von 9 kHz bis 44,5 GHz ausgelegt ist und damit eine umfassende Abdeckung f\u00fcr verschiedene Signalanalyseanwendungen bietet. Die Spezifikation des Phasenrauschens von -130 dBc\/Hz ist entscheidend f\u00fcr die Beurteilung der Signalreinheit und -stabilit\u00e4t. Das Ger\u00e4t unterst\u00fctzt eine Analysebandbreite von 1000 MHz, was eine detaillierte Untersuchung von Signalkomponenten innerhalb dieses Bereichs erm\u00f6glicht. Der angezeigte Rauschpegel (DANL) liegt bei -142 dBm\/Hz, was auf die Empfindlichkeit des Analysators bei der Erkennung von Signalen mit niedrigem Pegel hinweist. Die maximale Frequenzkapazit\u00e4t reicht bis 44.500 MHz, w\u00e4hrend die minimale Frequenz bei 9.000 Hz beginnt, was die Vielseitigkeit in einem breiten Spektrum gew\u00e4hrleistet. Dieses Modell ist nicht handgehalten, sondern f\u00fcr den Einsatz auf dem Tisch oder in einer festen Installation vorgesehen. Der MS2850A-046 enth\u00e4lt keine Echtzeit-Spektrumanalyse (RTSA). Mit diesen Spezifikationen eignet sich das Anritsu MS2850A-046 f\u00fcr pr\u00e4zise und umfassende Signalanalyseaufgaben \u00fcber einen gro\u00dfen Frequenzbereich.<\/p>","protected":false},"excerpt":{"rendered":"<p>Signalanalysator 9kHz bis 44,5GHz<\/p>","protected":false},"featured_media":10172,"comment_status":"closed","ping_status":"closed","template":"","meta":{"_acf_changed":false,"slim_seo":{"title":"MS2850A-046 - YOTAVIS AG","description":"Signalanalysator 9kHz bis 44,5GHz"}},"product_brand":[758],"product_cat":[523,524],"product_tag":[],"class_list":{"0":"post-9858","1":"product","2":"type-product","3":"status-publish","4":"has-post-thumbnail","6":"product_brand-anritsu","7":"product_cat-analyser","8":"product_cat-signal-spectrum-analyser","9":"pa_analysis-bandwidth-mhz-760","10":"pa_danl-dbm-hz-761","11":"pa_frequency-max-mhz-762","12":"pa_frequency-min-hz-177","13":"pa_handheld-no","14":"pa_rtsa-no","16":"first","17":"instock","18":"taxable","19":"shipping-taxable","20":"product-type-simple"},"acf":[],"_links":{"self":[{"href":"https:\/\/yotavis.ch\/de\/wp-json\/wp\/v2\/product\/9858","targetHints":{"allow":["GET"]}}],"collection":[{"href":"https:\/\/yotavis.ch\/de\/wp-json\/wp\/v2\/product"}],"about":[{"href":"https:\/\/yotavis.ch\/de\/wp-json\/wp\/v2\/types\/product"}],"replies":[{"embeddable":true,"href":"https:\/\/yotavis.ch\/de\/wp-json\/wp\/v2\/comments?post=9858"}],"wp:featuredmedia":[{"embeddable":true,"href":"https:\/\/yotavis.ch\/de\/wp-json\/wp\/v2\/media\/10172"}],"wp:attachment":[{"href":"https:\/\/yotavis.ch\/de\/wp-json\/wp\/v2\/media?parent=9858"}],"wp:term":[{"taxonomy":"product_brand","embeddable":true,"href":"https:\/\/yotavis.ch\/de\/wp-json\/wp\/v2\/product_brand?post=9858"},{"taxonomy":"product_cat","embeddable":true,"href":"https:\/\/yotavis.ch\/de\/wp-json\/wp\/v2\/product_cat?post=9858"},{"taxonomy":"product_tag","embeddable":true,"href":"https:\/\/yotavis.ch\/de\/wp-json\/wp\/v2\/product_tag?post=9858"}],"curies":[{"name":"wp","href":"https:\/\/api.w.org\/{rel}","templated":true}]}}