{"id":9860,"date":"2025-10-09T00:00:00","date_gmt":"2025-10-08T22:00:00","guid":{"rendered":"https:\/\/yotavis.ch\/product\/ms2840a-042\/"},"modified":"2026-04-24T13:37:27","modified_gmt":"2026-04-24T11:37:27","slug":"ms2840a-042","status":"publish","type":"product","link":"https:\/\/yotavis.ch\/de\/produkt\/ms2840a-042\/","title":{"rendered":"MS2840A-042"},"content":{"rendered":"<p>Der Anritsu MS2840A-042 Signalanalysator arbeitet in einem Frequenzbereich von 9 kHz bis 6 GHz und ist ein vielseitiges Werkzeug f\u00fcr die Signalanalyse in diesem Spektrum. Er verf\u00fcgt \u00fcber ein Phasenrauschen von -138 dBc\/Hz, das f\u00fcr die Beurteilung der Signalreinheit und -stabilit\u00e4t entscheidend ist. Das Ger\u00e4t unterst\u00fctzt eine Analysebandbreite von 125 MHz, was eine detaillierte Untersuchung von Signalkomponenten innerhalb dieses Bereichs erm\u00f6glicht. Der angezeigte mittlere Rauschpegel (DANL) liegt bei -153 dBm\/Hz, was auf die Empfindlichkeit des Ger\u00e4ts bei der Erkennung von Signalen mit niedrigem Pegel hinweist. Der Analysator ist nicht handgehalten, sondern f\u00fcr den Einsatz auf dem Tisch oder in einer festen Installation konzipiert. Er verf\u00fcgt nicht \u00fcber Echtzeit-Spektrumanalyse (RTSA). Die Minimal- und Maximalwerte f\u00fcr die Frequenz betragen 9.000 Hz bzw. 6.000 MHz und decken damit ein breites Spektrum ab, das f\u00fcr verschiedene Anwendungen geeignet ist. Bei diesem Modell werden in den bereitgestellten Informationen keine zus\u00e4tzlichen Merkmale wie Leistung, Spannung, Strom, Speichertiefe oder Schnittstellenoptionen aufgef\u00fchrt.<\/p>","protected":false},"excerpt":{"rendered":"<p>Signalanalysator 9 kHz bis 6 GHz<\/p>","protected":false},"featured_media":10179,"comment_status":"closed","ping_status":"closed","template":"","meta":{"_acf_changed":false,"slim_seo":{"title":"MS2840A-042 - YOTAVIS AG","description":"Signalanalysator 9 kHz bis 6 GHz"}},"product_brand":[758],"product_cat":[523,524],"product_tag":[],"class_list":{"0":"post-9860","1":"product","2":"type-product","3":"status-publish","4":"has-post-thumbnail","6":"product_brand-anritsu","7":"product_cat-analyser","8":"product_cat-signal-spectrum-analyser","9":"pa_analysis-bandwidth-mhz-763","10":"pa_danl-dbm-hz-764","11":"pa_frequency-max-mhz-647","12":"pa_frequency-min-hz-177","13":"pa_handheld-no","14":"pa_rtsa-no","16":"first","17":"instock","18":"taxable","19":"shipping-taxable","20":"product-type-simple"},"acf":[],"_links":{"self":[{"href":"https:\/\/yotavis.ch\/de\/wp-json\/wp\/v2\/product\/9860","targetHints":{"allow":["GET"]}}],"collection":[{"href":"https:\/\/yotavis.ch\/de\/wp-json\/wp\/v2\/product"}],"about":[{"href":"https:\/\/yotavis.ch\/de\/wp-json\/wp\/v2\/types\/product"}],"replies":[{"embeddable":true,"href":"https:\/\/yotavis.ch\/de\/wp-json\/wp\/v2\/comments?post=9860"}],"wp:featuredmedia":[{"embeddable":true,"href":"https:\/\/yotavis.ch\/de\/wp-json\/wp\/v2\/media\/10179"}],"wp:attachment":[{"href":"https:\/\/yotavis.ch\/de\/wp-json\/wp\/v2\/media?parent=9860"}],"wp:term":[{"taxonomy":"product_brand","embeddable":true,"href":"https:\/\/yotavis.ch\/de\/wp-json\/wp\/v2\/product_brand?post=9860"},{"taxonomy":"product_cat","embeddable":true,"href":"https:\/\/yotavis.ch\/de\/wp-json\/wp\/v2\/product_cat?post=9860"},{"taxonomy":"product_tag","embeddable":true,"href":"https:\/\/yotavis.ch\/de\/wp-json\/wp\/v2\/product_tag?post=9860"}],"curies":[{"name":"wp","href":"https:\/\/api.w.org\/{rel}","templated":true}]}}