{"id":9861,"date":"2025-10-09T00:00:00","date_gmt":"2025-10-08T22:00:00","guid":{"rendered":"https:\/\/yotavis.ch\/product\/ms2840a-044\/"},"modified":"2026-04-24T13:37:27","modified_gmt":"2026-04-24T11:37:27","slug":"ms2840a-044","status":"publish","type":"product","link":"https:\/\/yotavis.ch\/de\/produkt\/ms2840a-044\/","title":{"rendered":"MS2840A-044"},"content":{"rendered":"<p>Der Anritsu MS2840A-044 Signalanalysator arbeitet in einem Frequenzbereich von 9 kHz bis 26,5 GHz und bietet damit eine umfassende Abdeckung f\u00fcr verschiedene Signalanalyseanwendungen. Er verf\u00fcgt \u00fcber eine maximale Frequenzkapazit\u00e4t von 26.500 MHz und eine minimale Frequenz von 9.000 Hz. Das Ger\u00e4t bietet eine Analysebandbreite von 125 MHz, die eine detaillierte Untersuchung von Signaleigenschaften innerhalb dieses Bereichs erm\u00f6glicht. Das Phasenrauschen wird mit -123 dBc\/Hz angegeben, was zur Pr\u00e4zision der Messungen beitr\u00e4gt. Dar\u00fcber hinaus weist der Signalanalysator einen angezeigten mittleren Rauschpegel (DANL) von -153 dBm\/Hz auf, was seine Empfindlichkeit gegen\u00fcber schwachen Signalen verdeutlicht. Dieses Modell ist nicht handgehalten, sondern f\u00fcr den Einsatz auf dem Tisch oder in einer festen Installation konzipiert. Durch die Kombination dieser Spezifikationen eignet sich der MS2840A-044 f\u00fcr ein breites Spektrum von Signalanalyseaufgaben, die hohe Frequenz- und Bandbreitenf\u00e4higkeiten erfordern.<\/p>","protected":false},"excerpt":{"rendered":"<p>Signalanalysator 9 kHz bis 26,5 GH<\/p>","protected":false},"featured_media":10179,"comment_status":"closed","ping_status":"closed","template":"","meta":{"_acf_changed":false,"slim_seo":{"title":"MS2840A-044 - YOTAVIS AG","description":"Signalanalysator 9 kHz bis 26,5 GH"}},"product_brand":[758],"product_cat":[523,524],"product_tag":[],"class_list":{"0":"post-9861","1":"product","2":"type-product","3":"status-publish","4":"has-post-thumbnail","6":"product_brand-anritsu","7":"product_cat-analyser","8":"product_cat-signal-spectrum-analyser","9":"pa_analysis-bandwidth-mhz-763","10":"pa_danl-dbm-hz-764","11":"pa_frequency-max-mhz-465","12":"pa_frequency-min-hz-177","13":"pa_handheld-no","14":"pa_rtsa-no","16":"first","17":"instock","18":"taxable","19":"shipping-taxable","20":"product-type-simple"},"acf":[],"_links":{"self":[{"href":"https:\/\/yotavis.ch\/de\/wp-json\/wp\/v2\/product\/9861","targetHints":{"allow":["GET"]}}],"collection":[{"href":"https:\/\/yotavis.ch\/de\/wp-json\/wp\/v2\/product"}],"about":[{"href":"https:\/\/yotavis.ch\/de\/wp-json\/wp\/v2\/types\/product"}],"replies":[{"embeddable":true,"href":"https:\/\/yotavis.ch\/de\/wp-json\/wp\/v2\/comments?post=9861"}],"wp:featuredmedia":[{"embeddable":true,"href":"https:\/\/yotavis.ch\/de\/wp-json\/wp\/v2\/media\/10179"}],"wp:attachment":[{"href":"https:\/\/yotavis.ch\/de\/wp-json\/wp\/v2\/media?parent=9861"}],"wp:term":[{"taxonomy":"product_brand","embeddable":true,"href":"https:\/\/yotavis.ch\/de\/wp-json\/wp\/v2\/product_brand?post=9861"},{"taxonomy":"product_cat","embeddable":true,"href":"https:\/\/yotavis.ch\/de\/wp-json\/wp\/v2\/product_cat?post=9861"},{"taxonomy":"product_tag","embeddable":true,"href":"https:\/\/yotavis.ch\/de\/wp-json\/wp\/v2\/product_tag?post=9861"}],"curies":[{"name":"wp","href":"https:\/\/api.w.org\/{rel}","templated":true}]}}