{"id":9863,"date":"2025-10-09T00:00:00","date_gmt":"2025-10-08T22:00:00","guid":{"rendered":"https:\/\/yotavis.ch\/product\/ms2830a-040\/"},"modified":"2026-04-24T13:37:28","modified_gmt":"2026-04-24T11:37:28","slug":"ms2830a-040","status":"publish","type":"product","link":"https:\/\/yotavis.ch\/de\/produkt\/ms2830a-040\/","title":{"rendered":"MS2830A-040"},"content":{"rendered":"<p>Der Anritsu MS2830A-040 ist ein Signalanalysator, der f\u00fcr den Betrieb in einem Frequenzbereich von 9 kHz bis 3,6 GHz ausgelegt ist. Er verf\u00fcgt \u00fcber eine Analysebandbreite von 125 MHz, die eine detaillierte Untersuchung der Signaleigenschaften innerhalb dieses Spektrums erm\u00f6glicht. Das Ger\u00e4t bietet ein Phasenrauschen von -118 dBc\/Hz, was zu seiner F\u00e4higkeit zur pr\u00e4zisen Signalanalyse beitr\u00e4gt. Dar\u00fcber hinaus hat der Analysator einen angezeigten Rauschpegel (DANL) von -153 dBm\/Hz, was auf seine Empfindlichkeit bei der Erkennung von Signalen mit niedrigem Pegel hinweist. Dieses Modell ist nicht handgehalten, d. h. es ist f\u00fcr den Einsatz in station\u00e4ren Einrichtungen oder Laborumgebungen vorgesehen. Der Frequenzbereich erstreckt sich von mindestens 9.000 Hz bis maximal 3.600 MHz und deckt damit ein breites Spektrum ab, das sich f\u00fcr verschiedene Signalanalyseanwendungen eignet. Der MS2830A-040 enth\u00e4lt keine Echtzeit-Spektrumanalyse (RTSA).<\/p>","protected":false},"excerpt":{"rendered":"<p>Signalanalysator 9 kHz bis 3,6 GHz<\/p>","protected":false},"featured_media":10181,"comment_status":"closed","ping_status":"closed","template":"","meta":{"_acf_changed":false,"slim_seo":{"title":"MS2830A-040 - YOTAVIS AG","description":"Signalanalysator 9 kHz bis 3,6 GHz"}},"product_brand":[758],"product_cat":[523,524],"product_tag":[],"class_list":{"0":"post-9863","1":"product","2":"type-product","3":"status-publish","4":"has-post-thumbnail","6":"product_brand-anritsu","7":"product_cat-analyser","8":"product_cat-signal-spectrum-analyser","9":"pa_analysis-bandwidth-mhz-763","10":"pa_danl-dbm-hz-764","11":"pa_frequency-max-mhz-434","12":"pa_frequency-min-hz-177","13":"pa_handheld-no","14":"pa_rtsa-no","16":"first","17":"instock","18":"taxable","19":"shipping-taxable","20":"product-type-simple"},"acf":[],"_links":{"self":[{"href":"https:\/\/yotavis.ch\/de\/wp-json\/wp\/v2\/product\/9863","targetHints":{"allow":["GET"]}}],"collection":[{"href":"https:\/\/yotavis.ch\/de\/wp-json\/wp\/v2\/product"}],"about":[{"href":"https:\/\/yotavis.ch\/de\/wp-json\/wp\/v2\/types\/product"}],"replies":[{"embeddable":true,"href":"https:\/\/yotavis.ch\/de\/wp-json\/wp\/v2\/comments?post=9863"}],"wp:featuredmedia":[{"embeddable":true,"href":"https:\/\/yotavis.ch\/de\/wp-json\/wp\/v2\/media\/10181"}],"wp:attachment":[{"href":"https:\/\/yotavis.ch\/de\/wp-json\/wp\/v2\/media?parent=9863"}],"wp:term":[{"taxonomy":"product_brand","embeddable":true,"href":"https:\/\/yotavis.ch\/de\/wp-json\/wp\/v2\/product_brand?post=9863"},{"taxonomy":"product_cat","embeddable":true,"href":"https:\/\/yotavis.ch\/de\/wp-json\/wp\/v2\/product_cat?post=9863"},{"taxonomy":"product_tag","embeddable":true,"href":"https:\/\/yotavis.ch\/de\/wp-json\/wp\/v2\/product_tag?post=9863"}],"curies":[{"name":"wp","href":"https:\/\/api.w.org\/{rel}","templated":true}]}}