{"id":9864,"date":"2025-10-09T00:00:00","date_gmt":"2025-10-08T22:00:00","guid":{"rendered":"https:\/\/yotavis.ch\/product\/ms2830a-041\/"},"modified":"2026-04-24T13:37:29","modified_gmt":"2026-04-24T11:37:29","slug":"ms2830a-041","status":"publish","type":"product","link":"https:\/\/yotavis.ch\/de\/produkt\/ms2830a-041\/","title":{"rendered":"MS2830A-041"},"content":{"rendered":"<p>Der Anritsu MS2830A-041 Signalanalysator arbeitet in einem Frequenzbereich von 9 kHz bis 6 GHz und ist ein vielseitiges Werkzeug f\u00fcr die Signalanalyse in diesem Spektrum. Er verf\u00fcgt \u00fcber eine Phasenrausch-Spezifikation von -118 dBc\/Hz, die f\u00fcr die Beurteilung der Signalreinheit und -stabilit\u00e4t entscheidend ist. Das Ger\u00e4t unterst\u00fctzt eine Analysebandbreite von 125 MHz, was eine detaillierte Untersuchung von Signalkomponenten innerhalb dieses Bereichs erm\u00f6glicht. Der angezeigte Rauschpegel (DANL) liegt bei -153 dBm\/Hz, was auf die Empfindlichkeit des Ger\u00e4ts bei der Erkennung von Signalen mit niedrigem Pegel hinweist. Die maximale Frequenzkapazit\u00e4t reicht bis zu 6000 MHz, w\u00e4hrend die minimale Frequenz, die es analysieren kann, bei 9000 Hz beginnt. Dieses Modell ist nicht tragbar, sondern f\u00fcr den Einsatz auf dem Tisch oder in einer festen Installation konzipiert. Der MS2830A-041 enth\u00e4lt keine Echtzeit-Spektrumanalyse (RTSA) und konzentriert sich stattdessen auf herk\u00f6mmliche Signalanalyseverfahren.<\/p>","protected":false},"excerpt":{"rendered":"<p>Signalanalysator 9 kHz bis 6 GHz<\/p>","protected":false},"featured_media":10181,"comment_status":"closed","ping_status":"closed","template":"","meta":{"_acf_changed":false,"slim_seo":{"title":"MS2830A-041 - YOTAVIS AG","description":"Signalanalysator 9 kHz bis 6 GHz"}},"product_brand":[758],"product_cat":[523,524],"product_tag":[],"class_list":{"0":"post-9864","1":"product","2":"type-product","3":"status-publish","4":"has-post-thumbnail","6":"product_brand-anritsu","7":"product_cat-analyser","8":"product_cat-signal-spectrum-analyser","9":"pa_analysis-bandwidth-mhz-763","10":"pa_danl-dbm-hz-764","11":"pa_frequency-max-mhz-647","12":"pa_frequency-min-hz-177","13":"pa_handheld-no","14":"pa_rtsa-no","16":"first","17":"instock","18":"taxable","19":"shipping-taxable","20":"product-type-simple"},"acf":[],"_links":{"self":[{"href":"https:\/\/yotavis.ch\/de\/wp-json\/wp\/v2\/product\/9864","targetHints":{"allow":["GET"]}}],"collection":[{"href":"https:\/\/yotavis.ch\/de\/wp-json\/wp\/v2\/product"}],"about":[{"href":"https:\/\/yotavis.ch\/de\/wp-json\/wp\/v2\/types\/product"}],"replies":[{"embeddable":true,"href":"https:\/\/yotavis.ch\/de\/wp-json\/wp\/v2\/comments?post=9864"}],"wp:featuredmedia":[{"embeddable":true,"href":"https:\/\/yotavis.ch\/de\/wp-json\/wp\/v2\/media\/10181"}],"wp:attachment":[{"href":"https:\/\/yotavis.ch\/de\/wp-json\/wp\/v2\/media?parent=9864"}],"wp:term":[{"taxonomy":"product_brand","embeddable":true,"href":"https:\/\/yotavis.ch\/de\/wp-json\/wp\/v2\/product_brand?post=9864"},{"taxonomy":"product_cat","embeddable":true,"href":"https:\/\/yotavis.ch\/de\/wp-json\/wp\/v2\/product_cat?post=9864"},{"taxonomy":"product_tag","embeddable":true,"href":"https:\/\/yotavis.ch\/de\/wp-json\/wp\/v2\/product_tag?post=9864"}],"curies":[{"name":"wp","href":"https:\/\/api.w.org\/{rel}","templated":true}]}}