{"id":9865,"date":"2025-10-09T00:00:00","date_gmt":"2025-10-08T22:00:00","guid":{"rendered":"https:\/\/yotavis.ch\/product\/ms2830a-043\/"},"modified":"2026-04-24T13:37:29","modified_gmt":"2026-04-24T11:37:29","slug":"ms2830a-043","status":"publish","type":"product","link":"https:\/\/yotavis.ch\/de\/produkt\/ms2830a-043\/","title":{"rendered":"MS2830A-043"},"content":{"rendered":"<p>Der Anritsu MS2830A-043 ist ein Signalanalysator, der f\u00fcr den Betrieb in einem Frequenzbereich von 9 kHz bis 13,5 GHz ausgelegt ist. Er verf\u00fcgt \u00fcber eine maximale Frequenzkapazit\u00e4t von 13.500 MHz und eine minimale Frequenz von 9.000 Hz, was eine breite Spektrumanalyse erm\u00f6glicht. Das Ger\u00e4t bietet eine Analysebandbreite von 125 MHz, die eine detaillierte Signaluntersuchung erm\u00f6glicht. Die Spezifikation des Phasenrauschens liegt bei -118 dBc\/Hz, was zur Klarheit und Pr\u00e4zision der Signale beitr\u00e4gt. Der angezeigte DANL-Wert (Displayed Average Noise Level) betr\u00e4gt -153 dBm\/Hz, was die Empfindlichkeit des Analysators bei der Erkennung schwacher Signale anzeigt. Dieses Modell ist nicht handgehalten, d. h. es ist f\u00fcr den station\u00e4ren Einsatz in Labor- oder Industrieumgebungen vorgesehen. Der MS2830A-043 bietet keine Echtzeit-Spektrumanalyse (RTSA). Diese Merkmale definieren zusammen den technischen Umfang und die Betriebsparameter des Anritsu MS2830A-043 Signalanalysators.<\/p>","protected":false},"excerpt":{"rendered":"<p>Signalanalysator 9 kHz bis 13,5 GHz<\/p>","protected":false},"featured_media":10181,"comment_status":"closed","ping_status":"closed","template":"","meta":{"_acf_changed":false,"slim_seo":{"title":"MS2830A-043 - YOTAVIS AG","description":"Signalanalysator 9 kHz bis 13,5 GHz"}},"product_brand":[758],"product_cat":[523,524],"product_tag":[],"class_list":{"0":"post-9865","1":"product","2":"type-product","3":"status-publish","4":"has-post-thumbnail","6":"product_brand-anritsu","7":"product_cat-analyser","8":"product_cat-signal-spectrum-analyser","9":"pa_analysis-bandwidth-mhz-763","10":"pa_danl-dbm-hz-764","11":"pa_frequency-max-mhz-464","12":"pa_frequency-min-hz-177","13":"pa_handheld-no","14":"pa_rtsa-no","16":"first","17":"instock","18":"taxable","19":"shipping-taxable","20":"product-type-simple"},"acf":[],"_links":{"self":[{"href":"https:\/\/yotavis.ch\/de\/wp-json\/wp\/v2\/product\/9865","targetHints":{"allow":["GET"]}}],"collection":[{"href":"https:\/\/yotavis.ch\/de\/wp-json\/wp\/v2\/product"}],"about":[{"href":"https:\/\/yotavis.ch\/de\/wp-json\/wp\/v2\/types\/product"}],"replies":[{"embeddable":true,"href":"https:\/\/yotavis.ch\/de\/wp-json\/wp\/v2\/comments?post=9865"}],"wp:featuredmedia":[{"embeddable":true,"href":"https:\/\/yotavis.ch\/de\/wp-json\/wp\/v2\/media\/10181"}],"wp:attachment":[{"href":"https:\/\/yotavis.ch\/de\/wp-json\/wp\/v2\/media?parent=9865"}],"wp:term":[{"taxonomy":"product_brand","embeddable":true,"href":"https:\/\/yotavis.ch\/de\/wp-json\/wp\/v2\/product_brand?post=9865"},{"taxonomy":"product_cat","embeddable":true,"href":"https:\/\/yotavis.ch\/de\/wp-json\/wp\/v2\/product_cat?post=9865"},{"taxonomy":"product_tag","embeddable":true,"href":"https:\/\/yotavis.ch\/de\/wp-json\/wp\/v2\/product_tag?post=9865"}],"curies":[{"name":"wp","href":"https:\/\/api.w.org\/{rel}","templated":true}]}}