{"id":9866,"date":"2025-10-09T00:00:00","date_gmt":"2025-10-08T22:00:00","guid":{"rendered":"https:\/\/yotavis.ch\/product\/ms2830a-044\/"},"modified":"2026-04-24T13:37:32","modified_gmt":"2026-04-24T11:37:32","slug":"ms2830a-044","status":"publish","type":"product","link":"https:\/\/yotavis.ch\/de\/produkt\/ms2830a-044\/","title":{"rendered":"MS2830A-044"},"content":{"rendered":"<p>Der Anritsu MS2830A-044 Signalanalysator arbeitet in einem Frequenzbereich von 9 kHz bis 26,5 GHz und bietet damit eine umfassende Abdeckung f\u00fcr verschiedene Signalanalyseanwendungen. Das Ger\u00e4t verf\u00fcgt \u00fcber ein Phasenrauschen von -115 dBc\/Hz, was f\u00fcr die Beurteilung der Signalreinheit und -stabilit\u00e4t entscheidend ist. Das Ger\u00e4t unterst\u00fctzt eine Analysebandbreite von 125 MHz, was eine detaillierte Untersuchung der Signaleigenschaften innerhalb dieses Bereichs erm\u00f6glicht. Der angezeigte mittlere Rauschpegel (DANL) betr\u00e4gt -153 dBm\/Hz, was die Empfindlichkeit des Ger\u00e4ts bei der Erkennung von Signalen mit niedrigem Pegel zeigt. Der maximale Frequenzbereich reicht bis zu 26.500 MHz, w\u00e4hrend die Minimalfrequenz bei 9.000 Hz beginnt, was die Vielseitigkeit in einem breiten Spektrum gew\u00e4hrleistet. Dieses Modell ist nicht handgehalten, sondern f\u00fcr den Einsatz auf dem Tisch oder bei einer festen Installation konzipiert. Das MS2830A-044 verf\u00fcgt nicht \u00fcber eine Echtzeit-Spektrumanalyse (RTSA). Mit diesen Spezifikationen eignet sich das Anritsu MS2830A-044 f\u00fcr pr\u00e4zise und umfassende Signalanalyseaufgaben.<\/p>","protected":false},"excerpt":{"rendered":"<p>Signalanalysator 9 kHz bis 26,5 GHz<\/p>","protected":false},"featured_media":10181,"comment_status":"closed","ping_status":"closed","template":"","meta":{"_acf_changed":false,"slim_seo":{"title":"MS2830A-044 - YOTAVIS AG","description":"Signalanalysator 9 kHz bis 26,5 GHz"}},"product_brand":[758],"product_cat":[523,524],"product_tag":[],"class_list":{"0":"post-9866","1":"product","2":"type-product","3":"status-publish","4":"has-post-thumbnail","6":"product_brand-anritsu","7":"product_cat-analyser","8":"product_cat-signal-spectrum-analyser","9":"pa_analysis-bandwidth-mhz-763","10":"pa_danl-dbm-hz-764","11":"pa_frequency-max-mhz-465","12":"pa_frequency-min-hz-177","13":"pa_handheld-no","14":"pa_rtsa-no","16":"first","17":"instock","18":"taxable","19":"shipping-taxable","20":"product-type-simple"},"acf":[],"_links":{"self":[{"href":"https:\/\/yotavis.ch\/de\/wp-json\/wp\/v2\/product\/9866","targetHints":{"allow":["GET"]}}],"collection":[{"href":"https:\/\/yotavis.ch\/de\/wp-json\/wp\/v2\/product"}],"about":[{"href":"https:\/\/yotavis.ch\/de\/wp-json\/wp\/v2\/types\/product"}],"replies":[{"embeddable":true,"href":"https:\/\/yotavis.ch\/de\/wp-json\/wp\/v2\/comments?post=9866"}],"wp:featuredmedia":[{"embeddable":true,"href":"https:\/\/yotavis.ch\/de\/wp-json\/wp\/v2\/media\/10181"}],"wp:attachment":[{"href":"https:\/\/yotavis.ch\/de\/wp-json\/wp\/v2\/media?parent=9866"}],"wp:term":[{"taxonomy":"product_brand","embeddable":true,"href":"https:\/\/yotavis.ch\/de\/wp-json\/wp\/v2\/product_brand?post=9866"},{"taxonomy":"product_cat","embeddable":true,"href":"https:\/\/yotavis.ch\/de\/wp-json\/wp\/v2\/product_cat?post=9866"},{"taxonomy":"product_tag","embeddable":true,"href":"https:\/\/yotavis.ch\/de\/wp-json\/wp\/v2\/product_tag?post=9866"}],"curies":[{"name":"wp","href":"https:\/\/api.w.org\/{rel}","templated":true}]}}