{"id":9868,"date":"2025-10-09T00:00:00","date_gmt":"2025-10-08T22:00:00","guid":{"rendered":"https:\/\/yotavis.ch\/product\/s820e-0708\/"},"modified":"2026-04-24T13:37:32","modified_gmt":"2026-04-24T11:37:32","slug":"s820e-0708","status":"publish","type":"product","link":"https:\/\/yotavis.ch\/de\/produkt\/s820e-0708\/","title":{"rendered":"S820E-0708"},"content":{"rendered":"<p>Der Anritsu S820E-0708 Microwave Site Master arbeitet in einem Frequenzbereich von 1 MHz bis 8 GHz und ist damit f\u00fcr eine Vielzahl von Mikrowellen-Testanwendungen geeignet. Dieses Handger\u00e4t ist f\u00fcr den Einsatz vor Ort konzipiert und bietet Technikern, die vor Ort arbeiten, Tragbarkeit und Komfort. Es deckt eine Minimalfrequenz von 1.000.000 Hz und eine Maximalfrequenz von 8.000 MHz ab und erm\u00f6glicht so eine umfassende Analyse \u00fcber ein breites Spektrum. Das Ger\u00e4t gibt keine spezifischen Leistungs-, Spannungs- oder Stromwerte an und konzentriert sich stattdessen auf seine Frequenzf\u00e4higkeiten. Sein kompakter Formfaktor erm\u00f6glicht einen einfachen Einsatz in verschiedenen Umgebungen, ohne dass eine umfangreiche Einrichtung erforderlich ist. Das S820E-0708 ist Teil der Mikrowellen-Testger\u00e4te von Anritsu, die f\u00fcr ihre Pr\u00e4zision und Zuverl\u00e4ssigkeit bei der Signalmessung bekannt sind. Dieses Modell ist auf professionelle Anwender zugeschnitten, die eine detaillierte Mikrowellen-Standortanalyse innerhalb des angegebenen Frequenzbereichs ben\u00f6tigen.<\/p>","protected":false},"excerpt":{"rendered":"<p>Microwave Site Master 1MHz bis 8 GHz<\/p>","protected":false},"featured_media":10190,"comment_status":"closed","ping_status":"closed","template":"","meta":{"_acf_changed":false,"slim_seo":{"title":"S820E-0708 - YOTAVIS AG","description":"Microwave Site Master 1MHz bis 8 GHz"}},"product_brand":[758],"product_cat":[523,768],"product_tag":[],"class_list":{"0":"post-9868","1":"product","2":"type-product","3":"status-publish","4":"has-post-thumbnail","6":"product_brand-anritsu","7":"product_cat-analyser","8":"product_cat-cable-antenna-tester","9":"pa_frequency-max-mhz-766","10":"pa_frequency-min-hz-767","11":"pa_handheld-yes","13":"first","14":"instock","15":"taxable","16":"shipping-taxable","17":"product-type-simple"},"acf":[],"_links":{"self":[{"href":"https:\/\/yotavis.ch\/de\/wp-json\/wp\/v2\/product\/9868","targetHints":{"allow":["GET"]}}],"collection":[{"href":"https:\/\/yotavis.ch\/de\/wp-json\/wp\/v2\/product"}],"about":[{"href":"https:\/\/yotavis.ch\/de\/wp-json\/wp\/v2\/types\/product"}],"replies":[{"embeddable":true,"href":"https:\/\/yotavis.ch\/de\/wp-json\/wp\/v2\/comments?post=9868"}],"wp:featuredmedia":[{"embeddable":true,"href":"https:\/\/yotavis.ch\/de\/wp-json\/wp\/v2\/media\/10190"}],"wp:attachment":[{"href":"https:\/\/yotavis.ch\/de\/wp-json\/wp\/v2\/media?parent=9868"}],"wp:term":[{"taxonomy":"product_brand","embeddable":true,"href":"https:\/\/yotavis.ch\/de\/wp-json\/wp\/v2\/product_brand?post=9868"},{"taxonomy":"product_cat","embeddable":true,"href":"https:\/\/yotavis.ch\/de\/wp-json\/wp\/v2\/product_cat?post=9868"},{"taxonomy":"product_tag","embeddable":true,"href":"https:\/\/yotavis.ch\/de\/wp-json\/wp\/v2\/product_tag?post=9868"}],"curies":[{"name":"wp","href":"https:\/\/api.w.org\/{rel}","templated":true}]}}