{"id":9869,"date":"2025-10-09T00:00:00","date_gmt":"2025-10-08T22:00:00","guid":{"rendered":"https:\/\/yotavis.ch\/product\/s820e-0714\/"},"modified":"2026-04-24T13:37:33","modified_gmt":"2026-04-24T11:37:33","slug":"s820e-0714","status":"publish","type":"product","link":"https:\/\/yotavis.ch\/de\/produkt\/s820e-0714\/","title":{"rendered":"S820E-0714"},"content":{"rendered":"<p>Der Anritsu S820E-0714 Microwave Site Master arbeitet in einem Frequenzbereich von 1 MHz bis 14 GHz und eignet sich damit f\u00fcr eine Vielzahl von Mikrowellen-Testanwendungen. Dieses Handger\u00e4t ist f\u00fcr pr\u00e4zise Messungen in diesem umfangreichen Frequenzbereich ausgelegt, der bei 1.000.000 Hz beginnt und bis zu einer maximalen Frequenz von 14.000 MHz reicht. Seine Tragbarkeit erm\u00f6glicht einen bequemen Einsatz im Feld und erleichtert die Analyse und Fehlersuche vor Ort. Das Design des Ger\u00e4ts unterst\u00fctzt effiziente Mikrowellenpr\u00fcfungen vor Ort und stellt sicher, dass die Benutzer ihre Aufgaben ohne sperrige Ger\u00e4te durchf\u00fchren k\u00f6nnen. Das S820E-0714 wurde entwickelt, um die Anforderungen von Fachleuten zu erf\u00fcllen, die zuverl\u00e4ssige Frequenzmessfunktionen in einem kompakten Formfaktor ben\u00f6tigen. Sein Frequenzbereich deckt ein breites Spektrum ab und erm\u00f6glicht die Kompatibilit\u00e4t mit zahlreichen Mikrowellensystemen und -komponenten. Dieses Modell ist Teil der Anritsu-Reihe von Mikrowellenpr\u00fcfger\u00e4ten, die f\u00fcr ihre technischen Spezifikationen bekannt sind, die auf Industriestandards zugeschnitten sind.<\/p>","protected":false},"excerpt":{"rendered":"<p>Microwave Site Master 1MHz bis 14 GHz<\/p>","protected":false},"featured_media":10190,"comment_status":"closed","ping_status":"closed","template":"","meta":{"_acf_changed":false,"slim_seo":{"title":"S820E-0714 - YOTAVIS AG","description":"Microwave Site Master 1MHz bis 14 GHz"}},"product_brand":[758],"product_cat":[523,768],"product_tag":[],"class_list":{"0":"post-9869","1":"product","2":"type-product","3":"status-publish","4":"has-post-thumbnail","6":"product_brand-anritsu","7":"product_cat-analyser","8":"product_cat-cable-antenna-tester","9":"pa_frequency-max-mhz-466","10":"pa_frequency-min-hz-767","11":"pa_handheld-yes","13":"first","14":"instock","15":"taxable","16":"shipping-taxable","17":"product-type-simple"},"acf":[],"_links":{"self":[{"href":"https:\/\/yotavis.ch\/de\/wp-json\/wp\/v2\/product\/9869","targetHints":{"allow":["GET"]}}],"collection":[{"href":"https:\/\/yotavis.ch\/de\/wp-json\/wp\/v2\/product"}],"about":[{"href":"https:\/\/yotavis.ch\/de\/wp-json\/wp\/v2\/types\/product"}],"replies":[{"embeddable":true,"href":"https:\/\/yotavis.ch\/de\/wp-json\/wp\/v2\/comments?post=9869"}],"wp:featuredmedia":[{"embeddable":true,"href":"https:\/\/yotavis.ch\/de\/wp-json\/wp\/v2\/media\/10190"}],"wp:attachment":[{"href":"https:\/\/yotavis.ch\/de\/wp-json\/wp\/v2\/media?parent=9869"}],"wp:term":[{"taxonomy":"product_brand","embeddable":true,"href":"https:\/\/yotavis.ch\/de\/wp-json\/wp\/v2\/product_brand?post=9869"},{"taxonomy":"product_cat","embeddable":true,"href":"https:\/\/yotavis.ch\/de\/wp-json\/wp\/v2\/product_cat?post=9869"},{"taxonomy":"product_tag","embeddable":true,"href":"https:\/\/yotavis.ch\/de\/wp-json\/wp\/v2\/product_tag?post=9869"}],"curies":[{"name":"wp","href":"https:\/\/api.w.org\/{rel}","templated":true}]}}