{"id":9870,"date":"2025-10-09T00:00:00","date_gmt":"2025-10-08T22:00:00","guid":{"rendered":"https:\/\/yotavis.ch\/product\/s820e-0720\/"},"modified":"2026-04-24T13:37:33","modified_gmt":"2026-04-24T11:37:33","slug":"s820e-0720","status":"publish","type":"product","link":"https:\/\/yotavis.ch\/de\/produkt\/s820e-0720\/","title":{"rendered":"S820E-0720"},"content":{"rendered":"<p>Der Anritsu S820E-0720 Microwave Site Master arbeitet in einem Frequenzbereich von 1 MHz bis 20 GHz und bietet damit eine umfassende Abdeckung f\u00fcr Mikrowellen-Testanwendungen. Dieses tragbare Ger\u00e4t ist f\u00fcr den Einsatz vor Ort konzipiert und erm\u00f6glicht die bequeme Mitnahme bei Messungen vor Ort. Es unterst\u00fctzt eine Minimalfrequenz von 1.000.000 Hz und eine Maximalfrequenz von 20.000 MHz, so dass es ein breites Spektrum von Mikrowellensignalen verarbeiten kann. Das Ger\u00e4t macht keine Angaben zu Leistung, Spannung oder Stromst\u00e4rke und konzentriert sich stattdessen auf seine Frequenzf\u00e4higkeiten. Sein kompaktes Design erleichtert den Einsatz in verschiedenen Umgebungen, so dass es sich f\u00fcr Techniker eignet, die unterwegs eine zuverl\u00e4ssige Frequenzanalyse ben\u00f6tigen. Die Spezifikationen des Ger\u00e4ts betonen seine Rolle bei der Pr\u00fcfung von Mikrowellenstandorten ohne zus\u00e4tzliche Funktionen wie Touchscreen oder digitale Kan\u00e4le. Das S820E-0720 ist Teil der Produktlinie von Anritsu, die f\u00fcr die Pr\u00e4zision von Mikrowellenmessger\u00e4ten bekannt ist.<\/p>","protected":false},"excerpt":{"rendered":"<p>Microwave Site Master 1MHz bis 20 GHz<\/p>","protected":false},"featured_media":10190,"comment_status":"closed","ping_status":"closed","template":"","meta":{"_acf_changed":false,"slim_seo":{"title":"S820E-0720 - YOTAVIS AG","description":"Microwave Site Master 1MHz bis 20 GHz"}},"product_brand":[758],"product_cat":[523,768],"product_tag":[],"class_list":{"0":"post-9870","1":"product","2":"type-product","3":"status-publish","4":"has-post-thumbnail","6":"product_brand-anritsu","7":"product_cat-analyser","8":"product_cat-cable-antenna-tester","9":"pa_frequency-max-mhz-467","10":"pa_frequency-min-hz-767","11":"pa_handheld-yes","13":"first","14":"instock","15":"taxable","16":"shipping-taxable","17":"product-type-simple"},"acf":[],"_links":{"self":[{"href":"https:\/\/yotavis.ch\/de\/wp-json\/wp\/v2\/product\/9870","targetHints":{"allow":["GET"]}}],"collection":[{"href":"https:\/\/yotavis.ch\/de\/wp-json\/wp\/v2\/product"}],"about":[{"href":"https:\/\/yotavis.ch\/de\/wp-json\/wp\/v2\/types\/product"}],"replies":[{"embeddable":true,"href":"https:\/\/yotavis.ch\/de\/wp-json\/wp\/v2\/comments?post=9870"}],"wp:featuredmedia":[{"embeddable":true,"href":"https:\/\/yotavis.ch\/de\/wp-json\/wp\/v2\/media\/10190"}],"wp:attachment":[{"href":"https:\/\/yotavis.ch\/de\/wp-json\/wp\/v2\/media?parent=9870"}],"wp:term":[{"taxonomy":"product_brand","embeddable":true,"href":"https:\/\/yotavis.ch\/de\/wp-json\/wp\/v2\/product_brand?post=9870"},{"taxonomy":"product_cat","embeddable":true,"href":"https:\/\/yotavis.ch\/de\/wp-json\/wp\/v2\/product_cat?post=9870"},{"taxonomy":"product_tag","embeddable":true,"href":"https:\/\/yotavis.ch\/de\/wp-json\/wp\/v2\/product_tag?post=9870"}],"curies":[{"name":"wp","href":"https:\/\/api.w.org\/{rel}","templated":true}]}}