{"id":9872,"date":"2025-10-09T00:00:00","date_gmt":"2025-10-08T22:00:00","guid":{"rendered":"https:\/\/yotavis.ch\/product\/s820e-0740\/"},"modified":"2026-04-24T13:37:34","modified_gmt":"2026-04-24T11:37:34","slug":"s820e-0740","status":"publish","type":"product","link":"https:\/\/yotavis.ch\/de\/produkt\/s820e-0740\/","title":{"rendered":"S820E-0740"},"content":{"rendered":"<p>Der Anritsu S820E-0740 Microwave Site Master arbeitet in einem Frequenzbereich von 1 MHz bis 40 GHz und eignet sich damit f\u00fcr eine Vielzahl von Mikrowellen-Testanwendungen. Dieses Handger\u00e4t ist f\u00fcr pr\u00e4zise Messungen und Analysen innerhalb dieses umfangreichen Frequenzspektrums ausgelegt. Seine maximale Frequenzkapazit\u00e4t reicht bis zu 40.000 MHz, w\u00e4hrend die minimale Frequenz bei 1.000.000 Hz beginnt. Das kompakte und tragbare Design erm\u00f6glicht einen einfachen Einsatz im Feld und erleichtert die Pr\u00fcfung und Fehlerbehebung vor Ort. Das Ger\u00e4t gibt keine spezifischen Leistungs-, Spannungs- oder Stromwerte an und konzentriert sich stattdessen auf seine Frequenzleistung. Es ist so ausgestattet, dass es Mikrowellensignale effizient verarbeiten kann, obwohl keine Details \u00fcber seine Ausgangszahl, Fernsteuerungsfunktionen oder Speicherspezifikationen enthalten sind. Das S820E-0740 ist Teil der Anritsu-Reihe von Mikrowellen-Testger\u00e4ten, die f\u00fcr ihre technische Pr\u00e4zision und Zuverl\u00e4ssigkeit in professionellen Umgebungen bekannt sind.<\/p>","protected":false},"excerpt":{"rendered":"<p>Microwave Site Master 1MHz bis 40 GHz<\/p>","protected":false},"featured_media":10190,"comment_status":"closed","ping_status":"closed","template":"","meta":{"_acf_changed":false,"slim_seo":{"title":"S820E-0740 - YOTAVIS AG","description":"Microwave Site Master 1MHz bis 40 GHz"}},"product_brand":[758],"product_cat":[523,768],"product_tag":[],"class_list":{"0":"post-9872","1":"product","2":"type-product","3":"status-publish","4":"has-post-thumbnail","6":"product_brand-anritsu","7":"product_cat-analyser","8":"product_cat-cable-antenna-tester","9":"pa_frequency-max-mhz-770","10":"pa_frequency-min-hz-767","11":"pa_handheld-yes","13":"first","14":"instock","15":"taxable","16":"shipping-taxable","17":"product-type-simple"},"acf":[],"_links":{"self":[{"href":"https:\/\/yotavis.ch\/de\/wp-json\/wp\/v2\/product\/9872","targetHints":{"allow":["GET"]}}],"collection":[{"href":"https:\/\/yotavis.ch\/de\/wp-json\/wp\/v2\/product"}],"about":[{"href":"https:\/\/yotavis.ch\/de\/wp-json\/wp\/v2\/types\/product"}],"replies":[{"embeddable":true,"href":"https:\/\/yotavis.ch\/de\/wp-json\/wp\/v2\/comments?post=9872"}],"wp:featuredmedia":[{"embeddable":true,"href":"https:\/\/yotavis.ch\/de\/wp-json\/wp\/v2\/media\/10190"}],"wp:attachment":[{"href":"https:\/\/yotavis.ch\/de\/wp-json\/wp\/v2\/media?parent=9872"}],"wp:term":[{"taxonomy":"product_brand","embeddable":true,"href":"https:\/\/yotavis.ch\/de\/wp-json\/wp\/v2\/product_brand?post=9872"},{"taxonomy":"product_cat","embeddable":true,"href":"https:\/\/yotavis.ch\/de\/wp-json\/wp\/v2\/product_cat?post=9872"},{"taxonomy":"product_tag","embeddable":true,"href":"https:\/\/yotavis.ch\/de\/wp-json\/wp\/v2\/product_tag?post=9872"}],"curies":[{"name":"wp","href":"https:\/\/api.w.org\/{rel}","templated":true}]}}