{"id":9873,"date":"2025-10-09T00:00:00","date_gmt":"2025-10-08T22:00:00","guid":{"rendered":"https:\/\/yotavis.ch\/product\/s412e\/"},"modified":"2026-04-24T13:37:34","modified_gmt":"2026-04-24T11:37:34","slug":"s412e","status":"publish","type":"product","link":"https:\/\/yotavis.ch\/de\/produkt\/s412e\/","title":{"rendered":"S412E"},"content":{"rendered":"<p>Der Anritsu S412E ist ein Modulations- und Signalanalysator f\u00fcr den Landfunk, der in einem Frequenzbereich von 9 kHz bis 1,6 GHz arbeitet. Er zeichnet sich durch ein Phasenrauschen von -100 dBc\/Hz aus, das eine pr\u00e4zise Signalanalyse gew\u00e4hrleistet. Das Ger\u00e4t bietet eine Analysebandbreite von 10 MHz und einen angezeigten mittleren Rauschpegel (DANL) von -152 dBm\/Hz, was eine detaillierte Signaluntersuchung erm\u00f6glicht. Dieses Handger\u00e4t ist f\u00fcr den Einsatz vor Ort geeignet und bietet Mobilit\u00e4t f\u00fcr verschiedene Anwendungen. Seine Frequenzkapazit\u00e4t deckt ein breites Spektrum ab und macht es vielseitig f\u00fcr verschiedene Kommunikationsstandards einsetzbar. Das S412E verf\u00fcgt nicht \u00fcber eine Echtzeit-Spektrumanalyse (RTSA). Die Kombination aus Frequenzbereich, Phasenrauschleistung und Rauschunterdr\u00fcckung macht es zu einem spezialisierten Werkzeug f\u00fcr die Modulations- und Signalanalyse in mobilen Landfunksystemen.<\/p>","protected":false},"excerpt":{"rendered":"<p>Modulations- und Signalanalysator f\u00fcr den mobilen Landfunk 1,6GHz<\/p>","protected":false},"featured_media":10197,"comment_status":"closed","ping_status":"closed","template":"","meta":{"_acf_changed":false,"slim_seo":{"title":"S412E - YOTAVIS AG","description":"Modulations- und Signalanalysator f\u00fcr den mobilen Landfunk 1,6GHz"}},"product_brand":[758],"product_cat":[523,524],"product_tag":[],"class_list":{"0":"post-9873","1":"product","2":"type-product","3":"status-publish","4":"has-post-thumbnail","6":"product_brand-anritsu","7":"product_cat-analyser","8":"product_cat-signal-spectrum-analyser","9":"pa_analysis-bandwidth-mhz-269","10":"pa_danl-dbm-hz-772","11":"pa_frequency-max-mhz-771","12":"pa_frequency-min-hz-177","13":"pa_handheld-yes","14":"pa_rtsa-no","16":"first","17":"instock","18":"taxable","19":"shipping-taxable","20":"product-type-simple"},"acf":[],"_links":{"self":[{"href":"https:\/\/yotavis.ch\/de\/wp-json\/wp\/v2\/product\/9873","targetHints":{"allow":["GET"]}}],"collection":[{"href":"https:\/\/yotavis.ch\/de\/wp-json\/wp\/v2\/product"}],"about":[{"href":"https:\/\/yotavis.ch\/de\/wp-json\/wp\/v2\/types\/product"}],"replies":[{"embeddable":true,"href":"https:\/\/yotavis.ch\/de\/wp-json\/wp\/v2\/comments?post=9873"}],"wp:featuredmedia":[{"embeddable":true,"href":"https:\/\/yotavis.ch\/de\/wp-json\/wp\/v2\/media\/10197"}],"wp:attachment":[{"href":"https:\/\/yotavis.ch\/de\/wp-json\/wp\/v2\/media?parent=9873"}],"wp:term":[{"taxonomy":"product_brand","embeddable":true,"href":"https:\/\/yotavis.ch\/de\/wp-json\/wp\/v2\/product_brand?post=9873"},{"taxonomy":"product_cat","embeddable":true,"href":"https:\/\/yotavis.ch\/de\/wp-json\/wp\/v2\/product_cat?post=9873"},{"taxonomy":"product_tag","embeddable":true,"href":"https:\/\/yotavis.ch\/de\/wp-json\/wp\/v2\/product_tag?post=9873"}],"curies":[{"name":"wp","href":"https:\/\/api.w.org\/{rel}","templated":true}]}}