{"id":9874,"date":"2025-10-09T00:00:00","date_gmt":"2025-10-08T22:00:00","guid":{"rendered":"https:\/\/yotavis.ch\/product\/s412e-6\/"},"modified":"2026-04-24T13:37:34","modified_gmt":"2026-04-24T11:37:34","slug":"s412e-6","status":"publish","type":"product","link":"https:\/\/yotavis.ch\/de\/produkt\/s412e-6\/","title":{"rendered":"S412E-6"},"content":{"rendered":"<p>Der Anritsu S412E-6 ist ein Modulations- und Signalanalysator f\u00fcr den mobilen Landfunk, der bis zu einer maximalen Frequenz von 6000 MHz und einer minimalen Frequenz von 9000 Hz arbeitet. Mit einem Phasenrauschpegel von -100 dBc\/Hz und einer Analysebandbreite von 10 MHz bietet er detaillierte Signalanalysem\u00f6glichkeiten. Das Ger\u00e4t hat einen angezeigten DANL (Displayed Average Noise Level) von -152 dBm\/Hz, was seine Empfindlichkeit bei der Erkennung von Signalen mit niedrigem Pegel anzeigt. Das Ger\u00e4t wurde als Handger\u00e4t konzipiert und ist daher f\u00fcr den Einsatz vor Ort geeignet. Der Analysator unterst\u00fctzt keine Echtzeit-Spektrumanalyse (RTSA) und konzentriert sich stattdessen auf andere Signalmessfunktionen. Dieses Modell ist f\u00fcr Fachleute geeignet, die eine pr\u00e4zise Modulations- und Signalanalyse innerhalb des angegebenen Frequenzbereichs und der Bandbreitenparameter ben\u00f6tigen.<\/p>","protected":false},"excerpt":{"rendered":"<p>Modulations- und Signalanalysator f\u00fcr den mobilen Landfunk 6GHz<\/p>","protected":false},"featured_media":10197,"comment_status":"closed","ping_status":"closed","template":"","meta":{"_acf_changed":false,"slim_seo":{"title":"S412E-6 - YOTAVIS AG","description":"Modulations- und Signalanalysator f\u00fcr den mobilen Landfunk 6GHz"}},"product_brand":[758],"product_cat":[523,524],"product_tag":[],"class_list":{"0":"post-9874","1":"product","2":"type-product","3":"status-publish","4":"has-post-thumbnail","6":"product_brand-anritsu","7":"product_cat-analyser","8":"product_cat-signal-spectrum-analyser","9":"pa_analysis-bandwidth-mhz-269","10":"pa_danl-dbm-hz-772","11":"pa_frequency-max-mhz-647","12":"pa_frequency-min-hz-177","13":"pa_handheld-yes","14":"pa_rtsa-no","16":"first","17":"instock","18":"taxable","19":"shipping-taxable","20":"product-type-simple"},"acf":[],"_links":{"self":[{"href":"https:\/\/yotavis.ch\/de\/wp-json\/wp\/v2\/product\/9874","targetHints":{"allow":["GET"]}}],"collection":[{"href":"https:\/\/yotavis.ch\/de\/wp-json\/wp\/v2\/product"}],"about":[{"href":"https:\/\/yotavis.ch\/de\/wp-json\/wp\/v2\/types\/product"}],"replies":[{"embeddable":true,"href":"https:\/\/yotavis.ch\/de\/wp-json\/wp\/v2\/comments?post=9874"}],"wp:featuredmedia":[{"embeddable":true,"href":"https:\/\/yotavis.ch\/de\/wp-json\/wp\/v2\/media\/10197"}],"wp:attachment":[{"href":"https:\/\/yotavis.ch\/de\/wp-json\/wp\/v2\/media?parent=9874"}],"wp:term":[{"taxonomy":"product_brand","embeddable":true,"href":"https:\/\/yotavis.ch\/de\/wp-json\/wp\/v2\/product_brand?post=9874"},{"taxonomy":"product_cat","embeddable":true,"href":"https:\/\/yotavis.ch\/de\/wp-json\/wp\/v2\/product_cat?post=9874"},{"taxonomy":"product_tag","embeddable":true,"href":"https:\/\/yotavis.ch\/de\/wp-json\/wp\/v2\/product_tag?post=9874"}],"curies":[{"name":"wp","href":"https:\/\/api.w.org\/{rel}","templated":true}]}}