{"id":9875,"date":"2025-10-09T00:00:00","date_gmt":"2025-10-08T22:00:00","guid":{"rendered":"https:\/\/yotavis.ch\/product\/ms2085a-0804\/"},"modified":"2026-04-24T13:37:34","modified_gmt":"2026-04-24T11:37:34","slug":"ms2085a-0804","status":"publish","type":"product","link":"https:\/\/yotavis.ch\/de\/produkt\/ms2085a-0804\/","title":{"rendered":"MS2085A-0804"},"content":{"rendered":"<p>Der MS2085A-0804 Site Master Cable &amp; Antenna Analyser von Anritsu arbeitet mit einer maximalen Frequenz von 4000 MHz und einer minimalen Frequenz von 5000 Hz. Dieses Handger\u00e4t wurde f\u00fcr den Einsatz vor Ort entwickelt und bietet Tragbarkeit und Komfort f\u00fcr die Kabel- und Antennenanalyse. Es unterst\u00fctzt einen gro\u00dfen Frequenzbereich und eignet sich daher f\u00fcr verschiedene Testszenarien innerhalb der angegebenen Grenzen. Der Analysator ist f\u00fcr Messungen in diesem Spektrum ausger\u00fcstet und gew\u00e4hrleistet die Kompatibilit\u00e4t mit einer Reihe von Kommunikationssystemen. Sein kompakter Formfaktor erm\u00f6glicht einen einfachen Einsatz in verschiedenen Umgebungen und erleichtert die Diagnose und Wartung vor Ort. Die Spezifikationen des Ger\u00e4ts konzentrieren sich auf die Frequenzf\u00e4higkeiten und die Tragbarkeit und entsprechen damit den Anforderungen von Fachleuten, die in der Telekommunikation und verwandten Bereichen arbeiten.<\/p>","protected":false},"excerpt":{"rendered":"<p>Site Master Cable &#038; Antenna Analyser 4GHz<\/p>","protected":false},"featured_media":10202,"comment_status":"closed","ping_status":"closed","template":"","meta":{"_acf_changed":false,"slim_seo":{"title":"MS2085A-0804 - YOTAVIS AG","description":"Site Master Kabel- und Antennenanalysator 4GHz"}},"product_brand":[758],"product_cat":[523,768],"product_tag":[],"class_list":{"0":"post-9875","1":"product","2":"type-product","3":"status-publish","4":"has-post-thumbnail","6":"product_brand-anritsu","7":"product_cat-analyser","8":"product_cat-cable-antenna-tester","9":"pa_frequency-max-mhz-773","10":"pa_frequency-min-hz-774","11":"pa_handheld-yes","13":"first","14":"instock","15":"taxable","16":"shipping-taxable","17":"product-type-simple"},"acf":[],"_links":{"self":[{"href":"https:\/\/yotavis.ch\/de\/wp-json\/wp\/v2\/product\/9875","targetHints":{"allow":["GET"]}}],"collection":[{"href":"https:\/\/yotavis.ch\/de\/wp-json\/wp\/v2\/product"}],"about":[{"href":"https:\/\/yotavis.ch\/de\/wp-json\/wp\/v2\/types\/product"}],"replies":[{"embeddable":true,"href":"https:\/\/yotavis.ch\/de\/wp-json\/wp\/v2\/comments?post=9875"}],"wp:featuredmedia":[{"embeddable":true,"href":"https:\/\/yotavis.ch\/de\/wp-json\/wp\/v2\/media\/10202"}],"wp:attachment":[{"href":"https:\/\/yotavis.ch\/de\/wp-json\/wp\/v2\/media?parent=9875"}],"wp:term":[{"taxonomy":"product_brand","embeddable":true,"href":"https:\/\/yotavis.ch\/de\/wp-json\/wp\/v2\/product_brand?post=9875"},{"taxonomy":"product_cat","embeddable":true,"href":"https:\/\/yotavis.ch\/de\/wp-json\/wp\/v2\/product_cat?post=9875"},{"taxonomy":"product_tag","embeddable":true,"href":"https:\/\/yotavis.ch\/de\/wp-json\/wp\/v2\/product_tag?post=9875"}],"curies":[{"name":"wp","href":"https:\/\/api.w.org\/{rel}","templated":true}]}}