{"id":9876,"date":"2025-10-09T00:00:00","date_gmt":"2025-10-08T22:00:00","guid":{"rendered":"https:\/\/yotavis.ch\/product\/ms2085a-0806\/"},"modified":"2026-04-24T13:37:35","modified_gmt":"2026-04-24T11:37:35","slug":"ms2085a-0806","status":"publish","type":"product","link":"https:\/\/yotavis.ch\/de\/produkt\/ms2085a-0806\/","title":{"rendered":"MS2085A-0806"},"content":{"rendered":"<p>Der MS2085A-0806 Site Master Cable &amp; Antenna Analyser von Anritsu arbeitet mit einem Frequenzbereich von 5.000 Hz bis 6.000 MHz und eignet sich damit f\u00fcr eine Vielzahl von Kabel- und Antennenpr\u00fcfanwendungen. Dieses Handger\u00e4t ist f\u00fcr den Einsatz vor Ort konzipiert und bietet Technikern, die vor Ort arbeiten, Mobilit\u00e4t und Komfort. Seine maximale Frequenzkapazit\u00e4t von 6 GHz erm\u00f6glicht eine detaillierte Analyse von Hochfrequenzsignalen. Der Analysator unterst\u00fctzt pr\u00e4zise Messungen, die f\u00fcr die Wartung und Fehlersuche in Kommunikationssystemen erforderlich sind. Das kompakte Design sorgt f\u00fcr einen einfachen Einsatz in verschiedenen Umgebungen, w\u00e4hrend der Frequenzbereich ein breites Spektrum von Testanforderungen abdeckt. Dieses Modell ist Teil der professionellen Testger\u00e4te von Anritsu, die f\u00fcr ihre Zuverl\u00e4ssigkeit und Genauigkeit bei der Signalanalyse bekannt sind. Das MS2085A-0806 ist mit seiner umfangreichen Frequenzabdeckung und seinem Handheld-Formfaktor auf die Anforderungen der Kabel- und Antennendiagnose zugeschnitten.<\/p>","protected":false},"excerpt":{"rendered":"<p>Site Master Cable &#038; Antenna Analyser 6GHz<\/p>","protected":false},"featured_media":10202,"comment_status":"closed","ping_status":"closed","template":"","meta":{"_acf_changed":false,"slim_seo":{"title":"MS2085A-0806 - YOTAVIS AG","description":"Site Master Kabel- und Antennenanalysator 6GHz"}},"product_brand":[758],"product_cat":[523,768],"product_tag":[],"class_list":{"0":"post-9876","1":"product","2":"type-product","3":"status-publish","4":"has-post-thumbnail","6":"product_brand-anritsu","7":"product_cat-analyser","8":"product_cat-cable-antenna-tester","9":"pa_frequency-max-mhz-647","10":"pa_frequency-min-hz-774","11":"pa_handheld-yes","13":"first","14":"instock","15":"taxable","16":"shipping-taxable","17":"product-type-simple"},"acf":[],"_links":{"self":[{"href":"https:\/\/yotavis.ch\/de\/wp-json\/wp\/v2\/product\/9876","targetHints":{"allow":["GET"]}}],"collection":[{"href":"https:\/\/yotavis.ch\/de\/wp-json\/wp\/v2\/product"}],"about":[{"href":"https:\/\/yotavis.ch\/de\/wp-json\/wp\/v2\/types\/product"}],"replies":[{"embeddable":true,"href":"https:\/\/yotavis.ch\/de\/wp-json\/wp\/v2\/comments?post=9876"}],"wp:featuredmedia":[{"embeddable":true,"href":"https:\/\/yotavis.ch\/de\/wp-json\/wp\/v2\/media\/10202"}],"wp:attachment":[{"href":"https:\/\/yotavis.ch\/de\/wp-json\/wp\/v2\/media?parent=9876"}],"wp:term":[{"taxonomy":"product_brand","embeddable":true,"href":"https:\/\/yotavis.ch\/de\/wp-json\/wp\/v2\/product_brand?post=9876"},{"taxonomy":"product_cat","embeddable":true,"href":"https:\/\/yotavis.ch\/de\/wp-json\/wp\/v2\/product_cat?post=9876"},{"taxonomy":"product_tag","embeddable":true,"href":"https:\/\/yotavis.ch\/de\/wp-json\/wp\/v2\/product_tag?post=9876"}],"curies":[{"name":"wp","href":"https:\/\/api.w.org\/{rel}","templated":true}]}}