{"id":9879,"date":"2025-10-09T00:00:00","date_gmt":"2025-10-08T22:00:00","guid":{"rendered":"https:\/\/yotavis.ch\/product\/ms2089a-0804\/"},"modified":"2026-04-24T13:37:36","modified_gmt":"2026-04-24T11:37:36","slug":"ms2089a-0804","status":"publish","type":"product","link":"https:\/\/yotavis.ch\/de\/produkt\/ms2089a-0804\/","title":{"rendered":"MS2089A-0804"},"content":{"rendered":"<p>Der MS2089A-0804 ist ein Site Master Cable &amp; Antenna Analyser mit einer maximalen Frequenz von 4000 MHz und einer minimalen Frequenz von 5000 Hz. Dieses Handger\u00e4t wurde von Anritsu, einer anerkannten Marke in diesem Bereich, entwickelt. Es bietet pr\u00e4zise Analysem\u00f6glichkeiten f\u00fcr Kabel- und Antennensysteme innerhalb seines spezifizierten Frequenzbereichs. Der Analysator ist tragbar und kann daher bequem in verschiedenen Umgebungen eingesetzt werden. Sein Frequenzbereich unterst\u00fctzt die detaillierte Inspektion und Fehlersuche in Kommunikationssystemen. Das Design des Ger\u00e4ts konzentriert sich auf Funktionalit\u00e4t und Benutzerfreundlichkeit und eignet sich f\u00fcr Fachleute, die zuverl\u00e4ssige Messwerkzeuge f\u00fcr die Praxis ben\u00f6tigen.<\/p>","protected":false},"excerpt":{"rendered":"<p>Site Master Cable &#038; Antenna Analyser 4GHz<\/p>","protected":false},"featured_media":10204,"comment_status":"closed","ping_status":"closed","template":"","meta":{"_acf_changed":false,"slim_seo":{"title":"MS2089A-0804 - YOTAVIS AG","description":"Site Master Kabel- und Antennenanalysator 4GHz"}},"product_brand":[758],"product_cat":[523,768],"product_tag":[],"class_list":{"0":"post-9879","1":"product","2":"type-product","3":"status-publish","4":"has-post-thumbnail","6":"product_brand-anritsu","7":"product_cat-analyser","8":"product_cat-cable-antenna-tester","9":"pa_frequency-max-mhz-773","10":"pa_frequency-min-hz-774","11":"pa_handheld-yes","13":"first","14":"instock","15":"taxable","16":"shipping-taxable","17":"product-type-simple"},"acf":[],"_links":{"self":[{"href":"https:\/\/yotavis.ch\/de\/wp-json\/wp\/v2\/product\/9879","targetHints":{"allow":["GET"]}}],"collection":[{"href":"https:\/\/yotavis.ch\/de\/wp-json\/wp\/v2\/product"}],"about":[{"href":"https:\/\/yotavis.ch\/de\/wp-json\/wp\/v2\/types\/product"}],"replies":[{"embeddable":true,"href":"https:\/\/yotavis.ch\/de\/wp-json\/wp\/v2\/comments?post=9879"}],"wp:featuredmedia":[{"embeddable":true,"href":"https:\/\/yotavis.ch\/de\/wp-json\/wp\/v2\/media\/10204"}],"wp:attachment":[{"href":"https:\/\/yotavis.ch\/de\/wp-json\/wp\/v2\/media?parent=9879"}],"wp:term":[{"taxonomy":"product_brand","embeddable":true,"href":"https:\/\/yotavis.ch\/de\/wp-json\/wp\/v2\/product_brand?post=9879"},{"taxonomy":"product_cat","embeddable":true,"href":"https:\/\/yotavis.ch\/de\/wp-json\/wp\/v2\/product_cat?post=9879"},{"taxonomy":"product_tag","embeddable":true,"href":"https:\/\/yotavis.ch\/de\/wp-json\/wp\/v2\/product_tag?post=9879"}],"curies":[{"name":"wp","href":"https:\/\/api.w.org\/{rel}","templated":true}]}}