{"id":9881,"date":"2025-10-09T00:00:00","date_gmt":"2025-10-08T22:00:00","guid":{"rendered":"https:\/\/yotavis.ch\/product\/ms2089a-0904\/"},"modified":"2026-04-24T13:37:36","modified_gmt":"2026-04-24T11:37:36","slug":"ms2089a-0904","status":"publish","type":"product","link":"https:\/\/yotavis.ch\/de\/produkt\/ms2089a-0904\/","title":{"rendered":"MS2089A-0904"},"content":{"rendered":"<p>Der MS2089A-0904 Site Master Cable &amp; Antenna Analyser von Anritsu arbeitet mit einem Frequenzbereich von 5.000 Hz bis 4.000 MHz und eignet sich damit f\u00fcr eine Vielzahl von Kabel- und Antennenpr\u00fcfanwendungen. Es verf\u00fcgt \u00fcber einen Dynamikbereich von 105 dB, der eine pr\u00e4zise Messung der Signalst\u00e4rke und -qualit\u00e4t erm\u00f6glicht. Dieses Handger\u00e4t ist mit zwei Anschl\u00fcssen ausgestattet, die vielseitige Anschlussm\u00f6glichkeiten f\u00fcr unterschiedliche Pr\u00fcfszenarien bieten. Der kompakte Formfaktor wurde f\u00fcr den Einsatz vor Ort entwickelt und verbessert die Tragbarkeit und den Bedienungskomfort in verschiedenen Umgebungen. Der Analysator verf\u00fcgt \u00fcber Funktionen zur vektoriellen Netzwerkanalyse, die eine detaillierte Pr\u00fcfung und Fehlersuche bei HF-Komponenten erm\u00f6glichen. Seine Spezifikationen betonen die Genauigkeit und Zuverl\u00e4ssigkeit der Signalanalyse und tragen zur effektiven Wartung und Optimierung von Kommunikationssystemen bei.<\/p>","protected":false},"excerpt":{"rendered":"<p>Site Master Cable &#038; Antenna Analyser 4GHz + VNA<\/p>","protected":false},"featured_media":10204,"comment_status":"closed","ping_status":"closed","template":"","meta":{"_acf_changed":false,"slim_seo":{"title":"MS2089A-0904 - YOTAVIS AG","description":"Site Master Kabel- und Antennenanalysator 4GHz + VNA"}},"product_brand":[758],"product_cat":[523,525],"product_tag":[],"class_list":{"0":"post-9881","1":"product","2":"type-product","3":"status-publish","4":"has-post-thumbnail","6":"product_brand-anritsu","7":"product_cat-analyser","8":"product_cat-vna","9":"pa_dynamic-range-db-775","10":"pa_frequency-max-mhz-773","11":"pa_frequency-min-hz-774","12":"pa_handheld-yes","13":"pa_ports-188","15":"first","16":"instock","17":"taxable","18":"shipping-taxable","19":"product-type-simple"},"acf":[],"_links":{"self":[{"href":"https:\/\/yotavis.ch\/de\/wp-json\/wp\/v2\/product\/9881","targetHints":{"allow":["GET"]}}],"collection":[{"href":"https:\/\/yotavis.ch\/de\/wp-json\/wp\/v2\/product"}],"about":[{"href":"https:\/\/yotavis.ch\/de\/wp-json\/wp\/v2\/types\/product"}],"replies":[{"embeddable":true,"href":"https:\/\/yotavis.ch\/de\/wp-json\/wp\/v2\/comments?post=9881"}],"wp:featuredmedia":[{"embeddable":true,"href":"https:\/\/yotavis.ch\/de\/wp-json\/wp\/v2\/media\/10204"}],"wp:attachment":[{"href":"https:\/\/yotavis.ch\/de\/wp-json\/wp\/v2\/media?parent=9881"}],"wp:term":[{"taxonomy":"product_brand","embeddable":true,"href":"https:\/\/yotavis.ch\/de\/wp-json\/wp\/v2\/product_brand?post=9881"},{"taxonomy":"product_cat","embeddable":true,"href":"https:\/\/yotavis.ch\/de\/wp-json\/wp\/v2\/product_cat?post=9881"},{"taxonomy":"product_tag","embeddable":true,"href":"https:\/\/yotavis.ch\/de\/wp-json\/wp\/v2\/product_tag?post=9881"}],"curies":[{"name":"wp","href":"https:\/\/api.w.org\/{rel}","templated":true}]}}