{"id":9884,"date":"2025-10-09T00:00:00","date_gmt":"2025-10-08T22:00:00","guid":{"rendered":"https:\/\/yotavis.ch\/product\/ms2089a-0706\/"},"modified":"2026-04-24T13:37:37","modified_gmt":"2026-04-24T11:37:37","slug":"ms2089a-0706","status":"publish","type":"product","link":"https:\/\/yotavis.ch\/de\/produkt\/ms2089a-0706\/","title":{"rendered":"MS2089A-0706"},"content":{"rendered":"<p>Der MS2089A-0706 Site Master Cable &amp; Antenna Analyser von Anritsu arbeitet mit einer maximalen Frequenz von 6000 MHz und einer minimalen Frequenz von 9000 Hz und eignet sich damit f\u00fcr eine Vielzahl von Pr\u00fcfanwendungen. Das Handger\u00e4t verf\u00fcgt \u00fcber ein Phasenrauschen von -93 dBc\/Hz und gew\u00e4hrleistet eine pr\u00e4zise Signalanalyse. Es verf\u00fcgt \u00fcber eine Analysebandbreite von 40 MHz und einen angezeigten mittleren Rauschpegel (DANL) von -167 dBm\/Hz, was zu seiner Empfindlichkeit bei der Erkennung schwacher Signale beitr\u00e4gt. Der Analysator ist mit einer Echtzeit-Spektrumanalyse (RTSA) ausgestattet, die eine umfassende \u00dcberwachung und Fehlersuche bei Kabel- und Antennensystemen erm\u00f6glicht. Sein tragbares Design erleichtert den Einsatz vor Ort und bietet Technikern, die vor Ort arbeiten, viel Komfort. Die Kombination dieser Spezifikationen unterst\u00fctzt detaillierte und genaue Messaufgaben \u00fcber verschiedene Frequenzbereiche hinweg.<\/p>","protected":false},"excerpt":{"rendered":"<p>Site Master Cable &#038; Antenna Analyser 6GHz + Spectrum<\/p>","protected":false},"featured_media":10204,"comment_status":"closed","ping_status":"closed","template":"","meta":{"_acf_changed":false,"slim_seo":{"title":"MS2089A-0706 - YOTAVIS AG","description":"Site Master Kabel- und Antennenanalysator 6GHz + Spektrum"}},"product_brand":[758],"product_cat":[523,524],"product_tag":[],"class_list":{"0":"post-9884","1":"product","2":"type-product","3":"status-publish","4":"has-post-thumbnail","6":"product_brand-anritsu","7":"product_cat-analyser","8":"product_cat-signal-spectrum-analyser","9":"pa_analysis-bandwidth-mhz-185","10":"pa_danl-dbm-hz-776","11":"pa_frequency-max-mhz-647","12":"pa_frequency-min-hz-177","13":"pa_handheld-yes","14":"pa_rtsa-yes","16":"first","17":"instock","18":"taxable","19":"shipping-taxable","20":"product-type-simple"},"acf":[],"_links":{"self":[{"href":"https:\/\/yotavis.ch\/de\/wp-json\/wp\/v2\/product\/9884","targetHints":{"allow":["GET"]}}],"collection":[{"href":"https:\/\/yotavis.ch\/de\/wp-json\/wp\/v2\/product"}],"about":[{"href":"https:\/\/yotavis.ch\/de\/wp-json\/wp\/v2\/types\/product"}],"replies":[{"embeddable":true,"href":"https:\/\/yotavis.ch\/de\/wp-json\/wp\/v2\/comments?post=9884"}],"wp:featuredmedia":[{"embeddable":true,"href":"https:\/\/yotavis.ch\/de\/wp-json\/wp\/v2\/media\/10204"}],"wp:attachment":[{"href":"https:\/\/yotavis.ch\/de\/wp-json\/wp\/v2\/media?parent=9884"}],"wp:term":[{"taxonomy":"product_brand","embeddable":true,"href":"https:\/\/yotavis.ch\/de\/wp-json\/wp\/v2\/product_brand?post=9884"},{"taxonomy":"product_cat","embeddable":true,"href":"https:\/\/yotavis.ch\/de\/wp-json\/wp\/v2\/product_cat?post=9884"},{"taxonomy":"product_tag","embeddable":true,"href":"https:\/\/yotavis.ch\/de\/wp-json\/wp\/v2\/product_tag?post=9884"}],"curies":[{"name":"wp","href":"https:\/\/api.w.org\/{rel}","templated":true}]}}