{"id":9886,"date":"2025-10-09T00:00:00","date_gmt":"2025-10-08T22:00:00","guid":{"rendered":"https:\/\/yotavis.ch\/product\/s331l\/"},"modified":"2026-04-24T13:37:40","modified_gmt":"2026-04-24T11:37:40","slug":"s331l","status":"publish","type":"product","link":"https:\/\/yotavis.ch\/de\/produkt\/s331l\/","title":{"rendered":"S331L"},"content":{"rendered":"<p>Der Anritsu S331L ist ein tragbarer Kabel- und Antennenanalysator, der f\u00fcr einen Frequenzbereich von 2 MHz bis 4 GHz ausgelegt ist. Dieses Ger\u00e4t unterst\u00fctzt Messungen ab einer Mindestfrequenz von 2.000.000 Hz bis zu einer H\u00f6chstfrequenz von 4.000 MHz. Sein tragbares Design erm\u00f6glicht einen bequemen Einsatz vor Ort und eignet sich daher f\u00fcr verschiedene Pr\u00fcfumgebungen. Der Analysator wurde entwickelt, um genaue und zuverl\u00e4ssige Daten f\u00fcr Kabel- und Antennensysteme zu liefern und so die Wartung und Fehlersuche zu erleichtern. Sein kompakter Formfaktor verbessert die Verwendbarkeit an engen oder abgelegenen Orten, an denen gr\u00f6\u00dfere Ger\u00e4te unpraktisch sein k\u00f6nnen. Das S331L ist Teil der Produktpalette von Anritsu, die f\u00fcr ihre Pr\u00e4zision bei HF-Messger\u00e4ten bekannt ist. Dieses Modell verf\u00fcgt nicht \u00fcber zus\u00e4tzliche Funktionen wie Touchscreen, Fernbedienung oder digitale Kan\u00e4le, sondern konzentriert sich auf die Kernfunktionalit\u00e4t f\u00fcr die Kabel- und Antennenanalyse.<\/p>","protected":false},"excerpt":{"rendered":"<p>Cable &#038; Antenna Analyser 4GHz<\/p>","protected":false},"featured_media":10209,"comment_status":"closed","ping_status":"closed","template":"","meta":{"_acf_changed":false,"slim_seo":{"title":"S331L - YOTAVIS AG","description":"Kabel- und Antennenanalysator 4GHz"}},"product_brand":[758],"product_cat":[523,768],"product_tag":[],"class_list":{"0":"post-9886","1":"product","2":"type-product","3":"status-publish","4":"has-post-thumbnail","6":"product_brand-anritsu","7":"product_cat-analyser","8":"product_cat-cable-antenna-tester","9":"pa_frequency-max-mhz-773","10":"pa_frequency-min-hz-778","11":"pa_handheld-yes","13":"first","14":"instock","15":"taxable","16":"shipping-taxable","17":"product-type-simple"},"acf":[],"_links":{"self":[{"href":"https:\/\/yotavis.ch\/de\/wp-json\/wp\/v2\/product\/9886","targetHints":{"allow":["GET"]}}],"collection":[{"href":"https:\/\/yotavis.ch\/de\/wp-json\/wp\/v2\/product"}],"about":[{"href":"https:\/\/yotavis.ch\/de\/wp-json\/wp\/v2\/types\/product"}],"replies":[{"embeddable":true,"href":"https:\/\/yotavis.ch\/de\/wp-json\/wp\/v2\/comments?post=9886"}],"wp:featuredmedia":[{"embeddable":true,"href":"https:\/\/yotavis.ch\/de\/wp-json\/wp\/v2\/media\/10209"}],"wp:attachment":[{"href":"https:\/\/yotavis.ch\/de\/wp-json\/wp\/v2\/media?parent=9886"}],"wp:term":[{"taxonomy":"product_brand","embeddable":true,"href":"https:\/\/yotavis.ch\/de\/wp-json\/wp\/v2\/product_brand?post=9886"},{"taxonomy":"product_cat","embeddable":true,"href":"https:\/\/yotavis.ch\/de\/wp-json\/wp\/v2\/product_cat?post=9886"},{"taxonomy":"product_tag","embeddable":true,"href":"https:\/\/yotavis.ch\/de\/wp-json\/wp\/v2\/product_tag?post=9886"}],"curies":[{"name":"wp","href":"https:\/\/api.w.org\/{rel}","templated":true}]}}