{"id":9888,"date":"2025-10-09T00:00:00","date_gmt":"2025-10-08T22:00:00","guid":{"rendered":"https:\/\/yotavis.ch\/product\/s331p-0706\/"},"modified":"2026-04-24T13:37:41","modified_gmt":"2026-04-24T11:37:41","slug":"s331p-0706","status":"publish","type":"product","link":"https:\/\/yotavis.ch\/de\/produkt\/s331p-0706\/","title":{"rendered":"S331P-0706"},"content":{"rendered":"<p>Der Anritsu S331P-0706 ist ein ultraportabler Kabel- und Antennenanalysator, der f\u00fcr den Betrieb in einem Frequenzbereich von 150 kHz bis 6 GHz ausgelegt ist. Dieses Ger\u00e4t unterst\u00fctzt Messungen ab einer Mindestfrequenz von 150.000 Hz bis zu einer H\u00f6chstfrequenz von 6.000 MHz. Es wurde entwickelt, um pr\u00e4zise Analysen f\u00fcr Kabel und Antennen in diesem breiten Spektrum zu erm\u00f6glichen. Der Analysator ist nicht handgehalten, was darauf hindeutet, dass er w\u00e4hrend des Gebrauchs eine stabile Aufstellung erfordert. W\u00e4hrend spezifische Details zu Leistung, Spannung, Strom und anderen elektrischen Spezifikationen nicht aufgef\u00fchrt sind, liegt der Schwerpunkt auf seinen Frequenzf\u00e4higkeiten. Das S331P-0706 eignet sich f\u00fcr Anwendungen, die eine detaillierte Frequenzanalyse innerhalb des angegebenen Bereichs erfordern. Sein kompaktes und ultraportables Design erm\u00f6glicht einen einfachen Transport und Einsatz in verschiedenen Testumgebungen. Dieses von Anritsu, einer anerkannten Marke f\u00fcr Test- und Messger\u00e4te, hergestellte Modell legt den Schwerpunkt auf die Frequenzanalyse ohne zus\u00e4tzliche Funktionen wie Touchscreen oder Fernbedienung.<\/p>","protected":false},"excerpt":{"rendered":"<p>Ultraportable cable &#038; antenna analyzer: 150 kHz to 6 GHz<\/p>","protected":false},"featured_media":10211,"comment_status":"closed","ping_status":"closed","template":"","meta":{"_acf_changed":false,"slim_seo":{"title":"S331P-0706 - YOTAVIS AG","description":"Ultraportabler Kabel- und Antennenanalysator: 150 kHz bis 6 GHz"}},"product_brand":[758],"product_cat":[523,768],"product_tag":[],"class_list":{"0":"post-9888","1":"product","2":"type-product","3":"status-publish","4":"has-post-thumbnail","6":"product_brand-anritsu","7":"product_cat-analyser","8":"product_cat-cable-antenna-tester","9":"pa_frequency-max-mhz-647","10":"pa_frequency-min-hz-779","11":"pa_handheld-no","13":"first","14":"instock","15":"taxable","16":"shipping-taxable","17":"product-type-simple"},"acf":[],"_links":{"self":[{"href":"https:\/\/yotavis.ch\/de\/wp-json\/wp\/v2\/product\/9888","targetHints":{"allow":["GET"]}}],"collection":[{"href":"https:\/\/yotavis.ch\/de\/wp-json\/wp\/v2\/product"}],"about":[{"href":"https:\/\/yotavis.ch\/de\/wp-json\/wp\/v2\/types\/product"}],"replies":[{"embeddable":true,"href":"https:\/\/yotavis.ch\/de\/wp-json\/wp\/v2\/comments?post=9888"}],"wp:featuredmedia":[{"embeddable":true,"href":"https:\/\/yotavis.ch\/de\/wp-json\/wp\/v2\/media\/10211"}],"wp:attachment":[{"href":"https:\/\/yotavis.ch\/de\/wp-json\/wp\/v2\/media?parent=9888"}],"wp:term":[{"taxonomy":"product_brand","embeddable":true,"href":"https:\/\/yotavis.ch\/de\/wp-json\/wp\/v2\/product_brand?post=9888"},{"taxonomy":"product_cat","embeddable":true,"href":"https:\/\/yotavis.ch\/de\/wp-json\/wp\/v2\/product_cat?post=9888"},{"taxonomy":"product_tag","embeddable":true,"href":"https:\/\/yotavis.ch\/de\/wp-json\/wp\/v2\/product_tag?post=9888"}],"curies":[{"name":"wp","href":"https:\/\/api.w.org\/{rel}","templated":true}]}}