{"id":9889,"date":"2025-10-09T00:00:00","date_gmt":"2025-10-08T22:00:00","guid":{"rendered":"https:\/\/yotavis.ch\/product\/ms2070a-0703\/"},"modified":"2026-04-24T13:37:41","modified_gmt":"2026-04-24T11:37:41","slug":"ms2070a-0703","status":"publish","type":"product","link":"https:\/\/yotavis.ch\/de\/produkt\/ms2070a-0703\/","title":{"rendered":"MS2070A-0703"},"content":{"rendered":"<p>Der MS2070A-0703 ist ein tragbarer HF-Spektrumanalysator von Anritsu, der f\u00fcr den Betrieb in einem Frequenzbereich von 9 kHz bis 3 GHz ausgelegt ist. Er verf\u00fcgt \u00fcber eine Analysebandbreite von 20 MHz, was eine detaillierte Untersuchung von Signalspektren innerhalb dieses Bereichs erm\u00f6glicht. Das Ger\u00e4t bietet einen Phasenrauschpegel von -93 dBc\/Hz, was zu seiner F\u00e4higkeit beitr\u00e4gt, die Signalqualit\u00e4t genau zu messen. Dar\u00fcber hinaus weist es einen angezeigten mittleren Rauschpegel (DANL) von -167 dBm\/Hz auf, was seine Empfindlichkeit f\u00fcr Signale mit niedrigem Pegel zeigt. Dieser Spektrumanalysator ist tragbar und handlich und eignet sich daher f\u00fcr den Einsatz im Feld und f\u00fcr Pr\u00fcfungen vor Ort. Er verf\u00fcgt nicht \u00fcber Echtzeit-Spektrumanalyse (RTSA). Die Kombination aus Frequenzbereich, Bandbreite und Rauschverhalten macht ihn zu einem vielseitigen Werkzeug f\u00fcr die HF-Signalanalyse in verschiedenen Anwendungen.<\/p>","protected":false},"excerpt":{"rendered":"<p>Handheld RF-Spektrumanalysator 3 GHz<\/p>","protected":false},"featured_media":10215,"comment_status":"closed","ping_status":"closed","template":"","meta":{"_acf_changed":false,"slim_seo":{"title":"MS2070A-0703 - YOTAVIS AG","description":"Handheld RF-Spektrumanalysator 3 GHz"}},"product_brand":[758],"product_cat":[523,524],"product_tag":[],"class_list":{"0":"post-9889","1":"product","2":"type-product","3":"status-publish","4":"has-post-thumbnail","6":"product_brand-anritsu","7":"product_cat-analyser","8":"product_cat-signal-spectrum-analyser","9":"pa_analysis-bandwidth-mhz-781","10":"pa_danl-dbm-hz-776","11":"pa_frequency-max-mhz-780","12":"pa_frequency-min-hz-177","13":"pa_handheld-yes","14":"pa_rtsa-no","16":"first","17":"instock","18":"taxable","19":"shipping-taxable","20":"product-type-simple"},"acf":[],"_links":{"self":[{"href":"https:\/\/yotavis.ch\/de\/wp-json\/wp\/v2\/product\/9889","targetHints":{"allow":["GET"]}}],"collection":[{"href":"https:\/\/yotavis.ch\/de\/wp-json\/wp\/v2\/product"}],"about":[{"href":"https:\/\/yotavis.ch\/de\/wp-json\/wp\/v2\/types\/product"}],"replies":[{"embeddable":true,"href":"https:\/\/yotavis.ch\/de\/wp-json\/wp\/v2\/comments?post=9889"}],"wp:featuredmedia":[{"embeddable":true,"href":"https:\/\/yotavis.ch\/de\/wp-json\/wp\/v2\/media\/10215"}],"wp:attachment":[{"href":"https:\/\/yotavis.ch\/de\/wp-json\/wp\/v2\/media?parent=9889"}],"wp:term":[{"taxonomy":"product_brand","embeddable":true,"href":"https:\/\/yotavis.ch\/de\/wp-json\/wp\/v2\/product_brand?post=9889"},{"taxonomy":"product_cat","embeddable":true,"href":"https:\/\/yotavis.ch\/de\/wp-json\/wp\/v2\/product_cat?post=9889"},{"taxonomy":"product_tag","embeddable":true,"href":"https:\/\/yotavis.ch\/de\/wp-json\/wp\/v2\/product_tag?post=9889"}],"curies":[{"name":"wp","href":"https:\/\/api.w.org\/{rel}","templated":true}]}}