{"id":9890,"date":"2025-10-09T00:00:00","date_gmt":"2025-10-08T22:00:00","guid":{"rendered":"https:\/\/yotavis.ch\/product\/ms2080a-0704\/"},"modified":"2026-04-24T13:37:41","modified_gmt":"2026-04-24T11:37:41","slug":"ms2080a-0704","status":"publish","type":"product","link":"https:\/\/yotavis.ch\/de\/produkt\/ms2080a-0704\/","title":{"rendered":"MS2080A-0704"},"content":{"rendered":"<p>Der MS2080A-0704 ist ein tragbarer HF-Spektrumanalysator von Anritsu, der f\u00fcr den Betrieb in einem Frequenzbereich von 9 kHz bis 4 GHz ausgelegt ist. Er zeichnet sich durch ein Phasenrauschen von -93 dBc\/Hz aus, das eine pr\u00e4zise Signalanalyse gew\u00e4hrleistet. Das Ger\u00e4t unterst\u00fctzt eine Analysebandbreite von 40 MHz und verf\u00fcgt \u00fcber Echtzeit-Spektrumanalyse (RTSA). Der angezeigte mittlere Rauschpegel (DANL) liegt bei -167 dBm\/Hz und erm\u00f6glicht die Erkennung von Signalen mit sehr niedrigem Pegel. Das Handheld-Design erleichtert die Tragbarkeit und den Einsatz in verschiedenen Feldanwendungen. Dieser Spektrumanalysator eignet sich f\u00fcr die detaillierte Untersuchung von HF-Signalen \u00fcber ein breites Frequenzspektrum und ist damit ein vielseitiges Werkzeug f\u00fcr Fachleute, die genaue und zuverl\u00e4ssige Messungen ben\u00f6tigen.<\/p>","protected":false},"excerpt":{"rendered":"<p>Handheld RF-Spektrumanalysator 4 GHz<\/p>","protected":false},"featured_media":10222,"comment_status":"closed","ping_status":"closed","template":"","meta":{"_acf_changed":false,"slim_seo":{"title":"MS2080A-0704 - YOTAVIS AG","description":"Handheld RF-Spektrumanalysator 4 GHz"}},"product_brand":[758],"product_cat":[523,524],"product_tag":[],"class_list":{"0":"post-9890","1":"product","2":"type-product","3":"status-publish","4":"has-post-thumbnail","6":"product_brand-anritsu","7":"product_cat-analyser","8":"product_cat-signal-spectrum-analyser","9":"pa_analysis-bandwidth-mhz-185","10":"pa_danl-dbm-hz-776","11":"pa_frequency-max-mhz-773","12":"pa_frequency-min-hz-177","13":"pa_handheld-yes","14":"pa_rtsa-yes","16":"first","17":"instock","18":"taxable","19":"shipping-taxable","20":"product-type-simple"},"acf":[],"_links":{"self":[{"href":"https:\/\/yotavis.ch\/de\/wp-json\/wp\/v2\/product\/9890","targetHints":{"allow":["GET"]}}],"collection":[{"href":"https:\/\/yotavis.ch\/de\/wp-json\/wp\/v2\/product"}],"about":[{"href":"https:\/\/yotavis.ch\/de\/wp-json\/wp\/v2\/types\/product"}],"replies":[{"embeddable":true,"href":"https:\/\/yotavis.ch\/de\/wp-json\/wp\/v2\/comments?post=9890"}],"wp:featuredmedia":[{"embeddable":true,"href":"https:\/\/yotavis.ch\/de\/wp-json\/wp\/v2\/media\/10222"}],"wp:attachment":[{"href":"https:\/\/yotavis.ch\/de\/wp-json\/wp\/v2\/media?parent=9890"}],"wp:term":[{"taxonomy":"product_brand","embeddable":true,"href":"https:\/\/yotavis.ch\/de\/wp-json\/wp\/v2\/product_brand?post=9890"},{"taxonomy":"product_cat","embeddable":true,"href":"https:\/\/yotavis.ch\/de\/wp-json\/wp\/v2\/product_cat?post=9890"},{"taxonomy":"product_tag","embeddable":true,"href":"https:\/\/yotavis.ch\/de\/wp-json\/wp\/v2\/product_tag?post=9890"}],"curies":[{"name":"wp","href":"https:\/\/api.w.org\/{rel}","templated":true}]}}