{"id":9891,"date":"2025-10-09T00:00:00","date_gmt":"2025-10-08T22:00:00","guid":{"rendered":"https:\/\/yotavis.ch\/product\/ms2080a-0706\/"},"modified":"2026-04-24T13:37:42","modified_gmt":"2026-04-24T11:37:42","slug":"ms2080a-0706","status":"publish","type":"product","link":"https:\/\/yotavis.ch\/de\/produkt\/ms2080a-0706\/","title":{"rendered":"MS2080A-0706"},"content":{"rendered":"<p>Der MS2080A-0706 ist ein tragbarer HF-Spektrumanalysator von Anritsu, der bis zu einer maximalen Frequenz von 6 GHz arbeiten kann. Er verf\u00fcgt \u00fcber eine Mindestfrequenz von 9 kHz und erm\u00f6glicht so eine breite Palette von Signalanalysen. Das Ger\u00e4t verf\u00fcgt \u00fcber eine RTSA-Funktion (Real-Time Spectrum Analyzer), die die F\u00e4higkeit zur Erfassung und Analyse von Signalen in Echtzeit verbessert. Es bietet eine Analysebandbreite von 40 MHz, die eine detaillierte Untersuchung der Signaleigenschaften erm\u00f6glicht. Das Phasenrauschen wird mit -93 dBc\/Hz angegeben und tr\u00e4gt zur Genauigkeit der Messungen bei. Dar\u00fcber hinaus weist das Ger\u00e4t einen angezeigten mittleren Rauschpegel (DANL) von -167 dBm\/Hz auf, was auf seine Empfindlichkeit gegen\u00fcber Signalen mit niedrigem Pegel hinweist. Das MS2080A-0706 ist tragbar und benutzerfreundlich, da es in der Hand gehalten wird, was Messungen im Feld und Pr\u00fcfungen vor Ort erleichtert.<\/p>","protected":false},"excerpt":{"rendered":"<p>Handheld RF-Spektrumanalysator 6 GHz<\/p>","protected":false},"featured_media":10222,"comment_status":"closed","ping_status":"closed","template":"","meta":{"_acf_changed":false,"slim_seo":{"title":"MS2080A-0706 - YOTAVIS AG","description":"Handheld RF-Spektrumanalysator 6 GHz"}},"product_brand":[758],"product_cat":[523,524],"product_tag":[],"class_list":{"0":"post-9891","1":"product","2":"type-product","3":"status-publish","4":"has-post-thumbnail","6":"product_brand-anritsu","7":"product_cat-analyser","8":"product_cat-signal-spectrum-analyser","9":"pa_analysis-bandwidth-mhz-185","10":"pa_danl-dbm-hz-776","11":"pa_frequency-max-mhz-647","12":"pa_frequency-min-hz-177","13":"pa_handheld-yes","14":"pa_rtsa-yes","16":"first","17":"instock","18":"taxable","19":"shipping-taxable","20":"product-type-simple"},"acf":[],"_links":{"self":[{"href":"https:\/\/yotavis.ch\/de\/wp-json\/wp\/v2\/product\/9891","targetHints":{"allow":["GET"]}}],"collection":[{"href":"https:\/\/yotavis.ch\/de\/wp-json\/wp\/v2\/product"}],"about":[{"href":"https:\/\/yotavis.ch\/de\/wp-json\/wp\/v2\/types\/product"}],"replies":[{"embeddable":true,"href":"https:\/\/yotavis.ch\/de\/wp-json\/wp\/v2\/comments?post=9891"}],"wp:featuredmedia":[{"embeddable":true,"href":"https:\/\/yotavis.ch\/de\/wp-json\/wp\/v2\/media\/10222"}],"wp:attachment":[{"href":"https:\/\/yotavis.ch\/de\/wp-json\/wp\/v2\/media?parent=9891"}],"wp:term":[{"taxonomy":"product_brand","embeddable":true,"href":"https:\/\/yotavis.ch\/de\/wp-json\/wp\/v2\/product_brand?post=9891"},{"taxonomy":"product_cat","embeddable":true,"href":"https:\/\/yotavis.ch\/de\/wp-json\/wp\/v2\/product_cat?post=9891"},{"taxonomy":"product_tag","embeddable":true,"href":"https:\/\/yotavis.ch\/de\/wp-json\/wp\/v2\/product_tag?post=9891"}],"curies":[{"name":"wp","href":"https:\/\/api.w.org\/{rel}","templated":true}]}}