{"id":9892,"date":"2025-10-09T00:00:00","date_gmt":"2025-10-08T22:00:00","guid":{"rendered":"https:\/\/yotavis.ch\/product\/ms2090a-0709\/"},"modified":"2026-04-24T13:37:42","modified_gmt":"2026-04-24T11:37:42","slug":"ms2090a-0709","status":"publish","type":"product","link":"https:\/\/yotavis.ch\/de\/produkt\/ms2090a-0709\/","title":{"rendered":"MS2090A-0709"},"content":{"rendered":"<p>Der MS2090A-0709 von Anritsu ist ein tragbarer Hochfrequenz-HF-Spektrumanalysator, der bis zu 9 GHz arbeiten kann. Er zeichnet sich durch ein Phasenrauschen von -102 dBc\/Hz aus, das eine pr\u00e4zise Signalanalyse gew\u00e4hrleistet. Das Ger\u00e4t unterst\u00fctzt eine Analysebandbreite von 150 MHz und erm\u00f6glicht so eine detaillierte Untersuchung der Signaleigenschaften innerhalb dieses Bereichs. Das Ger\u00e4t verf\u00fcgt au\u00dferdem \u00fcber eine Echtzeit-Spektrumanalyse (RTSA), die die F\u00e4higkeit zur Erfassung und Analyse transienter Signale verbessert. Der angezeigte DANL-Wert (Displayed Average Noise Level) betr\u00e4gt -164 dBm\/Hz, was die Empfindlichkeit des Ger\u00e4ts bei der Erkennung von Signalen mit niedrigem Pegel anzeigt. Dieses tragbare Ger\u00e4t erleichtert Feldmessungen und Pr\u00fcfungen vor Ort. Der Frequenzbereich reicht von 9.000 Hz bis 9.000 MHz und deckt damit ein breites Spektrum f\u00fcr verschiedene Anwendungen ab.<\/p>","protected":false},"excerpt":{"rendered":"<p>Hochfrequenz-Handheld-RF-Spektrumanalysator 9GHz<\/p>","protected":false},"featured_media":10228,"comment_status":"closed","ping_status":"closed","template":"","meta":{"_acf_changed":false,"slim_seo":{"title":"MS2090A-0709 - YOTAVIS AG","description":"Hochfrequenz-Handheld-RF-Spektrumanalysator 9GHz"}},"product_brand":[758],"product_cat":[523,524],"product_tag":[],"class_list":{"0":"post-9892","1":"product","2":"type-product","3":"status-publish","4":"has-post-thumbnail","6":"product_brand-anritsu","7":"product_cat-analyser","8":"product_cat-signal-spectrum-analyser","9":"pa_analysis-bandwidth-mhz-783","10":"pa_danl-dbm-hz-784","11":"pa_frequency-max-mhz-782","12":"pa_frequency-min-hz-177","13":"pa_handheld-yes","14":"pa_rtsa-yes","16":"first","17":"instock","18":"taxable","19":"shipping-taxable","20":"product-type-simple"},"acf":[],"_links":{"self":[{"href":"https:\/\/yotavis.ch\/de\/wp-json\/wp\/v2\/product\/9892","targetHints":{"allow":["GET"]}}],"collection":[{"href":"https:\/\/yotavis.ch\/de\/wp-json\/wp\/v2\/product"}],"about":[{"href":"https:\/\/yotavis.ch\/de\/wp-json\/wp\/v2\/types\/product"}],"replies":[{"embeddable":true,"href":"https:\/\/yotavis.ch\/de\/wp-json\/wp\/v2\/comments?post=9892"}],"wp:featuredmedia":[{"embeddable":true,"href":"https:\/\/yotavis.ch\/de\/wp-json\/wp\/v2\/media\/10228"}],"wp:attachment":[{"href":"https:\/\/yotavis.ch\/de\/wp-json\/wp\/v2\/media?parent=9892"}],"wp:term":[{"taxonomy":"product_brand","embeddable":true,"href":"https:\/\/yotavis.ch\/de\/wp-json\/wp\/v2\/product_brand?post=9892"},{"taxonomy":"product_cat","embeddable":true,"href":"https:\/\/yotavis.ch\/de\/wp-json\/wp\/v2\/product_cat?post=9892"},{"taxonomy":"product_tag","embeddable":true,"href":"https:\/\/yotavis.ch\/de\/wp-json\/wp\/v2\/product_tag?post=9892"}],"curies":[{"name":"wp","href":"https:\/\/api.w.org\/{rel}","templated":true}]}}