{"id":9893,"date":"2025-10-09T00:00:00","date_gmt":"2025-10-08T22:00:00","guid":{"rendered":"https:\/\/yotavis.ch\/product\/ms2090a-0714\/"},"modified":"2026-04-24T13:37:42","modified_gmt":"2026-04-24T11:37:42","slug":"ms2090a-0714","status":"publish","type":"product","link":"https:\/\/yotavis.ch\/de\/produkt\/ms2090a-0714\/","title":{"rendered":"MS2090A-0714"},"content":{"rendered":"<p>Der MS2090A-0714 von Anritsu ist ein tragbarer Hochfrequenz-HF-Spektrumanalysator, der bis zu 14 GHz arbeiten kann. Der Frequenzbereich beginnt bei 9 kHz und reicht bis zu einem Maximum von 14.000 MHz. Das Ger\u00e4t verf\u00fcgt \u00fcber ein Phasenrauschen von -102 dBc\/Hz, das f\u00fcr die Beurteilung der Signalreinheit entscheidend ist. Der Analysator unterst\u00fctzt eine Analysebandbreite von 150 MHz, was eine detaillierte Untersuchung von Signalkomponenten innerhalb dieses Bereichs erm\u00f6glicht. Au\u00dferdem bietet er einen angezeigten mittleren Rauschpegel (DANL) von -164 dBm\/Hz, was auf seine Empfindlichkeit gegen\u00fcber Signalen mit niedrigem Pegel hinweist. Das MS2090A-0714 ist f\u00fcr den Handgebrauch konzipiert und bietet somit Mobilit\u00e4t f\u00fcr Messungen vor Ort. Dar\u00fcber hinaus verf\u00fcgt er \u00fcber Echtzeit-Spektrumanalyse-Funktionen (RTSA), die die Erfassung und Analyse von transienten und dynamischen Signalen in Echtzeit erm\u00f6glichen.<\/p>","protected":false},"excerpt":{"rendered":"<p>Hochfrequenz-Handheld-RF-Spektrumanalysator 14GHz<\/p>","protected":false},"featured_media":10228,"comment_status":"closed","ping_status":"closed","template":"","meta":{"_acf_changed":false,"slim_seo":{"title":"MS2090A-0714 - YOTAVIS AG","description":"Hochfrequenz-Handheld-RF-Spektrumanalysator 14GHz"}},"product_brand":[758],"product_cat":[523,524],"product_tag":[],"class_list":{"0":"post-9893","1":"product","2":"type-product","3":"status-publish","4":"has-post-thumbnail","6":"product_brand-anritsu","7":"product_cat-analyser","8":"product_cat-signal-spectrum-analyser","9":"pa_analysis-bandwidth-mhz-783","10":"pa_danl-dbm-hz-784","11":"pa_frequency-max-mhz-466","12":"pa_frequency-min-hz-177","13":"pa_handheld-yes","14":"pa_rtsa-yes","16":"first","17":"instock","18":"taxable","19":"shipping-taxable","20":"product-type-simple"},"acf":[],"_links":{"self":[{"href":"https:\/\/yotavis.ch\/de\/wp-json\/wp\/v2\/product\/9893","targetHints":{"allow":["GET"]}}],"collection":[{"href":"https:\/\/yotavis.ch\/de\/wp-json\/wp\/v2\/product"}],"about":[{"href":"https:\/\/yotavis.ch\/de\/wp-json\/wp\/v2\/types\/product"}],"replies":[{"embeddable":true,"href":"https:\/\/yotavis.ch\/de\/wp-json\/wp\/v2\/comments?post=9893"}],"wp:featuredmedia":[{"embeddable":true,"href":"https:\/\/yotavis.ch\/de\/wp-json\/wp\/v2\/media\/10228"}],"wp:attachment":[{"href":"https:\/\/yotavis.ch\/de\/wp-json\/wp\/v2\/media?parent=9893"}],"wp:term":[{"taxonomy":"product_brand","embeddable":true,"href":"https:\/\/yotavis.ch\/de\/wp-json\/wp\/v2\/product_brand?post=9893"},{"taxonomy":"product_cat","embeddable":true,"href":"https:\/\/yotavis.ch\/de\/wp-json\/wp\/v2\/product_cat?post=9893"},{"taxonomy":"product_tag","embeddable":true,"href":"https:\/\/yotavis.ch\/de\/wp-json\/wp\/v2\/product_tag?post=9893"}],"curies":[{"name":"wp","href":"https:\/\/api.w.org\/{rel}","templated":true}]}}