{"id":9894,"date":"2025-10-09T00:00:00","date_gmt":"2025-10-08T22:00:00","guid":{"rendered":"https:\/\/yotavis.ch\/product\/ms2090a-0720\/"},"modified":"2026-04-24T13:37:43","modified_gmt":"2026-04-24T11:37:43","slug":"ms2090a-0720","status":"publish","type":"product","link":"https:\/\/yotavis.ch\/de\/produkt\/ms2090a-0720\/","title":{"rendered":"MS2090A-0720"},"content":{"rendered":"<p>Der MS2090A-0720 von Anritsu ist ein tragbarer Hochfrequenz-HF-Spektrumanalysator, der bis zu 20 GHz arbeiten kann. Er verf\u00fcgt \u00fcber einen Frequenzbereich von 9 kHz bis maximal 20.000 MHz und ist damit f\u00fcr eine Vielzahl von Hochfrequenzanwendungen geeignet. Das Ger\u00e4t verf\u00fcgt \u00fcber einen Echtzeit-Spektrumanalysator (RTSA), der eine erweiterte Signalanalyse erm\u00f6glicht. Die Analysebandbreite betr\u00e4gt 150 MHz und liefert detaillierte Frequenzbereichsinformationen. Die Spezifikation des Phasenrauschens liegt bei -102 dBc\/Hz, was f\u00fcr die Beurteilung der Signalreinheit entscheidend ist. Das Ger\u00e4t bietet au\u00dferdem einen angezeigten mittleren Rauschpegel (DANL) von -164 dBm\/Hz, was auf seine Empfindlichkeit gegen\u00fcber schwachen Signalen hinweist. Der MS2090A-0720 ist tragbar und erleichtert Messungen vor Ort, ohne dass sperrige Ger\u00e4te ben\u00f6tigt werden.<\/p>","protected":false},"excerpt":{"rendered":"<p>Hochfrequenz-Handheld-RF-Spektrumanalysator 20GHz<\/p>","protected":false},"featured_media":10228,"comment_status":"closed","ping_status":"closed","template":"","meta":{"_acf_changed":false,"slim_seo":{"title":"MS2090A-0720 - YOTAVIS AG","description":"Hochfrequenz-Handheld-RF-Spektrumanalysator 20GHz"}},"product_brand":[758],"product_cat":[523,524],"product_tag":[],"class_list":{"0":"post-9894","1":"product","2":"type-product","3":"status-publish","4":"has-post-thumbnail","6":"product_brand-anritsu","7":"product_cat-analyser","8":"product_cat-signal-spectrum-analyser","9":"pa_analysis-bandwidth-mhz-783","10":"pa_danl-dbm-hz-784","11":"pa_frequency-max-mhz-467","12":"pa_frequency-min-hz-177","13":"pa_handheld-yes","14":"pa_rtsa-yes","16":"first","17":"instock","18":"taxable","19":"shipping-taxable","20":"product-type-simple"},"acf":[],"_links":{"self":[{"href":"https:\/\/yotavis.ch\/de\/wp-json\/wp\/v2\/product\/9894","targetHints":{"allow":["GET"]}}],"collection":[{"href":"https:\/\/yotavis.ch\/de\/wp-json\/wp\/v2\/product"}],"about":[{"href":"https:\/\/yotavis.ch\/de\/wp-json\/wp\/v2\/types\/product"}],"replies":[{"embeddable":true,"href":"https:\/\/yotavis.ch\/de\/wp-json\/wp\/v2\/comments?post=9894"}],"wp:featuredmedia":[{"embeddable":true,"href":"https:\/\/yotavis.ch\/de\/wp-json\/wp\/v2\/media\/10228"}],"wp:attachment":[{"href":"https:\/\/yotavis.ch\/de\/wp-json\/wp\/v2\/media?parent=9894"}],"wp:term":[{"taxonomy":"product_brand","embeddable":true,"href":"https:\/\/yotavis.ch\/de\/wp-json\/wp\/v2\/product_brand?post=9894"},{"taxonomy":"product_cat","embeddable":true,"href":"https:\/\/yotavis.ch\/de\/wp-json\/wp\/v2\/product_cat?post=9894"},{"taxonomy":"product_tag","embeddable":true,"href":"https:\/\/yotavis.ch\/de\/wp-json\/wp\/v2\/product_tag?post=9894"}],"curies":[{"name":"wp","href":"https:\/\/api.w.org\/{rel}","templated":true}]}}