{"id":9895,"date":"2025-10-09T00:00:00","date_gmt":"2025-10-08T22:00:00","guid":{"rendered":"https:\/\/yotavis.ch\/product\/ms2090a-0726\/"},"modified":"2026-04-24T13:37:43","modified_gmt":"2026-04-24T11:37:43","slug":"ms2090a-0726","status":"publish","type":"product","link":"https:\/\/yotavis.ch\/de\/produkt\/ms2090a-0726\/","title":{"rendered":"MS2090A-0726"},"content":{"rendered":"<p>Der MS2090A-0726 von Anritsu ist ein tragbarer Hochfrequenz-HF-Spektrumanalysator, der bis zu 26,5 GHz arbeiten kann. Er verf\u00fcgt \u00fcber eine Mindestfrequenz von 9 kHz und bietet eine Analysebandbreite von 150 MHz. Das Ger\u00e4t verf\u00fcgt \u00fcber eine RTSA-Funktion (Real-Time Spectrum Analyzer), die die F\u00e4higkeit zur Erfassung und Analyse von Signalen in Echtzeit verbessert. Das Phasenrauschen wird mit -102 dBc\/Hz angegeben, was zur Pr\u00e4zision der Signalmessung beitr\u00e4gt. Dar\u00fcber hinaus verf\u00fcgt das Ger\u00e4t \u00fcber einen angezeigten mittleren Rauschpegel (DANL) von -164 dBm\/Hz, was seine Empfindlichkeit gegen\u00fcber schwachen Signalen verdeutlicht. Der tragbare Formfaktor des Ger\u00e4ts erm\u00f6glicht einen bequemen Einsatz vor Ort. Der MS2090A-0726 vereint einen hohen Frequenzbereich und Echtzeit-Analysefunktionen in einem kompakten Handheld-Design.<\/p>","protected":false},"excerpt":{"rendered":"<p>Hochfrequenz-Handger\u00e4t RF-Spektralanalysator 26,5GHz<\/p>","protected":false},"featured_media":10228,"comment_status":"closed","ping_status":"closed","template":"","meta":{"_acf_changed":false,"slim_seo":{"title":"MS2090A-0726 - YOTAVIS AG","description":"Hochfrequenz-Handger\u00e4t RF-Spektralanalysator 26,5GHz"}},"product_brand":[758],"product_cat":[523,524],"product_tag":[],"class_list":{"0":"post-9895","1":"product","2":"type-product","3":"status-publish","4":"has-post-thumbnail","6":"product_brand-anritsu","7":"product_cat-analyser","8":"product_cat-signal-spectrum-analyser","9":"pa_analysis-bandwidth-mhz-783","10":"pa_danl-dbm-hz-784","11":"pa_frequency-max-mhz-465","12":"pa_frequency-min-hz-177","13":"pa_handheld-yes","14":"pa_rtsa-yes","16":"first","17":"instock","18":"taxable","19":"shipping-taxable","20":"product-type-simple"},"acf":[],"_links":{"self":[{"href":"https:\/\/yotavis.ch\/de\/wp-json\/wp\/v2\/product\/9895","targetHints":{"allow":["GET"]}}],"collection":[{"href":"https:\/\/yotavis.ch\/de\/wp-json\/wp\/v2\/product"}],"about":[{"href":"https:\/\/yotavis.ch\/de\/wp-json\/wp\/v2\/types\/product"}],"replies":[{"embeddable":true,"href":"https:\/\/yotavis.ch\/de\/wp-json\/wp\/v2\/comments?post=9895"}],"wp:featuredmedia":[{"embeddable":true,"href":"https:\/\/yotavis.ch\/de\/wp-json\/wp\/v2\/media\/10228"}],"wp:attachment":[{"href":"https:\/\/yotavis.ch\/de\/wp-json\/wp\/v2\/media?parent=9895"}],"wp:term":[{"taxonomy":"product_brand","embeddable":true,"href":"https:\/\/yotavis.ch\/de\/wp-json\/wp\/v2\/product_brand?post=9895"},{"taxonomy":"product_cat","embeddable":true,"href":"https:\/\/yotavis.ch\/de\/wp-json\/wp\/v2\/product_cat?post=9895"},{"taxonomy":"product_tag","embeddable":true,"href":"https:\/\/yotavis.ch\/de\/wp-json\/wp\/v2\/product_tag?post=9895"}],"curies":[{"name":"wp","href":"https:\/\/api.w.org\/{rel}","templated":true}]}}