{"id":9896,"date":"2025-10-09T00:00:00","date_gmt":"2025-10-08T22:00:00","guid":{"rendered":"https:\/\/yotavis.ch\/product\/ms2090a-0732\/"},"modified":"2026-04-24T13:37:43","modified_gmt":"2026-04-24T11:37:43","slug":"ms2090a-0732","status":"publish","type":"product","link":"https:\/\/yotavis.ch\/de\/produkt\/ms2090a-0732\/","title":{"rendered":"MS2090A-0732"},"content":{"rendered":"<p>Der MS2090A-0732 von Anritsu ist ein tragbarer Hochfrequenz-HF-Spektrumanalysator, der bis zu 32 GHz arbeiten kann. Mit einer Minimalfrequenz von 9 kHz und einer Maximalfrequenz von 32.000 MHz ist er f\u00fcr eine Vielzahl von HF-Analyseanwendungen geeignet. Das Ger\u00e4t verf\u00fcgt \u00fcber ein Phasenrauschen von -102 dBc\/Hz und eine Analysebandbreite von 150 MHz, was eine detaillierte Signaluntersuchung erm\u00f6glicht. Der Analysator bietet au\u00dferdem einen angezeigten mittleren Rauschpegel (DANL) von -164 dBm\/Hz, der die Erkennung von Signalen mit sehr niedrigem Pegel unterst\u00fctzt. Der Analysator ist als Handger\u00e4t konzipiert, so dass er f\u00fcr den Einsatz vor Ort tragbar ist. Dar\u00fcber hinaus unterst\u00fctzt das MS2090A-0732 die Echtzeit-Spektrumanalyse (RTSA), die eine dynamische Signal\u00fcberwachung und -analyse erm\u00f6glicht. Diese Eigenschaften machen den MS2090A-0732 zu einem vielseitigen Werkzeug f\u00fcr die HF-Spektrumanalyse.<\/p>","protected":false},"excerpt":{"rendered":"<p>High Frequency Handheld RF Spectrum Analyzer 32 GHz<\/p>","protected":false},"featured_media":10228,"comment_status":"closed","ping_status":"closed","template":"","meta":{"_acf_changed":false,"slim_seo":{"title":"MS2090A-0732 - YOTAVIS AG","description":"High Frequency Handheld RF Spectrum Analyzer 32 GHz"}},"product_brand":[758],"product_cat":[523,524],"product_tag":[],"class_list":{"0":"post-9896","1":"product","2":"type-product","3":"status-publish","4":"has-post-thumbnail","6":"product_brand-anritsu","7":"product_cat-analyser","8":"product_cat-signal-spectrum-analyser","9":"pa_analysis-bandwidth-mhz-783","10":"pa_danl-dbm-hz-784","11":"pa_frequency-max-mhz-759","12":"pa_frequency-min-hz-177","13":"pa_handheld-yes","14":"pa_rtsa-yes","16":"first","17":"instock","18":"taxable","19":"shipping-taxable","20":"product-type-simple"},"acf":[],"_links":{"self":[{"href":"https:\/\/yotavis.ch\/de\/wp-json\/wp\/v2\/product\/9896","targetHints":{"allow":["GET"]}}],"collection":[{"href":"https:\/\/yotavis.ch\/de\/wp-json\/wp\/v2\/product"}],"about":[{"href":"https:\/\/yotavis.ch\/de\/wp-json\/wp\/v2\/types\/product"}],"replies":[{"embeddable":true,"href":"https:\/\/yotavis.ch\/de\/wp-json\/wp\/v2\/comments?post=9896"}],"wp:featuredmedia":[{"embeddable":true,"href":"https:\/\/yotavis.ch\/de\/wp-json\/wp\/v2\/media\/10228"}],"wp:attachment":[{"href":"https:\/\/yotavis.ch\/de\/wp-json\/wp\/v2\/media?parent=9896"}],"wp:term":[{"taxonomy":"product_brand","embeddable":true,"href":"https:\/\/yotavis.ch\/de\/wp-json\/wp\/v2\/product_brand?post=9896"},{"taxonomy":"product_cat","embeddable":true,"href":"https:\/\/yotavis.ch\/de\/wp-json\/wp\/v2\/product_cat?post=9896"},{"taxonomy":"product_tag","embeddable":true,"href":"https:\/\/yotavis.ch\/de\/wp-json\/wp\/v2\/product_tag?post=9896"}],"curies":[{"name":"wp","href":"https:\/\/api.w.org\/{rel}","templated":true}]}}