{"id":9897,"date":"2025-10-09T00:00:00","date_gmt":"2025-10-08T22:00:00","guid":{"rendered":"https:\/\/yotavis.ch\/product\/ms2090a-0743\/"},"modified":"2026-04-24T13:37:44","modified_gmt":"2026-04-24T11:37:44","slug":"ms2090a-0743","status":"publish","type":"product","link":"https:\/\/yotavis.ch\/de\/produkt\/ms2090a-0743\/","title":{"rendered":"MS2090A-0743"},"content":{"rendered":"<p>Der MS2090A-0743 von Anritsu ist ein tragbarer Hochfrequenz-HF-Spektrumanalysator, der bis zu einer maximalen Frequenz von 43,5 GHz und einer minimalen Frequenz von 9 kHz arbeiten kann. Er zeichnet sich durch einen Phasenrauschpegel von -102 dBc\/Hz aus, was zur Signalklarheit w\u00e4hrend der Analyse beitr\u00e4gt. Das Ger\u00e4t unterst\u00fctzt eine Analysebandbreite von 150 MHz, was eine detaillierte Untersuchung von Signalspektren innerhalb dieses Bereichs erm\u00f6glicht. Der DANL-Wert (Displayed Average Noise Level) von -164 dBm\/Hz zeigt die Empfindlichkeit des Ger\u00e4ts f\u00fcr schwache Signale an. Dieser Handheld-Spektrumanalysator ist mit Echtzeit-Spektrumanalyse (RTSA) ausgestattet, die es erm\u00f6glicht, transiente Signale effektiv zu erfassen und zu analysieren. Der MS2090A-0743 wurde f\u00fcr den mobilen Einsatz konzipiert und erleichtert Messungen vor Ort, ohne dass sperrige Ger\u00e4te ben\u00f6tigt werden. Seine Kombination aus hohem Frequenzbereich, niedrigem Rauschen und Echtzeitanalyse macht ihn f\u00fcr verschiedene HF-Messanwendungen geeignet.<\/p>","protected":false},"excerpt":{"rendered":"<p>Hochfrequenz-Handger\u00e4t RF-Spektralanalysator 43,5GHz<\/p>","protected":false},"featured_media":10228,"comment_status":"closed","ping_status":"closed","template":"","meta":{"_acf_changed":false,"slim_seo":{"title":"MS2090A-0743 - YOTAVIS AG","description":"Hochfrequenz-Handger\u00e4t RF-Spektralanalysator 43,5GHz"}},"product_brand":[758],"product_cat":[523,524],"product_tag":[],"class_list":{"0":"post-9897","1":"product","2":"type-product","3":"status-publish","4":"has-post-thumbnail","6":"product_brand-anritsu","7":"product_cat-analyser","8":"product_cat-signal-spectrum-analyser","9":"pa_analysis-bandwidth-mhz-783","10":"pa_danl-dbm-hz-784","11":"pa_frequency-max-mhz-785","12":"pa_frequency-min-hz-177","13":"pa_handheld-yes","14":"pa_rtsa-yes","16":"first","17":"instock","18":"taxable","19":"shipping-taxable","20":"product-type-simple"},"acf":[],"_links":{"self":[{"href":"https:\/\/yotavis.ch\/de\/wp-json\/wp\/v2\/product\/9897","targetHints":{"allow":["GET"]}}],"collection":[{"href":"https:\/\/yotavis.ch\/de\/wp-json\/wp\/v2\/product"}],"about":[{"href":"https:\/\/yotavis.ch\/de\/wp-json\/wp\/v2\/types\/product"}],"replies":[{"embeddable":true,"href":"https:\/\/yotavis.ch\/de\/wp-json\/wp\/v2\/comments?post=9897"}],"wp:featuredmedia":[{"embeddable":true,"href":"https:\/\/yotavis.ch\/de\/wp-json\/wp\/v2\/media\/10228"}],"wp:attachment":[{"href":"https:\/\/yotavis.ch\/de\/wp-json\/wp\/v2\/media?parent=9897"}],"wp:term":[{"taxonomy":"product_brand","embeddable":true,"href":"https:\/\/yotavis.ch\/de\/wp-json\/wp\/v2\/product_brand?post=9897"},{"taxonomy":"product_cat","embeddable":true,"href":"https:\/\/yotavis.ch\/de\/wp-json\/wp\/v2\/product_cat?post=9897"},{"taxonomy":"product_tag","embeddable":true,"href":"https:\/\/yotavis.ch\/de\/wp-json\/wp\/v2\/product_tag?post=9897"}],"curies":[{"name":"wp","href":"https:\/\/api.w.org\/{rel}","templated":true}]}}