{"id":9898,"date":"2025-10-09T00:00:00","date_gmt":"2025-10-08T22:00:00","guid":{"rendered":"https:\/\/yotavis.ch\/product\/ms2090a-0754\/"},"modified":"2026-04-24T13:37:44","modified_gmt":"2026-04-24T11:37:44","slug":"ms2090a-0754","status":"publish","type":"product","link":"https:\/\/yotavis.ch\/de\/produkt\/ms2090a-0754\/","title":{"rendered":"MS2090A-0754"},"content":{"rendered":"<p>Der MS2090A-0754 ist ein tragbarer Hochfrequenz-HF-Spektrumanalysator von Anritsu, der in einem Frequenzbereich von 9 kHz bis 54 GHz arbeitet. Er zeichnet sich durch ein Phasenrauschen von -102 dBc\/Hz aus, was zu seinen F\u00e4higkeiten bei der Signalanalyse beitr\u00e4gt. Das Ger\u00e4t unterst\u00fctzt eine Analysebandbreite von 150 MHz und erm\u00f6glicht so eine detaillierte Untersuchung der Signaleigenschaften. Es verf\u00fcgt \u00fcber eine Echtzeit-Spektrumanalysator-Funktion (RTSA), die die F\u00e4higkeit zur Erfassung und Analyse transienter Signale verbessert. Das Grundrauschen wird durch einen DANL-Wert von -164 dBm\/Hz angezeigt, der einen Einblick in die Empfindlichkeit des Ger\u00e4ts gibt. Dieses Handmessger\u00e4t ist f\u00fcr den Einsatz vor Ort geeignet und bietet Tragbarkeit ohne Leistungseinbu\u00dfen. Sein Design unterst\u00fctzt einen breiten Frequenzbereich, so dass es f\u00fcr verschiedene Hochfrequenzmessaufgaben geeignet ist.<\/p>","protected":false},"excerpt":{"rendered":"<p>Hochfrequenz-Handheld-RF-Spektrumanalysator 54GHz<\/p>","protected":false},"featured_media":10228,"comment_status":"closed","ping_status":"closed","template":"","meta":{"_acf_changed":false,"slim_seo":{"title":"MS2090A-0754 - YOTAVIS AG","description":"Hochfrequenz-Handheld-RF-Spektrumanalysator 54GHz"}},"product_brand":[758],"product_cat":[523,524],"product_tag":[],"class_list":{"0":"post-9898","1":"product","2":"type-product","3":"status-publish","4":"has-post-thumbnail","6":"product_brand-anritsu","7":"product_cat-analyser","8":"product_cat-signal-spectrum-analyser","9":"pa_analysis-bandwidth-mhz-783","10":"pa_danl-dbm-hz-784","11":"pa_frequency-max-mhz-786","12":"pa_frequency-min-hz-177","13":"pa_handheld-yes","14":"pa_rtsa-yes","16":"first","17":"instock","18":"taxable","19":"shipping-taxable","20":"product-type-simple"},"acf":[],"_links":{"self":[{"href":"https:\/\/yotavis.ch\/de\/wp-json\/wp\/v2\/product\/9898","targetHints":{"allow":["GET"]}}],"collection":[{"href":"https:\/\/yotavis.ch\/de\/wp-json\/wp\/v2\/product"}],"about":[{"href":"https:\/\/yotavis.ch\/de\/wp-json\/wp\/v2\/types\/product"}],"replies":[{"embeddable":true,"href":"https:\/\/yotavis.ch\/de\/wp-json\/wp\/v2\/comments?post=9898"}],"wp:featuredmedia":[{"embeddable":true,"href":"https:\/\/yotavis.ch\/de\/wp-json\/wp\/v2\/media\/10228"}],"wp:attachment":[{"href":"https:\/\/yotavis.ch\/de\/wp-json\/wp\/v2\/media?parent=9898"}],"wp:term":[{"taxonomy":"product_brand","embeddable":true,"href":"https:\/\/yotavis.ch\/de\/wp-json\/wp\/v2\/product_brand?post=9898"},{"taxonomy":"product_cat","embeddable":true,"href":"https:\/\/yotavis.ch\/de\/wp-json\/wp\/v2\/product_cat?post=9898"},{"taxonomy":"product_tag","embeddable":true,"href":"https:\/\/yotavis.ch\/de\/wp-json\/wp\/v2\/product_tag?post=9898"}],"curies":[{"name":"wp","href":"https:\/\/api.w.org\/{rel}","templated":true}]}}