{"id":9899,"date":"2025-10-09T00:00:00","date_gmt":"2025-10-08T22:00:00","guid":{"rendered":"https:\/\/yotavis.ch\/product\/ms2760a-0032\/"},"modified":"2026-04-24T13:37:44","modified_gmt":"2026-04-24T11:37:44","slug":"ms2760a-0032","status":"publish","type":"product","link":"https:\/\/yotavis.ch\/de\/produkt\/ms2760a-0032\/","title":{"rendered":"MS2760A-0032"},"content":{"rendered":"<p>Der Anritsu MS2760A-0032 ist ein ultraportabler Spektrumanalysator, der f\u00fcr den Betrieb in einem Frequenzbereich von 9 kHz bis 32 GHz ausgelegt ist. Er zeichnet sich durch ein Phasenrauschen von -110 dBc\/Hz aus, was f\u00fcr Anwendungen, die eine pr\u00e4zise Signalanalyse erfordern, entscheidend ist. Das Ger\u00e4t bietet eine Analysebandbreite von 3 MHz, was eine detaillierte Untersuchung von Signalkomponenten innerhalb dieses Bereichs erm\u00f6glicht. Der angezeigte mittlere Rauschpegel (DANL) liegt bei -131 dBm\/Hz, was auf die Empfindlichkeit des Ger\u00e4ts bei der Erkennung von Signalen mit niedrigem Pegel hinweist. Obwohl das MS2760A-0032 nicht tragbar ist, bietet es eine kompakte L\u00f6sung f\u00fcr die Anforderungen der Spektrumanalyse. Die maximale Frequenzkapazit\u00e4t reicht bis zu 32.000 MHz, wodurch es sich f\u00fcr eine Vielzahl von Hochfrequenzanwendungen eignet. Dieses Modell enth\u00e4lt keine Echtzeit-Spektrumanalyse (RTSA).<\/p>","protected":false},"excerpt":{"rendered":"<p>Ultraportabler Spektralanalysator 32GHz<\/p>","protected":false},"featured_media":10235,"comment_status":"closed","ping_status":"closed","template":"","meta":{"_acf_changed":false,"slim_seo":{"title":"MS2760A-0032 - YOTAVIS AG","description":"Ultraportabler Spektralanalysator 32GHz"}},"product_brand":[758],"product_cat":[523,524],"product_tag":[],"class_list":{"0":"post-9899","1":"product","2":"type-product","3":"status-publish","4":"has-post-thumbnail","6":"product_brand-anritsu","7":"product_cat-analyser","8":"product_cat-signal-spectrum-analyser","9":"pa_analysis-bandwidth-mhz-191","10":"pa_danl-dbm-hz-787","11":"pa_frequency-max-mhz-759","12":"pa_frequency-min-hz-177","13":"pa_handheld-no","14":"pa_rtsa-no","16":"first","17":"instock","18":"taxable","19":"shipping-taxable","20":"product-type-simple"},"acf":[],"_links":{"self":[{"href":"https:\/\/yotavis.ch\/de\/wp-json\/wp\/v2\/product\/9899","targetHints":{"allow":["GET"]}}],"collection":[{"href":"https:\/\/yotavis.ch\/de\/wp-json\/wp\/v2\/product"}],"about":[{"href":"https:\/\/yotavis.ch\/de\/wp-json\/wp\/v2\/types\/product"}],"replies":[{"embeddable":true,"href":"https:\/\/yotavis.ch\/de\/wp-json\/wp\/v2\/comments?post=9899"}],"wp:featuredmedia":[{"embeddable":true,"href":"https:\/\/yotavis.ch\/de\/wp-json\/wp\/v2\/media\/10235"}],"wp:attachment":[{"href":"https:\/\/yotavis.ch\/de\/wp-json\/wp\/v2\/media?parent=9899"}],"wp:term":[{"taxonomy":"product_brand","embeddable":true,"href":"https:\/\/yotavis.ch\/de\/wp-json\/wp\/v2\/product_brand?post=9899"},{"taxonomy":"product_cat","embeddable":true,"href":"https:\/\/yotavis.ch\/de\/wp-json\/wp\/v2\/product_cat?post=9899"},{"taxonomy":"product_tag","embeddable":true,"href":"https:\/\/yotavis.ch\/de\/wp-json\/wp\/v2\/product_tag?post=9899"}],"curies":[{"name":"wp","href":"https:\/\/api.w.org\/{rel}","templated":true}]}}