{"id":9901,"date":"2025-10-09T00:00:00","date_gmt":"2025-10-08T22:00:00","guid":{"rendered":"https:\/\/yotavis.ch\/product\/ms2760a-0050\/"},"modified":"2026-04-24T13:37:45","modified_gmt":"2026-04-24T11:37:45","slug":"ms2760a-0050","status":"publish","type":"product","link":"https:\/\/yotavis.ch\/de\/produkt\/ms2760a-0050\/","title":{"rendered":"MS2760A-0050"},"content":{"rendered":"<p>Der Anritsu MS2760A-0050 ist ein ultraportabler Spektrumanalysator, der f\u00fcr den Betrieb in einem Frequenzbereich von 9 kHz bis 50 GHz ausgelegt ist. Er zeichnet sich durch ein Phasenrauschen von -110 dBc\/Hz aus, das eine pr\u00e4zise Signalanalyse gew\u00e4hrleistet. Das Ger\u00e4t bietet eine Analysebandbreite von 3 MHz, die eine detaillierte Untersuchung von Signalkomponenten erm\u00f6glicht. Der angezeigte mittlere Rauschpegel (DANL) liegt bei -128 dBm\/Hz, was zu seiner Empfindlichkeit bei der Erkennung schwacher Signale beitr\u00e4gt. Dieser Spektrumanalysator ist nicht handgehalten, sondern f\u00fcr den Tisch- oder Festinstallationsbetrieb vorgesehen. Die maximale Frequenzkapazit\u00e4t reicht bis zu 50.000 MHz und deckt damit ein breites Spektrum an Hochfrequenzanwendungen ab. Der MS2760A-0050 verf\u00fcgt nicht \u00fcber eine Echtzeit-Spektrumanalyse (RTSA).<\/p>","protected":false},"excerpt":{"rendered":"<p>Ultraportable Spectrum Analyser 50GHz<\/p>","protected":false},"featured_media":10235,"comment_status":"closed","ping_status":"closed","template":"","meta":{"_acf_changed":false,"slim_seo":{"title":"MS2760A-0050 - YOTAVIS AG","description":"Ultraportable Spectrum Analyser 50GHz"}},"product_brand":[758],"product_cat":[523,524],"product_tag":[],"class_list":{"0":"post-9901","1":"product","2":"type-product","3":"status-publish","4":"has-post-thumbnail","6":"product_brand-anritsu","7":"product_cat-analyser","8":"product_cat-signal-spectrum-analyser","9":"pa_analysis-bandwidth-mhz-191","10":"pa_danl-dbm-hz-790","11":"pa_frequency-max-mhz-789","12":"pa_frequency-min-hz-177","13":"pa_handheld-no","14":"pa_rtsa-no","16":"first","17":"instock","18":"taxable","19":"shipping-taxable","20":"product-type-simple"},"acf":[],"_links":{"self":[{"href":"https:\/\/yotavis.ch\/de\/wp-json\/wp\/v2\/product\/9901","targetHints":{"allow":["GET"]}}],"collection":[{"href":"https:\/\/yotavis.ch\/de\/wp-json\/wp\/v2\/product"}],"about":[{"href":"https:\/\/yotavis.ch\/de\/wp-json\/wp\/v2\/types\/product"}],"replies":[{"embeddable":true,"href":"https:\/\/yotavis.ch\/de\/wp-json\/wp\/v2\/comments?post=9901"}],"wp:featuredmedia":[{"embeddable":true,"href":"https:\/\/yotavis.ch\/de\/wp-json\/wp\/v2\/media\/10235"}],"wp:attachment":[{"href":"https:\/\/yotavis.ch\/de\/wp-json\/wp\/v2\/media?parent=9901"}],"wp:term":[{"taxonomy":"product_brand","embeddable":true,"href":"https:\/\/yotavis.ch\/de\/wp-json\/wp\/v2\/product_brand?post=9901"},{"taxonomy":"product_cat","embeddable":true,"href":"https:\/\/yotavis.ch\/de\/wp-json\/wp\/v2\/product_cat?post=9901"},{"taxonomy":"product_tag","embeddable":true,"href":"https:\/\/yotavis.ch\/de\/wp-json\/wp\/v2\/product_tag?post=9901"}],"curies":[{"name":"wp","href":"https:\/\/api.w.org\/{rel}","templated":true}]}}