{"id":9903,"date":"2025-10-09T00:00:00","date_gmt":"2025-10-08T22:00:00","guid":{"rendered":"https:\/\/yotavis.ch\/product\/ms2760a-0090\/"},"modified":"2026-04-24T13:37:46","modified_gmt":"2026-04-24T11:37:46","slug":"ms2760a-0090","status":"publish","type":"product","link":"https:\/\/yotavis.ch\/de\/produkt\/ms2760a-0090\/","title":{"rendered":"MS2760A-0090"},"content":{"rendered":"<p>Der MS2760A-0090 von Anritsu ist ein ultraportabler Spektrumanalysator, der f\u00fcr den Betrieb in einem Frequenzbereich von 9 kHz bis 90 GHz ausgelegt ist. Er zeichnet sich durch ein Phasenrauschen von -110 dBc\/Hz aus, was f\u00fcr Anwendungen, die eine pr\u00e4zise Signalanalyse erfordern, entscheidend ist. Das Ger\u00e4t bietet eine Analysebandbreite von 3 MHz, was eine detaillierte Untersuchung von Signalkomponenten innerhalb dieses Bereichs erm\u00f6glicht. Sein angezeigter mittlerer Rauschpegel (DANL) liegt bei -127 dBm\/Hz, was seine Empfindlichkeit gegen\u00fcber schwachen Signalen verdeutlicht. Dieser Spektrumanalysator ist nicht handgehalten, sondern f\u00fcr den Einsatz in einer station\u00e4ren oder Tischaufstellung vorgesehen. Der MS2760A-0090 bietet keine Echtzeit-Spektrumanalyse (RTSA). Aufgrund dieser Spezifikationen eignet er sich f\u00fcr die Pr\u00fcfung von Hochfrequenzsignalen und f\u00fcr Messaufgaben, bei denen es auf Genauigkeit und Empfindlichkeit ankommt.<\/p>","protected":false},"excerpt":{"rendered":"<p>Ultraportable Spectrum Analyser 90GHz<\/p>","protected":false},"featured_media":10235,"comment_status":"closed","ping_status":"closed","template":"","meta":{"_acf_changed":false,"slim_seo":{"title":"MS2760A-0090 - YOTAVIS AG","description":"Ultraportable Spectrum Analyser 90GHz"}},"product_brand":[758],"product_cat":[523,524],"product_tag":[],"class_list":{"0":"post-9903","1":"product","2":"type-product","3":"status-publish","4":"has-post-thumbnail","6":"product_brand-anritsu","7":"product_cat-analyser","8":"product_cat-signal-spectrum-analyser","9":"pa_analysis-bandwidth-mhz-191","10":"pa_danl-dbm-hz-793","11":"pa_frequency-max-mhz-792","12":"pa_frequency-min-hz-177","13":"pa_handheld-no","14":"pa_rtsa-no","16":"first","17":"instock","18":"taxable","19":"shipping-taxable","20":"product-type-simple"},"acf":[],"_links":{"self":[{"href":"https:\/\/yotavis.ch\/de\/wp-json\/wp\/v2\/product\/9903","targetHints":{"allow":["GET"]}}],"collection":[{"href":"https:\/\/yotavis.ch\/de\/wp-json\/wp\/v2\/product"}],"about":[{"href":"https:\/\/yotavis.ch\/de\/wp-json\/wp\/v2\/types\/product"}],"replies":[{"embeddable":true,"href":"https:\/\/yotavis.ch\/de\/wp-json\/wp\/v2\/comments?post=9903"}],"wp:featuredmedia":[{"embeddable":true,"href":"https:\/\/yotavis.ch\/de\/wp-json\/wp\/v2\/media\/10235"}],"wp:attachment":[{"href":"https:\/\/yotavis.ch\/de\/wp-json\/wp\/v2\/media?parent=9903"}],"wp:term":[{"taxonomy":"product_brand","embeddable":true,"href":"https:\/\/yotavis.ch\/de\/wp-json\/wp\/v2\/product_brand?post=9903"},{"taxonomy":"product_cat","embeddable":true,"href":"https:\/\/yotavis.ch\/de\/wp-json\/wp\/v2\/product_cat?post=9903"},{"taxonomy":"product_tag","embeddable":true,"href":"https:\/\/yotavis.ch\/de\/wp-json\/wp\/v2\/product_tag?post=9903"}],"curies":[{"name":"wp","href":"https:\/\/api.w.org\/{rel}","templated":true}]}}