{"id":9904,"date":"2025-10-09T00:00:00","date_gmt":"2025-10-08T22:00:00","guid":{"rendered":"https:\/\/yotavis.ch\/product\/ms2760a-0110\/"},"modified":"2026-04-24T13:37:46","modified_gmt":"2026-04-24T11:37:46","slug":"ms2760a-0110","status":"publish","type":"product","link":"https:\/\/yotavis.ch\/de\/produkt\/ms2760a-0110\/","title":{"rendered":"MS2760A-0110"},"content":{"rendered":"<p>Der Anritsu MS2760A-0110 Ultraportable Spectrum Analyser arbeitet mit einer maximalen Frequenz von 110.000 MHz und einer minimalen Frequenz von 9.000 Hz und bietet damit einen gro\u00dfen Bereich f\u00fcr die Signalanalyse. Der Phasenrauschpegel betr\u00e4gt -110 dBc\/Hz, was zur Pr\u00e4zision der Frequenzmessungen beitr\u00e4gt. Das Ger\u00e4t bietet eine Analysebandbreite von 3 MHz, was eine detaillierte Untersuchung von Signalkomponenten innerhalb dieses Bereichs erm\u00f6glicht. Sein angezeigter mittlerer Rauschpegel (DANL) liegt bei -123 dBm\/Hz, was auf seine Empfindlichkeit gegen\u00fcber schwachen Signalen hinweist. Obwohl der Analysator nicht tragbar ist, wurde er so konzipiert, dass er sich f\u00fcr verschiedene Pr\u00fcfumgebungen eignet. Der MS2760A-0110 bietet keine Echtzeit-Spektrumanalyse (RTSA). Dieser Spektrumanalysator ist mit seinen spezifizierten technischen Parametern f\u00fcr komplexe Signalanalyseaufgaben ger\u00fcstet und ist Teil der Produktpalette von Anritsu.<\/p>","protected":false},"excerpt":{"rendered":"<p>Ultraportabler Spektralanalysator 110GHz<\/p>","protected":false},"featured_media":10235,"comment_status":"closed","ping_status":"closed","template":"","meta":{"_acf_changed":false,"slim_seo":{"title":"MS2760A-0110 - YOTAVIS AG","description":"Ultraportabler Spektralanalysator 110GHz"}},"product_brand":[758],"product_cat":[523,524],"product_tag":[],"class_list":{"0":"post-9904","1":"product","2":"type-product","3":"status-publish","4":"has-post-thumbnail","6":"product_brand-anritsu","7":"product_cat-analyser","8":"product_cat-signal-spectrum-analyser","9":"pa_analysis-bandwidth-mhz-191","10":"pa_danl-dbm-hz-795","11":"pa_frequency-max-mhz-794","12":"pa_frequency-min-hz-177","13":"pa_handheld-no","14":"pa_rtsa-no","16":"first","17":"instock","18":"taxable","19":"shipping-taxable","20":"product-type-simple"},"acf":[],"_links":{"self":[{"href":"https:\/\/yotavis.ch\/de\/wp-json\/wp\/v2\/product\/9904","targetHints":{"allow":["GET"]}}],"collection":[{"href":"https:\/\/yotavis.ch\/de\/wp-json\/wp\/v2\/product"}],"about":[{"href":"https:\/\/yotavis.ch\/de\/wp-json\/wp\/v2\/types\/product"}],"replies":[{"embeddable":true,"href":"https:\/\/yotavis.ch\/de\/wp-json\/wp\/v2\/comments?post=9904"}],"wp:featuredmedia":[{"embeddable":true,"href":"https:\/\/yotavis.ch\/de\/wp-json\/wp\/v2\/media\/10235"}],"wp:attachment":[{"href":"https:\/\/yotavis.ch\/de\/wp-json\/wp\/v2\/media?parent=9904"}],"wp:term":[{"taxonomy":"product_brand","embeddable":true,"href":"https:\/\/yotavis.ch\/de\/wp-json\/wp\/v2\/product_brand?post=9904"},{"taxonomy":"product_cat","embeddable":true,"href":"https:\/\/yotavis.ch\/de\/wp-json\/wp\/v2\/product_cat?post=9904"},{"taxonomy":"product_tag","embeddable":true,"href":"https:\/\/yotavis.ch\/de\/wp-json\/wp\/v2\/product_tag?post=9904"}],"curies":[{"name":"wp","href":"https:\/\/api.w.org\/{rel}","templated":true}]}}