{"id":9905,"date":"2025-10-09T00:00:00","date_gmt":"2025-10-08T22:00:00","guid":{"rendered":"https:\/\/yotavis.ch\/product\/ms2760a-0145\/"},"modified":"2026-04-24T13:37:48","modified_gmt":"2026-04-24T11:37:48","slug":"ms2760a-0145","status":"publish","type":"product","link":"https:\/\/yotavis.ch\/de\/produkt\/ms2760a-0145\/","title":{"rendered":"MS2760A-0145"},"content":{"rendered":"<p>Der MS2760A-0145 Ultraportable Spectrum Analyser von Anritsu arbeitet in einem Frequenzbereich von 9 kHz bis 145 GHz und eignet sich damit f\u00fcr eine Vielzahl von Hochfrequenz-Messanwendungen. Die Spezifikation des Phasenrauschens von -110 dBc\/Hz zeigt, dass das Ger\u00e4t in der Lage ist, die Signalintegrit\u00e4t w\u00e4hrend der Analyse zu erhalten. Das Ger\u00e4t bietet eine Analysebandbreite von 3 MHz, was eine detaillierte Untersuchung von Signalkomponenten innerhalb dieses Bereichs erm\u00f6glicht. Der angezeigte mittlere Rauschpegel (DANL) betr\u00e4gt -112 dBm\/Hz und gibt Aufschluss \u00fcber die Empfindlichkeit und das Grundrauschen des Ger\u00e4ts. Obwohl es sich nicht um ein Handger\u00e4t handelt, ist der Analysator so konzipiert, dass er ultraportabel ist, was die Verwendung in verschiedenen Umgebungen erleichtert. Der MS2760A-0145 bietet keine Echtzeit-Spektrumanalyse (RTSA). Dieser Spektrumanalysator wurde entwickelt, um pr\u00e4zise und zuverl\u00e4ssige Messungen \u00fcber ein breites Frequenzspektrum hinweg zu unterst\u00fctzen, was ihn zu einem vielseitigen Werkzeug f\u00fcr Fachleute macht, die mit Mikrowellen- und Millimeterwellensignalen arbeiten.<\/p>","protected":false},"excerpt":{"rendered":"<p>Ultraportabler Spektralanalysator 145GHz<\/p>","protected":false},"featured_media":10235,"comment_status":"closed","ping_status":"closed","template":"","meta":{"_acf_changed":false,"slim_seo":{"title":"MS2760A-0145 - YOTAVIS AG","description":"Ultraportabler Spektralanalysator 145GHz"}},"product_brand":[758],"product_cat":[523,524],"product_tag":[],"class_list":{"0":"post-9905","1":"product","2":"type-product","3":"status-publish","4":"has-post-thumbnail","6":"product_brand-anritsu","7":"product_cat-analyser","8":"product_cat-signal-spectrum-analyser","9":"pa_analysis-bandwidth-mhz-191","10":"pa_danl-dbm-hz-797","11":"pa_frequency-max-mhz-796","12":"pa_frequency-min-hz-177","13":"pa_handheld-no","14":"pa_rtsa-no","16":"first","17":"instock","18":"taxable","19":"shipping-taxable","20":"product-type-simple"},"acf":[],"_links":{"self":[{"href":"https:\/\/yotavis.ch\/de\/wp-json\/wp\/v2\/product\/9905","targetHints":{"allow":["GET"]}}],"collection":[{"href":"https:\/\/yotavis.ch\/de\/wp-json\/wp\/v2\/product"}],"about":[{"href":"https:\/\/yotavis.ch\/de\/wp-json\/wp\/v2\/types\/product"}],"replies":[{"embeddable":true,"href":"https:\/\/yotavis.ch\/de\/wp-json\/wp\/v2\/comments?post=9905"}],"wp:featuredmedia":[{"embeddable":true,"href":"https:\/\/yotavis.ch\/de\/wp-json\/wp\/v2\/media\/10235"}],"wp:attachment":[{"href":"https:\/\/yotavis.ch\/de\/wp-json\/wp\/v2\/media?parent=9905"}],"wp:term":[{"taxonomy":"product_brand","embeddable":true,"href":"https:\/\/yotavis.ch\/de\/wp-json\/wp\/v2\/product_brand?post=9905"},{"taxonomy":"product_cat","embeddable":true,"href":"https:\/\/yotavis.ch\/de\/wp-json\/wp\/v2\/product_cat?post=9905"},{"taxonomy":"product_tag","embeddable":true,"href":"https:\/\/yotavis.ch\/de\/wp-json\/wp\/v2\/product_tag?post=9905"}],"curies":[{"name":"wp","href":"https:\/\/api.w.org\/{rel}","templated":true}]}}