{"id":9906,"date":"2025-10-09T00:00:00","date_gmt":"2025-10-08T22:00:00","guid":{"rendered":"https:\/\/yotavis.ch\/product\/ms2760a-0170\/"},"modified":"2026-04-24T13:37:49","modified_gmt":"2026-04-24T11:37:49","slug":"ms2760a-0170","status":"publish","type":"product","link":"https:\/\/yotavis.ch\/de\/produkt\/ms2760a-0170\/","title":{"rendered":"MS2760A-0170"},"content":{"rendered":"<p>Der MS2760A-0170 Ultraportable Spectrum Analyser von Anritsu arbeitet in einem Frequenzbereich von 9 kHz bis 170 GHz und bietet damit eine umfassende Abdeckung f\u00fcr verschiedene Signalanalyseanwendungen. Die Spezifikation des Phasenrauschens von -110 dBc\/Hz ist entscheidend f\u00fcr die Beurteilung der Signalreinheit und -stabilit\u00e4t. Das Ger\u00e4t bietet eine Analysebandbreite von 3 MHz, was eine detaillierte Untersuchung von Signalkomponenten innerhalb dieses Bereichs erm\u00f6glicht. Der angezeigte mittlere Rauschpegel (DANL) liegt bei -107 dBm\/Hz, was auf die Empfindlichkeit des Ger\u00e4ts bei der Erkennung von Signalen mit niedrigem Pegel hinweist. Obwohl es sich nicht um ein Handger\u00e4t handelt, ist der Analysator auf Tragbarkeit ausgelegt, so dass er in verschiedenen Umgebungen eingesetzt werden kann. Der MS2760A-0170 verf\u00fcgt nicht \u00fcber Echtzeit-Spektrumanalyse (RTSA). Dieses Modell wurde entwickelt, um pr\u00e4zise und zuverl\u00e4ssige Spektrumsmessungen \u00fcber ein breites Frequenzspektrum hinweg zu unterst\u00fctzen und so fortgeschrittenen Pr\u00fcf- und Diagnoseanforderungen gerecht zu werden.<\/p>","protected":false},"excerpt":{"rendered":"<p>Ultraportabler Spektralanalysator 170 GHz<\/p>","protected":false},"featured_media":10235,"comment_status":"closed","ping_status":"closed","template":"","meta":{"_acf_changed":false,"slim_seo":{"title":"MS2760A-0170 - YOTAVIS AG","description":"Ultraportabler Spektralanalysator 170 GHz"}},"product_brand":[758],"product_cat":[523,524],"product_tag":[],"class_list":{"0":"post-9906","1":"product","2":"type-product","3":"status-publish","4":"has-post-thumbnail","6":"product_brand-anritsu","7":"product_cat-analyser","8":"product_cat-signal-spectrum-analyser","9":"pa_analysis-bandwidth-mhz-191","10":"pa_danl-dbm-hz-799","11":"pa_frequency-max-mhz-798","12":"pa_frequency-min-hz-177","13":"pa_handheld-no","14":"pa_rtsa-no","16":"first","17":"instock","18":"taxable","19":"shipping-taxable","20":"product-type-simple"},"acf":[],"_links":{"self":[{"href":"https:\/\/yotavis.ch\/de\/wp-json\/wp\/v2\/product\/9906","targetHints":{"allow":["GET"]}}],"collection":[{"href":"https:\/\/yotavis.ch\/de\/wp-json\/wp\/v2\/product"}],"about":[{"href":"https:\/\/yotavis.ch\/de\/wp-json\/wp\/v2\/types\/product"}],"replies":[{"embeddable":true,"href":"https:\/\/yotavis.ch\/de\/wp-json\/wp\/v2\/comments?post=9906"}],"wp:featuredmedia":[{"embeddable":true,"href":"https:\/\/yotavis.ch\/de\/wp-json\/wp\/v2\/media\/10235"}],"wp:attachment":[{"href":"https:\/\/yotavis.ch\/de\/wp-json\/wp\/v2\/media?parent=9906"}],"wp:term":[{"taxonomy":"product_brand","embeddable":true,"href":"https:\/\/yotavis.ch\/de\/wp-json\/wp\/v2\/product_brand?post=9906"},{"taxonomy":"product_cat","embeddable":true,"href":"https:\/\/yotavis.ch\/de\/wp-json\/wp\/v2\/product_cat?post=9906"},{"taxonomy":"product_tag","embeddable":true,"href":"https:\/\/yotavis.ch\/de\/wp-json\/wp\/v2\/product_tag?post=9906"}],"curies":[{"name":"wp","href":"https:\/\/api.w.org\/{rel}","templated":true}]}}